{"id":1422,"date":"2025-11-25T06:03:05","date_gmt":"2025-11-25T06:03:05","guid":{"rendered":"https:\/\/spinsaharaonline.org\/app-2\/"},"modified":"2025-11-25T08:45:09","modified_gmt":"2025-11-25T08:45:09","slug":"app","status":"publish","type":"page","link":"https:\/\/spinsaharaonline.org\/de\/app\/","title":{"rendered":"App"},"content":{"rendered":"<h1>Spinsahara Casino mobile App<\/h1>\n<p>Wenn Sie nicht immer an Ihrem Computer sitzen k\u00f6nnen, um Ihre Lieblingsspiele zu spielen, sollten Sie die Spinsahara App ausprobieren. Diese praktische mobile Software verf\u00fcgt \u00fcber ein anpassungsf\u00e4higes Design, das auf allen modernen Android- und iOS-Ger\u00e4ten funktioniert. Nach der Anmeldung oder Registrierung erhalten Sie Zugriff auf die gesamte Spielesammlung, Werbeaktionen, Turniere und alle anderen Funktionen. Mehr als 80 % unserer Nutzer bevorzugen es, in der Spinsahara App auf ihrem Mobiltelefon zu spielen.<\/p>\n<div class=\"banner-wrap\" aria-label=\"Banner\"><img src=\"https:\/\/spinsaharaonline.org\/wp-content\/uploads\/2025\/11\/Spinsahara-banner-carousel-932\u0445400-12.webp\" class=\"w-100 d-none d-lg-block img-pc main-banner-img\" alt=\"Spinsahara banner desktop\" fetchpriority=\"high\" decoding=\"async\"><img src=\"https:\/\/spinsaharaonline.org\/wp-content\/uploads\/2025\/12\/Frame-35.webp\" class=\"w-100 d-none d-md-block d-lg-none main-banner-img\" alt=\"Spinsahara banner mobile\" fetchpriority=\"high\" decoding=\"async\"><img src=\"https:\/\/spinsaharaonline.org\/wp-content\/uploads\/2025\/12\/Frame-35.webp\" class=\"w-100 d-md-none\" alt=\"Spinsahara banner mobile\" fetchpriority=\"high\" decoding=\"async\"><div class=\"banner-description\">\n<div class=\"banner-title\">Willkommensboni<\/div>\n<p class=\"banner-header-title\">1500 \u20ac<\/p>\n<div class=\"banner-header-AdditionalText\">+ 250 Freispiele<\/div>\n<button data-item=\"homepage_banner_link\" class=\"goto m-button m-gradient-border m-button--primary m-button--large banner-button btn-orange\">\n            <div class=\"m-button-content\">\n                <span>Jetzt anmelden<\/span>\n                <span><\/span>\n            <\/div>\n        <\/button>\n<\/div>\n<div class=\"WelcomePack\">\n<p><img loading=\"lazy\" decoding=\"async\" class=\"alignnone size-full wp-image-1339\" src=\"https:\/\/spinsaharaonline.org\/wp-content\/uploads\/2025\/11\/welcome-crown.svg\" alt=\"crown\" width=\"25\" height=\"26\" \/><\/p>\n<div class=\"WelcomePack-Info\">W\u00f6chentlicher Cashback von bis zu 25 %<\/div>\n<p><img loading=\"lazy\" decoding=\"async\" class=\"alignnone size-full wp-image-1339\" src=\"https:\/\/spinsaharaonline.org\/wp-content\/uploads\/2025\/11\/welcome-crown.svg\" alt=\"crown\" width=\"25\" height=\"26\" \/><\/p>\n<\/div>\n<\/div>\n<h2>Vorteile des mobilen Zugriffs auf Spinsahara<\/h2>\n<p>Nutzer w\u00e4hlen mobile Software f\u00fcr ihre Hobbys und Unterhaltung, um auch unterwegs online zu bleiben. Schlie\u00dflich m\u00f6chte niemand durch den Aufenthalt zu Hause oder die Nutzung eines Computers eingeschr\u00e4nkt sein. Aus diesem Grund haben wir die Spinsahara App f\u00fcr Android und iOS entwickelt. Sie entspricht der Desktop-Version, ist jedoch perfekt an Touchscreen-Ger\u00e4te angepasst.<\/p>\n<p>Wenn Sie bereits ein Konto bei Spin Sahara Casino haben, m\u00fcssen Sie sich nur anmelden, und alle Ihre pers\u00f6nlichen Daten und Ihr Spielfortschritt werden zwischen den Ger\u00e4ten synchronisiert. Wenn Sie gerade erst Ihre Reise im mobilen Casino beginnen, steht das Anmeldeformular jedem auf jedem Ger\u00e4t zur Verf\u00fcgung.<\/p>\n<p>Die Spinsahara App bietet Ihnen Zugriff auf alle \u00fcber 6.000 Titel, darunter Online-Slots, Tischspiele, Live-Casino-Optionen und vieles mehr. Wir garantieren Ihnen, dass Ihr Spielerlebnis mit der mobilen Version noch besser wird.<\/p>\n<table>\n<tbody>\n<tr>\n<td>Funktion<\/td>\n<td>Details<\/td>\n<td>Vorteil f\u00fcr den Spieler<\/td>\n<\/tr>\n<tr>\n<td>Offline-Zugriff<\/td>\n<td>Benutzer k\u00f6nnen bestimmte Spiele spielen und Bereiche durchsuchen, auch ohne Internetverbindung.<\/td>\n<td>Sie werden in jeder Situation unterhalten werden.<\/td>\n<\/tr>\n<tr>\n<td>Push-Benachrichtigungen<\/td>\n<td>Sie erhalten sofortige Updates zu Boni oder Turnieren.<\/td>\n<td>Spieler verpassen niemals Werbeaktionen oder zeitlich begrenzte Angebote.<\/td>\n<\/tr>\n<tr>\n<td>Zum Startbildschirm hinzuf\u00fcgen<\/td>\n<td>Benutzer sollten die Software von Spin Sahara Casino direkt \u00fcber ihren Browser installieren.<\/td>\n<td>Sie erhalten schnellen Zugriff, ohne die Software aus dem App Store herunterladen zu m\u00fcssen.<\/td>\n<\/tr>\n<tr>\n<td>Schnelles Laden<\/td>\n<td>Es verf\u00fcgt \u00fcber optimiertes Caching und ein schlankes Design.<\/td>\n<td>Die Software bietet auch in langsameren Netzwerken eine reibungslose Benutzererfahrung.<\/td>\n<\/tr>\n<\/tbody>\n<\/table>\n<p><div style=\"clear: both\"><\/div><div class=\"d-flex justify-content-center\"><button data-item=\"decouvrez_link\" data-group=\"website_links\" class=\"goto fw-bold rounded-pill btn btn-orange\" aria-label=\"Laden Sie die Spinsahara-App herunter\" >Laden Sie die Spinsahara-App herunter<\/button><\/div><div class=\"scrollable-content-wrap my-5\"><div class=\"scrollable-content-inner\"><h2>Holen Sie sich die Android Version<\/h2>\n<p>Android-Nutzer von Spinsahara Casino k\u00f6nnen die mobile App jetzt direkt von unserer Website installieren. Aufgrund der Einschr\u00e4nkungen des Google Play Store f\u00fcr Gl\u00fccksspiel-Apps k\u00f6nnen Sie diese nicht von dort herunterladen. Wir bieten Ihnen jedoch eine progressive Webanwendung, die regelm\u00e4\u00dfig \u00fcberpr\u00fcft wird und absolut sicher ist. Sie m\u00fcssen keine Spinsahara APK-Dateien herunterladen, da diese den Speicher Ihres Telefons belasten und ihm schaden w\u00fcrden.<\/p>\n<p>Um die Spinsahara-App schnell und problemlos zu installieren, befolgen Sie bitte die folgenden Anweisungen:<\/p>\n<ol>\n<li>Gehen Sie auf unserer Website zum Fu\u00dfbereich der Seite.<\/li>\n<li>Klicken Sie auf die Schaltfl\u00e4che \u201eCasino App\u201c. Nach diesem Schritt wird die Installation automatisch gestartet.<\/li>\n<li>Nach Abschluss des Installationsvorgangs wird das Marken-Symbol auf Ihrem Startbildschirm angezeigt.<\/li>\n<\/ol>\n<p>Wenn Sie Fragen oder Probleme mit der Installation oder Funktionalit\u00e4t haben, k\u00f6nnen Sie sich jederzeit an unser rund um die Uhr verf\u00fcgbares Support-Team wenden. Nutzen Sie den Live-Chat f\u00fcr dringende Fragen und senden Sie eine E-Mail f\u00fcr detailliertere Informationen, einschlie\u00dflich Screenshots, falls erforderlich.<\/p>\n<p><img loading=\"lazy\" decoding=\"async\" src=\"https:\/\/spinsaharaonline.org\/wp-content\/uploads\/2025\/11\/Spinsahara-Android-Application.webp\" alt=\"Spinsahara Android Application\" width=\"1248\" height=\"536\" \/><\/p>\n<\/div><\/div><div style=\"clear: both\"><\/div><div class=\"d-flex justify-content-center\"><button data-item=\"decouvrez_link\" data-group=\"website_links\" class=\"goto fw-bold rounded-pill btn btn-orange\" aria-label=\"Spinsahara herunterladen\" >Spinsahara herunterladen<\/button><\/div><div class=\"scrollable-content-wrap my-5\"><div class=\"scrollable-content-inner\"><h2>Spin Sahara f\u00fcr iPhone und iPad<\/h2>\n<p>Wir haben unsere iOS-Spieler nicht vergessen. F\u00fcr Sie bieten wir mehrere praktische Optionen: eine mobile Browserversion, ein Shortcut-Symbol f\u00fcr schnelleren Zugriff oder die praktische Spin Sahara App. Alle drei Optionen funktionieren hervorragend auf allen modernen iPhones und iPads. Sie erhalten Zugriff auf die gesamte Spielesammlung, Zahlungen, Boni und den Kundenservice.<\/p>\n<p>Wir m\u00f6chten Ihr mobiles Erlebnis so sicher wie m\u00f6glich gestalten. Aus diesem Grund haben Sie die M\u00f6glichkeit, in der Spinsahara Casino App die Zwei-Faktor-Authentifizierung einzurichten. Um Betrug zu verhindern, m\u00fcssen alle unsere Kunden vor ihrer ersten Auszahlung einen einfachen Verifizierungsprozess durchlaufen.<\/p>\n<p>Die mobile Version der Website Spinsahara ist in jedem mobilen Browser verf\u00fcgbar, einschlie\u00dflich Google Chrome und Safari. Die mobile Software kann \u00fcber den Link \u201eCasino App\u201d in der Fu\u00dfzeile der Website heruntergeladen werden. Um das Verkn\u00fcpfungssymbol auf Ihrem iOS-Ger\u00e4t zu installieren, k\u00f6nnen Sie unsere folgenden Anweisungen befolgen:<\/p>\n<ol>\n<li>\u00d6ffnen Sie Spinsahara Casino in Safari mit Ihrem Smartphone oder Tablet.<\/li>\n<li>Klicken Sie auf die Schaltfl\u00e4che \u201eTeilen\u201c. Diese befindet sich am unteren Rand des Bildschirms.<\/li>\n<li>W\u00e4hlen Sie die Option \u201eZum Startbildschirm hinzuf\u00fcgen\u201d. Nach diesem Schritt erscheint das Verkn\u00fcpfungssymbol auf Ihrem Bildschirm.<\/li>\n<\/ol>\n<p><img loading=\"lazy\" decoding=\"async\" src=\"https:\/\/spinsaharaonline.org\/wp-content\/uploads\/2025\/11\/Spinsahara-iOS-Application.webp\" alt=\"Spinsahara iOS Application\" width=\"1248\" height=\"536\" \/><\/p>\n<\/div><\/div><div style=\"clear: both\"><\/div><div class=\"d-flex justify-content-center\"><button data-item=\"decouvrez_link\" data-group=\"website_links\" class=\"goto fw-bold rounded-pill btn btn-orange\" aria-label=\"Laden Sie die Spinsahara-App herunter\" >Laden Sie die Spinsahara-App herunter<\/button><\/div><div class=\"scrollable-content-wrap my-5\"><div class=\"scrollable-content-inner\"><h2>Spinsahara Desktop Version f\u00fcr Windows und Mac<\/h2>\n<p>Obwohl die Desktop-Version von Spinsahara die klassischste Option ist, ist sie dennoch praktisch. Viele Nutzer bevorzugen es, auf einem gro\u00dfen Bildschirm zu spielen, um noch tiefer in das Erlebnis einzutauchen. Sie k\u00f6nnen Spinsahara Casino in jedem Browser verwenden oder ein Verkn\u00fcpfungssymbol installieren.<\/p>\n<p>Beide Optionen sind f\u00fcr jeden modernen PC geeignet und bieten eine gro\u00dfe Auswahl an Spielen. Um ein Verkn\u00fcpfungssymbol zu installieren und in wenigen Sekunden Zugriff auf Spin Sahara zu erhalten, m\u00fcssen Sie auf unserer Website in der Adressleiste auf die Schaltfl\u00e4che \u201eMehr\u201c klicken. In der Liste der Optionen sollten Sie auf \u201eZum Startbildschirm hinzuf\u00fcgen\u201c klicken. Jetzt haben Sie das Verkn\u00fcpfungssymbol auf Ihrem Hauptbildschirm und k\u00f6nnen alle Funktionen des Online-Casinos schneller nutzen.<\/p>\n<p><img loading=\"lazy\" decoding=\"async\" src=\"https:\/\/spinsaharaonline.org\/wp-content\/uploads\/2025\/11\/Spinsahara-Desktop.webp\" alt=\"Spinsahara Desktop\" width=\"1248\" height=\"536\" \/><\/p>\n<\/div><\/div><div style=\"clear: both\"><\/div><div class=\"d-flex justify-content-center\"><button data-item=\"decouvrez_link\" data-group=\"website_links\" class=\"goto fw-bold rounded-pill btn btn-orange\" aria-label=\"Spinsahara herunterladen\" >Spinsahara herunterladen<\/button><\/div><div class=\"scrollable-content-wrap my-5\"><div class=\"scrollable-content-inner\"><h2>H\u00e4ufig gestellte Fragen<\/h2>\n<h3>Ist die Spin Sahara App sowohl f\u00fcr Android als auch f\u00fcr iOS verf\u00fcgbar?<\/h3>\n<p>Benutzer k\u00f6nnen von jedem modernen iOS- oder Android-Ger\u00e4t aus auf die Spinsahara App zugreifen. Sie k\u00f6nnen sie kostenlos auf unserer Website installieren.<\/p>\n<h3>Kann ich dasselbe Konto in der mobilen App und in der Desktop Version verwenden?<\/h3>\n<p>Gem\u00e4\u00df den Regeln des Spinsahara Casino kann jede Person nur ein Konto auf unserer Plattform haben. Deshalb m\u00fcssen Sie dasselbe Konto verwenden. Alle Ihre Daten und Fortschritte werden zwischen den Ger\u00e4ten synchronisiert.<\/p>\n<h3>Bietet die App dieselben Spiele und Funktionen wie die Website?<\/h3>\n<p>Die Spinsahara App bietet die vollst\u00e4ndige Version der Spielesammlung mit \u00fcber 6.000 Titeln. Sie k\u00f6nnen unterwegs von Ihrem Mobilger\u00e4t aus Spielautomaten, Tischspiele, Live-Dealer-Optionen und Sofortgewinn-Titel genie\u00dfen.<\/p>\n<\/div><\/div><\/p>\n","protected":false},"excerpt":{"rendered":"<p>Spinsahara Casino mobile App Wenn Sie nicht immer an Ihrem Computer sitzen k\u00f6nnen, um Ihre Lieblingsspiele zu spielen, sollten Sie die Spinsahara App ausprobieren. Diese praktische mobile Software verf\u00fcgt \u00fcber ein anpassungsf\u00e4higes Design, das auf allen modernen Android- und iOS-Ger\u00e4ten funktioniert. Nach der Anmeldung oder Registrierung erhalten Sie Zugriff auf die gesamte Spielesammlung, Werbeaktionen, Turniere [&hellip;]<\/p>\n","protected":false},"author":1,"featured_media":0,"parent":0,"menu_order":0,"comment_status":"closed","ping_status":"closed","template":"template-builder.php","meta":{"_acf_changed":false,"inline_featured_image":false,"footnotes":""},"class_list":["post-1422","page","type-page","status-publish","hentry"],"acf":[],"yoast_head":"<!-- This site is optimized with the Yoast SEO plugin v27.3 - https:\/\/yoast.com\/product\/yoast-seo-wordpress\/ -->\n<title>Laden Spinsahara Casino App herunter | iOS &amp; Android<\/title>\n<meta name=\"description\" content=\"Wohin Sie auch gehen, Ihre Lieblingsspiele sind immer dabei. Genie\u00dfen Sie Spielautomaten und Tischspiele mit der Spin Sahara-App f\u00fcr iOS und Android.\" \/>\n<meta name=\"robots\" content=\"index, follow, max-snippet:-1, max-image-preview:large, max-video-preview:-1\" \/>\n<link rel=\"canonical\" href=\"https:\/\/spinsaharaonline.org\/de\/app\/\" \/>\n<meta property=\"og:locale\" content=\"de_DE\" \/>\n<meta property=\"og:type\" content=\"article\" \/>\n<meta property=\"og:title\" content=\"Laden Spinsahara Casino App herunter | iOS &amp; Android\" \/>\n<meta property=\"og:description\" content=\"Wohin Sie auch gehen, Ihre Lieblingsspiele sind immer dabei. Genie\u00dfen Sie Spielautomaten und Tischspiele mit der Spin Sahara-App f\u00fcr iOS und Android.\" \/>\n<meta property=\"og:url\" content=\"https:\/\/spinsaharaonline.org\/de\/app\/\" \/>\n<meta property=\"og:site_name\" content=\"spinsahara\" \/>\n<meta property=\"article:modified_time\" content=\"2025-11-25T08:45:09+00:00\" \/>\n<meta name=\"twitter:card\" content=\"summary_large_image\" \/>\n<meta name=\"twitter:label1\" content=\"Gesch\u00e4tzte Lesezeit\" \/>\n\t<meta name=\"twitter:data1\" content=\"2\u00a0Minuten\" \/>\n<script type=\"application\/ld+json\" class=\"yoast-schema-graph\">{\"@context\":\"https:\\\/\\\/schema.org\",\"@graph\":[{\"@type\":\"WebPage\",\"@id\":\"https:\\\/\\\/spinsaharaonline.org\\\/de\\\/app\\\/\",\"url\":\"https:\\\/\\\/spinsaharaonline.org\\\/de\\\/app\\\/\",\"name\":\"Laden Spinsahara Casino App herunter | iOS & Android\",\"isPartOf\":{\"@id\":\"https:\\\/\\\/spinsaharaonline.org\\\/de\\\/#website\"},\"datePublished\":\"2025-11-25T06:03:05+00:00\",\"dateModified\":\"2025-11-25T08:45:09+00:00\",\"description\":\"Wohin Sie auch gehen, Ihre Lieblingsspiele sind immer dabei. Genie\u00dfen Sie Spielautomaten und Tischspiele mit der Spin Sahara-App f\u00fcr iOS und Android.\",\"breadcrumb\":{\"@id\":\"https:\\\/\\\/spinsaharaonline.org\\\/de\\\/app\\\/#breadcrumb\"},\"inLanguage\":\"de\",\"potentialAction\":[{\"@type\":\"ReadAction\",\"target\":[\"https:\\\/\\\/spinsaharaonline.org\\\/de\\\/app\\\/\"]}]},{\"@type\":\"BreadcrumbList\",\"@id\":\"https:\\\/\\\/spinsaharaonline.org\\\/de\\\/app\\\/#breadcrumb\",\"itemListElement\":[{\"@type\":\"ListItem\",\"position\":1,\"name\":\"Spinsahara\",\"item\":\"https:\\\/\\\/spinsaharaonline.org\\\/de\\\/\"},{\"@type\":\"ListItem\",\"position\":2,\"name\":\"App\"}]},{\"@type\":\"WebSite\",\"@id\":\"https:\\\/\\\/spinsaharaonline.org\\\/de\\\/#website\",\"url\":\"https:\\\/\\\/spinsaharaonline.org\\\/de\\\/\",\"name\":\"Spinsahara\",\"description\":\"\",\"publisher\":{\"@id\":\"https:\\\/\\\/spinsaharaonline.org\\\/de\\\/#organization\"},\"potentialAction\":[{\"@type\":\"SearchAction\",\"target\":{\"@type\":\"EntryPoint\",\"urlTemplate\":\"https:\\\/\\\/spinsaharaonline.org\\\/de\\\/?s={search_term_string}\"},\"query-input\":{\"@type\":\"PropertyValueSpecification\",\"valueRequired\":true,\"valueName\":\"search_term_string\"}}],\"inLanguage\":\"de\"},{\"@type\":\"Organization\",\"@id\":\"https:\\\/\\\/spinsaharaonline.org\\\/de\\\/#organization\",\"name\":\"Spinsahara\",\"url\":\"https:\\\/\\\/spinsaharaonline.org\\\/de\\\/\",\"logo\":{\"@type\":\"ImageObject\",\"inLanguage\":\"de\",\"@id\":\"https:\\\/\\\/spinsaharaonline.org\\\/de\\\/#\\\/schema\\\/logo\\\/image\\\/\",\"url\":\"https:\\\/\\\/spinsaharaonline.org\\\/wp-content\\\/uploads\\\/2025\\\/11\\\/logo.svg\",\"contentUrl\":\"https:\\\/\\\/spinsaharaonline.org\\\/wp-content\\\/uploads\\\/2025\\\/11\\\/logo.svg\",\"width\":160,\"height\":31,\"caption\":\"Spinsahara\"},\"image\":{\"@id\":\"https:\\\/\\\/spinsaharaonline.org\\\/de\\\/#\\\/schema\\\/logo\\\/image\\\/\"}}]}<\/script>\n<!-- \/ Yoast SEO plugin. -->","yoast_head_json":{"title":"Laden Spinsahara Casino App herunter | iOS & Android","description":"Wohin Sie auch gehen, Ihre Lieblingsspiele sind immer dabei. Genie\u00dfen Sie Spielautomaten und Tischspiele mit der Spin Sahara-App f\u00fcr iOS und Android.","robots":{"index":"index","follow":"follow","max-snippet":"max-snippet:-1","max-image-preview":"max-image-preview:large","max-video-preview":"max-video-preview:-1"},"canonical":"https:\/\/spinsaharaonline.org\/de\/app\/","og_locale":"de_DE","og_type":"article","og_title":"Laden Spinsahara Casino App herunter | iOS & Android","og_description":"Wohin Sie auch gehen, Ihre Lieblingsspiele sind immer dabei. Genie\u00dfen Sie Spielautomaten und Tischspiele mit der Spin Sahara-App f\u00fcr iOS und Android.","og_url":"https:\/\/spinsaharaonline.org\/de\/app\/","og_site_name":"spinsahara","article_modified_time":"2025-11-25T08:45:09+00:00","twitter_card":"summary_large_image","twitter_misc":{"Gesch\u00e4tzte Lesezeit":"2\u00a0Minuten"},"schema":{"@context":"https:\/\/schema.org","@graph":[{"@type":"WebPage","@id":"https:\/\/spinsaharaonline.org\/de\/app\/","url":"https:\/\/spinsaharaonline.org\/de\/app\/","name":"Laden Spinsahara Casino App herunter | iOS & Android","isPartOf":{"@id":"https:\/\/spinsaharaonline.org\/de\/#website"},"datePublished":"2025-11-25T06:03:05+00:00","dateModified":"2025-11-25T08:45:09+00:00","description":"Wohin Sie auch gehen, Ihre Lieblingsspiele sind immer dabei. Genie\u00dfen Sie Spielautomaten und Tischspiele mit der Spin Sahara-App f\u00fcr iOS und Android.","breadcrumb":{"@id":"https:\/\/spinsaharaonline.org\/de\/app\/#breadcrumb"},"inLanguage":"de","potentialAction":[{"@type":"ReadAction","target":["https:\/\/spinsaharaonline.org\/de\/app\/"]}]},{"@type":"BreadcrumbList","@id":"https:\/\/spinsaharaonline.org\/de\/app\/#breadcrumb","itemListElement":[{"@type":"ListItem","position":1,"name":"Spinsahara","item":"https:\/\/spinsaharaonline.org\/de\/"},{"@type":"ListItem","position":2,"name":"App"}]},{"@type":"WebSite","@id":"https:\/\/spinsaharaonline.org\/de\/#website","url":"https:\/\/spinsaharaonline.org\/de\/","name":"Spinsahara","description":"","publisher":{"@id":"https:\/\/spinsaharaonline.org\/de\/#organization"},"potentialAction":[{"@type":"SearchAction","target":{"@type":"EntryPoint","urlTemplate":"https:\/\/spinsaharaonline.org\/de\/?s={search_term_string}"},"query-input":{"@type":"PropertyValueSpecification","valueRequired":true,"valueName":"search_term_string"}}],"inLanguage":"de"},{"@type":"Organization","@id":"https:\/\/spinsaharaonline.org\/de\/#organization","name":"Spinsahara","url":"https:\/\/spinsaharaonline.org\/de\/","logo":{"@type":"ImageObject","inLanguage":"de","@id":"https:\/\/spinsaharaonline.org\/de\/#\/schema\/logo\/image\/","url":"https:\/\/spinsaharaonline.org\/wp-content\/uploads\/2025\/11\/logo.svg","contentUrl":"https:\/\/spinsaharaonline.org\/wp-content\/uploads\/2025\/11\/logo.svg","width":160,"height":31,"caption":"Spinsahara"},"image":{"@id":"https:\/\/spinsaharaonline.org\/de\/#\/schema\/logo\/image\/"}}]}},"_links":{"self":[{"href":"https:\/\/spinsaharaonline.org\/de\/wp-json\/wp\/v2\/pages\/1422","targetHints":{"allow":["GET"]}}],"collection":[{"href":"https:\/\/spinsaharaonline.org\/de\/wp-json\/wp\/v2\/pages"}],"about":[{"href":"https:\/\/spinsaharaonline.org\/de\/wp-json\/wp\/v2\/types\/page"}],"author":[{"embeddable":true,"href":"https:\/\/spinsaharaonline.org\/de\/wp-json\/wp\/v2\/users\/1"}],"replies":[{"embeddable":true,"href":"https:\/\/spinsaharaonline.org\/de\/wp-json\/wp\/v2\/comments?post=1422"}],"version-history":[{"count":2,"href":"https:\/\/spinsaharaonline.org\/de\/wp-json\/wp\/v2\/pages\/1422\/revisions"}],"predecessor-version":[{"id":1634,"href":"https:\/\/spinsaharaonline.org\/de\/wp-json\/wp\/v2\/pages\/1422\/revisions\/1634"}],"wp:attachment":[{"href":"https:\/\/spinsaharaonline.org\/de\/wp-json\/wp\/v2\/media?parent=1422"}],"curies":[{"name":"wp","href":"https:\/\/api.w.org\/{rel}","templated":true}]}}