{"id":1470,"date":"2025-11-25T06:05:46","date_gmt":"2025-11-25T06:05:46","guid":{"rendered":"https:\/\/spinsaharaonline.org\/login-and-registration\/"},"modified":"2025-11-25T08:46:52","modified_gmt":"2025-11-25T08:46:52","slug":"anmeldung-und-registrierung","status":"publish","type":"page","link":"https:\/\/spinsaharaonline.org\/de\/anmeldung-und-registrierung\/","title":{"rendered":"Anmeldung und Registrierung"},"content":{"rendered":"<h1>Spinsahara Anmeldung und Profilregistrierung<\/h1>\n<p>Um mit dem Spielen um echtes Geld zu beginnen, Boni zu nutzen und unseren rund um die Uhr verf\u00fcgbaren mehrsprachigen Support in Anspruch zu nehmen, m\u00fcssen Sie den Spinsahara Login Prozess durchlaufen. Benutzer ben\u00f6tigen lediglich eine E-Mail-Adresse und ein Passwort, um ein neues Konto zu erstellen. Der Vorgang dauert nicht l\u00e4nger als 5 Minuten. Sie m\u00fcssen mindestens 18 Jahre alt sein, um Mitglied des Spinsahara Casinos zu werden und alle Vorteile des Spiels zu genie\u00dfen.<\/p>\n<p><div class=\"banner-wrap\" aria-label=\"Banner\"><img src=\"https:\/\/spinsaharaonline.org\/wp-content\/uploads\/2025\/11\/Spinsahara-banner-carousel-932\u0445400-12.webp\" class=\"w-100 d-none d-lg-block img-pc main-banner-img\" alt=\"Spinsahara banner desktop\" fetchpriority=\"high\" decoding=\"async\"><img src=\"https:\/\/spinsaharaonline.org\/wp-content\/uploads\/2025\/12\/Frame-35.webp\" class=\"w-100 d-none d-md-block d-lg-none main-banner-img\" alt=\"Spinsahara banner mobile\" fetchpriority=\"high\" decoding=\"async\"><img src=\"https:\/\/spinsaharaonline.org\/wp-content\/uploads\/2025\/12\/Frame-35.webp\" class=\"w-100 d-md-none\" alt=\"Spinsahara banner mobile\" fetchpriority=\"high\" decoding=\"async\"><div class=\"banner-description\">\n<div class=\"banner-title\">Willkommensboni<\/div>\n<p class=\"banner-header-title\">1500 \u20ac<\/p>\n<div class=\"banner-header-AdditionalText\">+ 250 Freispiele<\/div>\n<button data-item=\"homepage_banner_link\" class=\"goto m-button m-gradient-border m-button--primary m-button--large banner-button btn-orange\">\n            <div class=\"m-button-content\">\n                <span>Jetzt anmelden<\/span>\n                <span><\/span>\n            <\/div>\n        <\/button>\n<\/div>\n<div class=\"WelcomePack\">\n<p><img loading=\"lazy\" decoding=\"async\" class=\"alignnone size-full wp-image-1339\" src=\"https:\/\/spinsaharaonline.org\/wp-content\/uploads\/2025\/11\/welcome-crown.svg\" alt=\"crown\" width=\"25\" height=\"26\" \/><\/p>\n<div class=\"WelcomePack-Info\">W\u00f6chentlicher Cashback von bis zu 25 %<\/div>\n<p><img loading=\"lazy\" decoding=\"async\" class=\"alignnone size-full wp-image-1339\" src=\"https:\/\/spinsaharaonline.org\/wp-content\/uploads\/2025\/11\/welcome-crown.svg\" alt=\"crown\" width=\"25\" height=\"26\" \/><\/p>\n<\/div>\n<\/div><div class=\"scrollable-content-wrap my-5\"><div class=\"scrollable-content-inner\"><h2>Spin Sahara Login und Profilverwaltung<\/h2>\n<p>Der erste Schritt auf unserer Website ist die Spinsahara-Anmeldung. Danach k\u00f6nnen Sie mit \u00fcber 6.000 Titeln loslegen. \u00dcber Ihr Konto haben Sie Zugriff auf viele wichtige Funktionen. Zun\u00e4chst einmal k\u00f6nnen Sie jederzeit Ihre pers\u00f6nlichen Daten und Zahlungsinformationen verwalten. In Ihren Kontoeinstellungen finden Sie die Tools f\u00fcr verantwortungsbewusstes Spielen, die sehr hilfreich sind, wenn Sie das Gef\u00fchl haben, dass Spin Sahara Casino Ihr Leben negativ beeinflusst.<\/p>\n<p>Sie m\u00fcssen nicht viele lange Schritte durchlaufen, um die Spinsahara-Anmeldung abzuschlie\u00dfen. Um dies schnell und unkompliziert zu erledigen, k\u00f6nnen Sie unsere folgenden Anweisungen befolgen:<\/p>\n<ol>\n<li>Klicken Sie auf die Schaltfl\u00e4che \u201eAnmelden\u201c auf der Startseite von Spin Sahara.<\/li>\n<li>Geben Sie Ihre g\u00fcltige E-Mail-Adresse ein und erstellen Sie ein Passwort, das l\u00e4nger als 6 Zeichen sein kann.<\/li>\n<li>Benutzer m\u00fcssen best\u00e4tigen, dass sie mindestens 18 Jahre alt sind und die Regeln der Website akzeptieren.<\/li>\n<li>Um den Spinsahara-Anmeldevorgang abzuschlie\u00dfen, \u00fcberpr\u00fcfen Sie die eingegebenen Informationen und klicken Sie auf \u201eAnmelden\u201c.<\/li>\n<\/ol>\n<h3>Sicherheitsfunktionen Ihres Kontos<\/h3>\n<p>Bei Spinsahara Casino geht es nicht nur um Spa\u00df, sondern auch um Ihre Sicherheit. Wir ergreifen spezifische Ma\u00dfnahmen, um sicherzustellen, dass jede Ihrer Aktionen und jede von Ihnen eingegebene Daten gesch\u00fctzt sind und nicht von Dritten abgerufen werden k\u00f6nnen. Die folgende Tabelle zeigt die wichtigsten Sicherheitsfunktionen beim Ausf\u00fcllen eines Spinsahara-Logins.<\/p>\n<table>\n<tbody>\n<tr>\n<td>Funktion<\/td>\n<td>Beschreibung<\/td>\n<td>Vorteil f\u00fcr den Spieler<\/td>\n<\/tr>\n<tr>\n<td>Zwei-Faktor-Authentifizierung (2FA)<\/td>\n<td>F\u00fcgt einen zus\u00e4tzlichen Verifizierungsschritt per SMS, E-Mail oder Authentifizierungs-App beim Anmelden hinzu.<\/td>\n<td>Es bietet robusten Schutz vor unbefugtem Zugriff, selbst wenn jemand Ihr Passwort kennt.<\/td>\n<\/tr>\n<tr>\n<td>SSL-Verschl\u00fcsselung (Secure Socket Layer)<\/td>\n<td>Es verschl\u00fcsselt alle Daten, die zwischen Ihrem Ger\u00e4t und den Servern des Casinos \u00fcbertragen werden.<\/td>\n<td>Ihre pers\u00f6nlichen und finanziellen Daten sind vor unbefugtem Zugriff gesch\u00fctzt.<\/td>\n<\/tr>\n<tr>\n<td>Betrugsbek\u00e4mpfung<\/td>\n<td>Automatisierte Systeme erkennen ungew\u00f6hnliche Anmeldemuster oder verd\u00e4chtige Kontoaktivit\u00e4ten.<\/td>\n<td>Dieser Schritt verhindert betr\u00fcgerischen Zugriff und sch\u00fctzt die Integrit\u00e4t des Kontos.<\/td>\n<\/tr>\n<tr>\n<td>Anforderungen an die Passwortst\u00e4rke<\/td>\n<td>Spin Sahara erfordert sichere Passw\u00f6rter (z. B. mindestens 6 Zeichen).<\/td>\n<td>Reduziert das Risiko von Brute-Force-Angriffen.<\/td>\n<\/tr>\n<tr>\n<td>Sichere Wiederherstellungstools<\/td>\n<td>Links zum Zur\u00fccksetzen des Passworts und die Identit\u00e4tspr\u00fcfung stellen sicher, dass nur Sie das Konto wiederherstellen k\u00f6nnen.<\/td>\n<td>Bietet eine sichere M\u00f6glichkeit, Ihr Konto wiederherzustellen, wenn Sie den Zugriff verlieren.<\/td>\n<\/tr>\n<\/tbody>\n<\/table>\n<h2>Erstellen Sie Ihr Spinsahara Konto<\/h2>\n<p>Die Erstellung eines neuen Kontos bei Spinsahara Casino dauert nicht lange. F\u00fcr die Hauptregistrierung ben\u00f6tigen wir lediglich Ihre E-Mail-Adresse und ein Passwort. Bitte erstellen Sie ein sicheres Passwort, auf das nur Sie Zugriff haben. Nach der Registrierung auf unserer Plattform und der ersten Einzahlung erh\u00e4lt jeder Spieler automatisch ein Willkommenspaket von bis zu 1.500 \u20ac + 250 Freispielen. Um sich innerhalb weniger Minuten bei Spin Sahara zu registrieren, folgen Sie einfach unseren Anweisungen unten:<\/p>\n<ol>\n<li>Klicken Sie auf der Hauptseite auf die Schaltfl\u00e4che \u201eAnmelden\u201c.<\/li>\n<li>F\u00fcllen Sie die Felder des Registrierungsformulars aus: E-Mail-Adresse und Passwort.<\/li>\n<li>Best\u00e4tigen Sie, dass Sie mindestens 18 Jahre alt sind und die Nutzungsbedingungen der Website akzeptieren.<\/li>\n<li>Klicken Sie am Ende des Formulars auf die Schaltfl\u00e4che \u201eAnmelden\u201c.<\/li>\n<li>Folgen Sie dem Link, den Sie per E-Mail erhalten haben, um Ihre Angaben zu best\u00e4tigen.<\/li>\n<li>F\u00fcllen Sie das Formular mit Ihren pers\u00f6nlichen Daten aus, wie z. B. vollst\u00e4ndiger Name, Geburtsdatum und Wohnadresse. Sie k\u00f6nnen diesen Schritt \u00fcberspringen und sp\u00e4ter ausf\u00fcllen.<\/li>\n<li>Klicken Sie auf die Schaltfl\u00e4che \u201eSpeichern\u201c, um die Registrierung abzuschlie\u00dfen.<\/li>\n<\/ol>\n<h3>Zugriff auf Konto wiederherstellen<\/h3>\n<p>Es ist kein Problem, wenn Sie einige Ihrer pers\u00f6nlichen Daten oder Anmeldedaten vergessen haben \u2013 wir haben eine L\u00f6sung f\u00fcr Sie. Sie verlieren nicht den Zugriff auf Ihr pers\u00f6nliches Konto, da wir eine spezielle Funktion zum Zur\u00fccksetzen anbieten. Wenn Sie Ihr Passwort f\u00fcr die Spinsahara-Anmeldung vergessen haben, klicken Sie einfach auf den Link \u201ePasswort vergessen?\u201c im Anmeldeformular. Danach m\u00fcssen Sie die E-Mail-Adresse eingeben, die Sie zuvor verwendet haben, und wir senden Ihnen einen Link zum Zur\u00fccksetzen.<\/p>\n<h2>\u00dcberpr\u00fcfen Sie Ihr Spinsahara Profil<\/h2>\n<p>Gem\u00e4\u00df unseren Plattformregeln m\u00fcssen wir sicherstellen, dass jede Person nur ein Konto bei Spinsahara Casino hat. Dar\u00fcber hinaus m\u00fcssen Sie Ihr Alter, Ihre Wohnadresse und die Inhaberschaft der Zahlungsmethode best\u00e4tigen. Der Verifizierungsprozess findet vor der ersten Auszahlung statt und gilt f\u00fcr alle unsere Nutzer, unabh\u00e4ngig von ihrer Region.<\/p>\n<p>Um Ihre Identit\u00e4t zu \u00fcberpr\u00fcfen, m\u00fcssen Sie Fotos oder Kopien Ihrer Dokumente in Ihr pers\u00f6nliches Konto hochladen. Zu den Dokumenten geh\u00f6ren Ihr Personalausweis, Reisepass oder F\u00fchrerschein. Dar\u00fcber hinaus m\u00fcssen Sie eine Stromrechnung und einen Kontoauszug hochladen.<\/p>\n<p>Unsere Spinsahara-Manager pr\u00fcfen Ihre Dokumente innerhalb von 48 Stunden und teilen Ihnen ihre Entscheidung mit. Sobald Ihre Identit\u00e4t \u00fcberpr\u00fcft wurde, k\u00f6nnen Sie Ihre Gewinne ohne Probleme oder Verz\u00f6gerungen auszahlen lassen.<\/p>\n<h2>H\u00e4ufig gestellte Fragen<\/h2>\n<h3>Welche Angaben sind f\u00fcr die Registrierung erforderlich?<\/h3>\n<p>Um ein neues Konto bei Spinsahara Casino zu erstellen, m\u00fcssen Sie Ihre E-Mail-Adresse angeben und ein Passwort erstellen. Wir werden Sie au\u00dferdem um die Angabe Ihrer pers\u00f6nlichen Daten bitten, um diese zu einem sp\u00e4teren Zeitpunkt \u00fcberpr\u00fcfen zu k\u00f6nnen.<\/p>\n<h3>Wie kann ich mich anmelden, wenn ich mein Passwort vergessen habe?<\/h3>\n<p>Wenn Sie sich nicht an Ihr Passwort erinnern k\u00f6nnen, m\u00fcssen Sie auf den Link \u201ePasswort vergessen?\u201c im Anmeldeformular klicken, um es zur\u00fcckzusetzen und ein neues zu erstellen. Nach Abschluss des Vorgangs sollten Sie das neue Passwort verwenden, um auf Ihr Spinsahara Casino-Konto zuzugreifen.<\/p>\n<h3>Warum kann ich nicht auf mein Spin Sahara Konto zugreifen?<\/h3>\n<p>Sie sollten \u00fcberpr\u00fcfen, ob Sie die richtigen Informationen wie E-Mail-Adresse und Passwort eingegeben haben. Wenn Sie den Spinsahara-Anmeldevorgang immer noch nicht abschlie\u00dfen k\u00f6nnen, empfehlen wir Ihnen, sich \u00fcber den Live-Chat oder per E-Mail an unser rund um die Uhr verf\u00fcgbares Support-Team zu wenden.<\/p>\n<\/div><\/div><\/p>\n","protected":false},"excerpt":{"rendered":"<p>Spinsahara Anmeldung und Profilregistrierung Um mit dem Spielen um echtes Geld zu beginnen, Boni zu nutzen und unseren rund um die Uhr verf\u00fcgbaren mehrsprachigen Support in Anspruch zu nehmen, m\u00fcssen Sie den Spinsahara Login Prozess durchlaufen. Benutzer ben\u00f6tigen lediglich eine E-Mail-Adresse und ein Passwort, um ein neues Konto zu erstellen. Der Vorgang dauert nicht l\u00e4nger [&hellip;]<\/p>\n","protected":false},"author":1,"featured_media":0,"parent":0,"menu_order":0,"comment_status":"closed","ping_status":"closed","template":"template-builder.php","meta":{"_acf_changed":false,"inline_featured_image":false,"footnotes":""},"class_list":["post-1470","page","type-page","status-publish","hentry"],"acf":[],"yoast_head":"<!-- This site is optimized with the Yoast SEO plugin v27.3 - https:\/\/yoast.com\/product\/yoast-seo-wordpress\/ -->\n<title>Spinsahara Login | Registrierung und Kontoverwaltung<\/title>\n<meta name=\"description\" content=\"Starten Sie mit Spin Sahara login. Neue Benutzer k\u00f6nnen sich ganz einfach anmelden, und bestehende Spieler k\u00f6nnen jederzeit zur\u00fcckkehren, um ihr Konto zu verwalten und den Support 24\/7 zu kontaktieren.\" \/>\n<meta name=\"robots\" content=\"index, follow, max-snippet:-1, max-image-preview:large, max-video-preview:-1\" \/>\n<link rel=\"canonical\" href=\"https:\/\/spinsaharaonline.org\/de\/anmeldung-und-registrierung\/\" \/>\n<meta property=\"og:locale\" content=\"de_DE\" \/>\n<meta property=\"og:type\" content=\"article\" \/>\n<meta property=\"og:title\" content=\"Spinsahara Login | Registrierung und Kontoverwaltung\" \/>\n<meta property=\"og:description\" content=\"Starten Sie mit Spin Sahara login. Neue Benutzer k\u00f6nnen sich ganz einfach anmelden, und bestehende Spieler k\u00f6nnen jederzeit zur\u00fcckkehren, um ihr Konto zu verwalten und den Support 24\/7 zu kontaktieren.\" \/>\n<meta property=\"og:url\" content=\"https:\/\/spinsaharaonline.org\/de\/anmeldung-und-registrierung\/\" \/>\n<meta property=\"og:site_name\" content=\"spinsahara\" \/>\n<meta property=\"article:modified_time\" content=\"2025-11-25T08:46:52+00:00\" \/>\n<meta name=\"twitter:card\" content=\"summary_large_image\" \/>\n<meta name=\"twitter:label1\" content=\"Gesch\u00e4tzte Lesezeit\" \/>\n\t<meta name=\"twitter:data1\" content=\"1\u00a0Minute\" \/>\n<script type=\"application\/ld+json\" class=\"yoast-schema-graph\">{\"@context\":\"https:\\\/\\\/schema.org\",\"@graph\":[{\"@type\":\"WebPage\",\"@id\":\"https:\\\/\\\/spinsaharaonline.org\\\/de\\\/anmeldung-und-registrierung\\\/\",\"url\":\"https:\\\/\\\/spinsaharaonline.org\\\/de\\\/anmeldung-und-registrierung\\\/\",\"name\":\"Spinsahara Login | Registrierung und Kontoverwaltung\",\"isPartOf\":{\"@id\":\"https:\\\/\\\/spinsaharaonline.org\\\/de\\\/#website\"},\"datePublished\":\"2025-11-25T06:05:46+00:00\",\"dateModified\":\"2025-11-25T08:46:52+00:00\",\"description\":\"Starten Sie mit Spin Sahara login. Neue Benutzer k\u00f6nnen sich ganz einfach anmelden, und bestehende Spieler k\u00f6nnen jederzeit zur\u00fcckkehren, um ihr Konto zu verwalten und den Support 24\\\/7 zu kontaktieren.\",\"breadcrumb\":{\"@id\":\"https:\\\/\\\/spinsaharaonline.org\\\/de\\\/anmeldung-und-registrierung\\\/#breadcrumb\"},\"inLanguage\":\"de\",\"potentialAction\":[{\"@type\":\"ReadAction\",\"target\":[\"https:\\\/\\\/spinsaharaonline.org\\\/de\\\/anmeldung-und-registrierung\\\/\"]}]},{\"@type\":\"BreadcrumbList\",\"@id\":\"https:\\\/\\\/spinsaharaonline.org\\\/de\\\/anmeldung-und-registrierung\\\/#breadcrumb\",\"itemListElement\":[{\"@type\":\"ListItem\",\"position\":1,\"name\":\"Spinsahara\",\"item\":\"https:\\\/\\\/spinsaharaonline.org\\\/de\\\/\"},{\"@type\":\"ListItem\",\"position\":2,\"name\":\"Anmeldung und Registrierung\"}]},{\"@type\":\"WebSite\",\"@id\":\"https:\\\/\\\/spinsaharaonline.org\\\/de\\\/#website\",\"url\":\"https:\\\/\\\/spinsaharaonline.org\\\/de\\\/\",\"name\":\"Spinsahara\",\"description\":\"\",\"publisher\":{\"@id\":\"https:\\\/\\\/spinsaharaonline.org\\\/de\\\/#organization\"},\"potentialAction\":[{\"@type\":\"SearchAction\",\"target\":{\"@type\":\"EntryPoint\",\"urlTemplate\":\"https:\\\/\\\/spinsaharaonline.org\\\/de\\\/?s={search_term_string}\"},\"query-input\":{\"@type\":\"PropertyValueSpecification\",\"valueRequired\":true,\"valueName\":\"search_term_string\"}}],\"inLanguage\":\"de\"},{\"@type\":\"Organization\",\"@id\":\"https:\\\/\\\/spinsaharaonline.org\\\/de\\\/#organization\",\"name\":\"Spinsahara\",\"url\":\"https:\\\/\\\/spinsaharaonline.org\\\/de\\\/\",\"logo\":{\"@type\":\"ImageObject\",\"inLanguage\":\"de\",\"@id\":\"https:\\\/\\\/spinsaharaonline.org\\\/de\\\/#\\\/schema\\\/logo\\\/image\\\/\",\"url\":\"https:\\\/\\\/spinsaharaonline.org\\\/wp-content\\\/uploads\\\/2025\\\/11\\\/logo.svg\",\"contentUrl\":\"https:\\\/\\\/spinsaharaonline.org\\\/wp-content\\\/uploads\\\/2025\\\/11\\\/logo.svg\",\"width\":160,\"height\":31,\"caption\":\"Spinsahara\"},\"image\":{\"@id\":\"https:\\\/\\\/spinsaharaonline.org\\\/de\\\/#\\\/schema\\\/logo\\\/image\\\/\"}}]}<\/script>\n<!-- \/ Yoast SEO plugin. -->","yoast_head_json":{"title":"Spinsahara Login | Registrierung und Kontoverwaltung","description":"Starten Sie mit Spin Sahara login. Neue Benutzer k\u00f6nnen sich ganz einfach anmelden, und bestehende Spieler k\u00f6nnen jederzeit zur\u00fcckkehren, um ihr Konto zu verwalten und den Support 24\/7 zu kontaktieren.","robots":{"index":"index","follow":"follow","max-snippet":"max-snippet:-1","max-image-preview":"max-image-preview:large","max-video-preview":"max-video-preview:-1"},"canonical":"https:\/\/spinsaharaonline.org\/de\/anmeldung-und-registrierung\/","og_locale":"de_DE","og_type":"article","og_title":"Spinsahara Login | Registrierung und Kontoverwaltung","og_description":"Starten Sie mit Spin Sahara login. Neue Benutzer k\u00f6nnen sich ganz einfach anmelden, und bestehende Spieler k\u00f6nnen jederzeit zur\u00fcckkehren, um ihr Konto zu verwalten und den Support 24\/7 zu kontaktieren.","og_url":"https:\/\/spinsaharaonline.org\/de\/anmeldung-und-registrierung\/","og_site_name":"spinsahara","article_modified_time":"2025-11-25T08:46:52+00:00","twitter_card":"summary_large_image","twitter_misc":{"Gesch\u00e4tzte Lesezeit":"1\u00a0Minute"},"schema":{"@context":"https:\/\/schema.org","@graph":[{"@type":"WebPage","@id":"https:\/\/spinsaharaonline.org\/de\/anmeldung-und-registrierung\/","url":"https:\/\/spinsaharaonline.org\/de\/anmeldung-und-registrierung\/","name":"Spinsahara Login | Registrierung und Kontoverwaltung","isPartOf":{"@id":"https:\/\/spinsaharaonline.org\/de\/#website"},"datePublished":"2025-11-25T06:05:46+00:00","dateModified":"2025-11-25T08:46:52+00:00","description":"Starten Sie mit Spin Sahara login. Neue Benutzer k\u00f6nnen sich ganz einfach anmelden, und bestehende Spieler k\u00f6nnen jederzeit zur\u00fcckkehren, um ihr Konto zu verwalten und den Support 24\/7 zu kontaktieren.","breadcrumb":{"@id":"https:\/\/spinsaharaonline.org\/de\/anmeldung-und-registrierung\/#breadcrumb"},"inLanguage":"de","potentialAction":[{"@type":"ReadAction","target":["https:\/\/spinsaharaonline.org\/de\/anmeldung-und-registrierung\/"]}]},{"@type":"BreadcrumbList","@id":"https:\/\/spinsaharaonline.org\/de\/anmeldung-und-registrierung\/#breadcrumb","itemListElement":[{"@type":"ListItem","position":1,"name":"Spinsahara","item":"https:\/\/spinsaharaonline.org\/de\/"},{"@type":"ListItem","position":2,"name":"Anmeldung und Registrierung"}]},{"@type":"WebSite","@id":"https:\/\/spinsaharaonline.org\/de\/#website","url":"https:\/\/spinsaharaonline.org\/de\/","name":"Spinsahara","description":"","publisher":{"@id":"https:\/\/spinsaharaonline.org\/de\/#organization"},"potentialAction":[{"@type":"SearchAction","target":{"@type":"EntryPoint","urlTemplate":"https:\/\/spinsaharaonline.org\/de\/?s={search_term_string}"},"query-input":{"@type":"PropertyValueSpecification","valueRequired":true,"valueName":"search_term_string"}}],"inLanguage":"de"},{"@type":"Organization","@id":"https:\/\/spinsaharaonline.org\/de\/#organization","name":"Spinsahara","url":"https:\/\/spinsaharaonline.org\/de\/","logo":{"@type":"ImageObject","inLanguage":"de","@id":"https:\/\/spinsaharaonline.org\/de\/#\/schema\/logo\/image\/","url":"https:\/\/spinsaharaonline.org\/wp-content\/uploads\/2025\/11\/logo.svg","contentUrl":"https:\/\/spinsaharaonline.org\/wp-content\/uploads\/2025\/11\/logo.svg","width":160,"height":31,"caption":"Spinsahara"},"image":{"@id":"https:\/\/spinsaharaonline.org\/de\/#\/schema\/logo\/image\/"}}]}},"_links":{"self":[{"href":"https:\/\/spinsaharaonline.org\/de\/wp-json\/wp\/v2\/pages\/1470","targetHints":{"allow":["GET"]}}],"collection":[{"href":"https:\/\/spinsaharaonline.org\/de\/wp-json\/wp\/v2\/pages"}],"about":[{"href":"https:\/\/spinsaharaonline.org\/de\/wp-json\/wp\/v2\/types\/page"}],"author":[{"embeddable":true,"href":"https:\/\/spinsaharaonline.org\/de\/wp-json\/wp\/v2\/users\/1"}],"replies":[{"embeddable":true,"href":"https:\/\/spinsaharaonline.org\/de\/wp-json\/wp\/v2\/comments?post=1470"}],"version-history":[{"count":2,"href":"https:\/\/spinsaharaonline.org\/de\/wp-json\/wp\/v2\/pages\/1470\/revisions"}],"predecessor-version":[{"id":1636,"href":"https:\/\/spinsaharaonline.org\/de\/wp-json\/wp\/v2\/pages\/1470\/revisions\/1636"}],"wp:attachment":[{"href":"https:\/\/spinsaharaonline.org\/de\/wp-json\/wp\/v2\/media?parent=1470"}],"curies":[{"name":"wp","href":"https:\/\/api.w.org\/{rel}","templated":true}]}}