{"id":1429,"date":"2025-11-25T06:03:05","date_gmt":"2025-11-25T06:03:05","guid":{"rendered":"https:\/\/spinsaharaonline.org\/app-2\/"},"modified":"2025-11-25T11:49:15","modified_gmt":"2025-11-25T11:49:15","slug":"aplicacion","status":"publish","type":"page","link":"https:\/\/spinsaharaonline.org\/es\/aplicacion\/","title":{"rendered":"Aplicaci\u00f3n"},"content":{"rendered":"<h1>Casino Spinsahara aplicaci\u00f3n m\u00f3vil<\/h1>\n<p>Si no siempre puedes estar delante del ordenador para jugar a tus juegos favoritos, tienes que probar la Spinsahara App. Este pr\u00e1ctico software m\u00f3vil tiene un dise\u00f1o adaptable que funciona en todos los dispositivos Android e iOS modernos. Despu\u00e9s de iniciar sesi\u00f3n o registrarte, tendr\u00e1s acceso a una colecci\u00f3n completa de juegos, promociones, torneos y todas las dem\u00e1s funciones. M\u00e1s del 80 % de nuestros usuarios espa\u00f1oles prefieren jugar en la aplicaci\u00f3n Spinsahara desde sus tel\u00e9fonos m\u00f3viles.<\/p>\n<div class=\"banner-wrap\" aria-label=\"Banner\"><img src=\"https:\/\/spinsaharaonline.org\/wp-content\/uploads\/2025\/11\/Spinsahara-banner-carousel-932\u0445400-12.webp\" class=\"w-100 d-none d-lg-block img-pc main-banner-img\" alt=\"Spinsahara banner desktop\" fetchpriority=\"high\" decoding=\"async\"><img src=\"https:\/\/spinsaharaonline.org\/wp-content\/uploads\/2025\/12\/Frame-35.webp\" class=\"w-100 d-none d-md-block d-lg-none main-banner-img\" alt=\"Spinsahara banner mobile\" fetchpriority=\"high\" decoding=\"async\"><img src=\"https:\/\/spinsaharaonline.org\/wp-content\/uploads\/2025\/12\/Frame-35.webp\" class=\"w-100 d-md-none\" alt=\"Spinsahara banner mobile\" fetchpriority=\"high\" decoding=\"async\"><div class=\"banner-description\">\n<div class=\"banner-title\">Bonos de bienvenida<\/div>\n<p class=\"banner-header-title\">1500 \u20ac<\/p>\n<div class=\"banner-header-AdditionalText\">+ 250 Giros gratis<\/div>\n<button data-item=\"homepage_banner_link\" class=\"goto m-button m-gradient-border m-button--primary m-button--large banner-button btn-orange\">\n            <div class=\"m-button-content\">\n                <span>Reg\u00edstrese ahora<\/span>\n                <span><\/span>\n            <\/div>\n        <\/button>\n<\/div>\n<div class=\"WelcomePack\">\n<p><img loading=\"lazy\" decoding=\"async\" class=\"alignnone size-full wp-image-1340\" src=\"https:\/\/spinsaharaonline.org\/wp-content\/uploads\/2025\/11\/welcome-crown.svg\" alt=\"crown\" width=\"25\" height=\"26\" \/><\/p>\n<div class=\"WelcomePack-Info\">Reembolso semanal de hasta el 25 %<\/div>\n<p><img loading=\"lazy\" decoding=\"async\" class=\"alignnone size-full wp-image-1340\" src=\"https:\/\/spinsaharaonline.org\/wp-content\/uploads\/2025\/11\/welcome-crown.svg\" alt=\"crown\" width=\"25\" height=\"26\" \/><\/p>\n<\/div>\n<\/div>\n<h2>Ventajas del acceso m\u00f3vil a Spinsahara<\/h2>\n<p>Los usuarios eligen software m\u00f3vil para sus aficiones y entretenimiento con el fin de permanecer conectados mientras se desplazan. Al fin y al cabo, nadie quiere verse limitado por estar en casa o tener un ordenador. Por eso hemos desarrollado la app Spinsahara para Android e iOS. Es un reflejo de la versi\u00f3n de escritorio, pero perfectamente adaptada a los dispositivos con pantalla t\u00e1ctil.<\/p>\n<p>Si ya tienes una cuenta en Spin Sahara Casino, solo tienes que iniciar sesi\u00f3n y toda tu informaci\u00f3n personal y tu progreso en el juego se sincronizar\u00e1n entre los dispositivos. Si acabas de empezar tu andadura en el casino m\u00f3vil, el formulario de registro est\u00e1 disponible para todos en cualquier dispositivo.<\/p>\n<p>La aplicaci\u00f3n Spinsahara te da acceso a m\u00e1s de 6.000 t\u00edtulos, incluyendo tragamonedas online, juegos de mesa, opciones de casino en vivo y mucho m\u00e1s. Te garantizamos que tu experiencia de juego ser\u00e1 a\u00fan mejor cuando uses la versi\u00f3n m\u00f3vil.<\/p>\n<table>\n<tbody>\n<tr>\n<td>Caracter\u00edstica<\/td>\n<td>Detalles<\/td>\n<td>Beneficio para el jugador<\/td>\n<\/tr>\n<tr>\n<td>Acceso sin conexi\u00f3n<\/td>\n<td>Los usuarios pueden jugar a determinados juegos y navegar por algunas secciones incluso sin conexi\u00f3n a Internet.<\/td>\n<td>Te mantendr\u00e1s entretenido en cualquier situaci\u00f3n.<\/td>\n<\/tr>\n<tr>\n<td>Notificaciones push<\/td>\n<td>Recibir\u00e1s actualizaciones instant\u00e1neas sobre bonificaciones o torneos.<\/td>\n<td>Los jugadores nunca se pierden promociones ni ofertas por tiempo limitado.<\/td>\n<\/tr>\n<tr>\n<td>A\u00f1adir a la pantalla de inicio<\/td>\n<td>Los usuarios deben instalar el software Spin Sahara Casino directamente a trav\u00e9s de su navegador.<\/td>\n<td>Obtienes acceso r\u00e1pido sin necesidad de descargar el software desde la tienda de aplicaciones.<\/td>\n<\/tr>\n<tr>\n<td>Carga r\u00e1pida<\/td>\n<td>Cuenta con un almacenamiento en cach\u00e9 optimizado y un dise\u00f1o ligero.<\/td>\n<td>El software ofrece una experiencia fluida incluso en redes m\u00e1s lentas.<\/td>\n<\/tr>\n<\/tbody>\n<\/table>\n<p><div style=\"clear: both\"><\/div><div class=\"d-flex justify-content-center\"><button data-item=\"decouvrez_link\" data-group=\"website_links\" class=\"goto fw-bold rounded-pill btn btn-orange\" aria-label=\"Descarga la aplicaci\u00f3n Spinsahara\" >Descarga la aplicaci\u00f3n Spinsahara<\/button><\/div><div class=\"scrollable-content-wrap my-5\"><div class=\"scrollable-content-inner\"><h2>Obtenga la versi\u00f3n para Android<\/h2>\n<p>Los usuarios de Android de Spinsahara Casino ahora pueden instalar la aplicaci\u00f3n m\u00f3vil directamente desde nuestro sitio web. Debido a las restricciones de Google Play Store sobre las aplicaciones de apuestas, no es posible descargarla desde all\u00ed. Sin embargo, le ofrecemos una aplicaci\u00f3n web progresiva que se somete a controles peri\u00f3dicos y es completamente segura. No es necesario descargar los archivos Spinsahara APK, ya que ocupar\u00edan la memoria de su tel\u00e9fono y podr\u00edan da\u00f1arlo.<\/p>\n<p>Para instalar la aplicaci\u00f3n Spinsahara de forma r\u00e1pida y sin problemas, siga las instrucciones que se indican a continuaci\u00f3n:<\/p>\n<ol>\n<li>En nuestro sitio web, vaya al pie de p\u00e1gina.<\/li>\n<li>Haga clic en el bot\u00f3n \u00abAplicaci\u00f3n del casino\u00bb. Tras este paso, la instalaci\u00f3n se iniciar\u00e1 autom\u00e1ticamente.<\/li>\n<li>Una vez completado el proceso de instalaci\u00f3n, ver\u00e1s el icono de la marca en tu pantalla de inicio.<\/li>\n<\/ol>\n<p>Si tiene alguna pregunta o problema con la instalaci\u00f3n o el funcionamiento, siempre puede ponerse en contacto con nuestro equipo de asistencia, disponible las 24 horas del d\u00eda, los 7 d\u00edas de la semana. Utilice el chat en vivo para preguntas urgentes y el correo electr\u00f3nico para obtener informaci\u00f3n m\u00e1s detallada, incluyendo capturas de pantalla si es necesario.<\/p>\n<p><img loading=\"lazy\" decoding=\"async\" src=\"https:\/\/spinsaharaonline.org\/wp-content\/uploads\/2025\/11\/Spinsahara-Android-Application.webp\" alt=\"Spinsahara Android Application\" width=\"1248\" height=\"536\" \/><\/p>\n<\/div><\/div><div style=\"clear: both\"><\/div><div class=\"d-flex justify-content-center\"><button data-item=\"decouvrez_link\" data-group=\"website_links\" class=\"goto fw-bold rounded-pill btn btn-orange\" aria-label=\"Descargar Spinsahara\" >Descargar Spinsahara<\/button><\/div><div class=\"scrollable-content-wrap my-5\"><div class=\"scrollable-content-inner\"><h2>Spin Sahara para iPhone y iPad<\/h2>\n<p>No nos hemos olvidado de nuestros jugadores de iOS. Para vosotros, ofrecemos varias opciones muy pr\u00e1cticas: una versi\u00f3n para navegadores m\u00f3viles, un icono de acceso directo para acceder m\u00e1s r\u00e1pidamente o la c\u00f3moda app Spin Sahara. Las tres opciones funcionan perfectamente en todos los iPhone y iPad modernos. Tendr\u00e1s acceso a toda la colecci\u00f3n de juegos, pagos, bonificaciones y servicio de atenci\u00f3n al cliente.<\/p>\n<p>Queremos que tu experiencia m\u00f3vil sea lo m\u00e1s segura posible. Por eso te ofrecemos la posibilidad de configurar la autenticaci\u00f3n de dos factores en la aplicaci\u00f3n Spinsahara Casino. Para evitar fraudes, todos nuestros clientes deben completar un sencillo proceso de verificaci\u00f3n antes de realizar su primer retiro.<\/p>\n<p>La versi\u00f3n m\u00f3vil del sitio web Spinsahara est\u00e1 disponible en cualquier navegador m\u00f3vil, incluidos Google Chrome y Safari. El software m\u00f3vil se puede descargar desde el sitio web a trav\u00e9s del enlace \u00abAplicaci\u00f3n del casino\u00bb que aparece en el pie de p\u00e1gina. Para instalar el icono de acceso directo en su dispositivo iOS, puede seguir nuestras instrucciones a continuaci\u00f3n:<\/p>\n<ol>\n<li>Abre Spinsahara Casino en Safari con tu smartphone o tableta.<\/li>\n<li>Haga clic en el bot\u00f3n \u00abCompartir\u00bb. Se encuentra en la parte inferior de la pantalla.<\/li>\n<li>Selecciona la opci\u00f3n \u00abA\u00f1adir a la pantalla de inicio\u00bb. Tras este paso, aparecer\u00e1 el icono del acceso directo en tu pantalla.<\/li>\n<\/ol>\n<p><img loading=\"lazy\" decoding=\"async\" src=\"https:\/\/spinsaharaonline.org\/wp-content\/uploads\/2025\/11\/Spinsahara-iOS-Application.webp\" alt=\"Spinsahara iOS Application\" width=\"1248\" height=\"536\" \/><\/p>\n<\/div><\/div><div style=\"clear: both\"><\/div><div class=\"d-flex justify-content-center\"><button data-item=\"decouvrez_link\" data-group=\"website_links\" class=\"goto fw-bold rounded-pill btn btn-orange\" aria-label=\"Descarga la aplicaci\u00f3n Spinsahara\" >Descarga la aplicaci\u00f3n Spinsahara<\/button><\/div><div class=\"scrollable-content-wrap my-5\"><div class=\"scrollable-content-inner\"><h2>Spinsahara versi\u00f3n de escritorio para Windows y Mac<\/h2>\n<p>Aunque la versi\u00f3n de escritorio de Spinsahara es la opci\u00f3n m\u00e1s cl\u00e1sica, sigue siendo muy pr\u00e1ctica. Muchos usuarios prefieren jugar en una pantalla grande para sumergirse m\u00e1s profundamente en la experiencia. Puedes utilizar Spinsahara Casino en cualquier navegador o instalar un icono de acceso directo.<\/p>\n<p>Ambas opciones son convenientes para cualquier PC moderna y ofrecen una amplia gama de juegos. Para instalar un icono de acceso directo y obtener acceso a Spin Sahara en solo unos segundos, debe hacer clic en el bot\u00f3n \u00abM\u00e1s\u00bb en la barra de direcciones mientras se encuentra en nuestro sitio web. En la lista de opciones, debe hacer clic en \u00abA\u00f1adir a la pantalla de inicio\u00bb. Ahora tendr\u00e1s el icono de acceso directo en tu pantalla principal para que puedas disfrutar de todas las funciones del casino online m\u00e1s r\u00e1pidamente.<\/p>\n<p><img loading=\"lazy\" decoding=\"async\" src=\"https:\/\/spinsaharaonline.org\/wp-content\/uploads\/2025\/11\/Spinsahara-Desktop.webp\" alt=\"Spinsahara Desktop\" width=\"1248\" height=\"536\" \/><\/p>\n<\/div><\/div><div style=\"clear: both\"><\/div><div class=\"d-flex justify-content-center\"><button data-item=\"decouvrez_link\" data-group=\"website_links\" class=\"goto fw-bold rounded-pill btn btn-orange\" aria-label=\"Descargar Spinsahara\" >Descargar Spinsahara<\/button><\/div><div class=\"scrollable-content-wrap my-5\"><div class=\"scrollable-content-inner\"><h2>Preguntas frecuentes<\/h2>\n<h3>\u00bfLa aplicaci\u00f3n Spin Sahara est\u00e1 disponible tanto para Android como para iOS?<\/h3>\n<p>Los usuarios pueden acceder a la aplicaci\u00f3n Spinsahara desde cualquier dispositivo iOS o Android moderno. Puede instalarla de forma gratuita en nuestro sitio web.<\/p>\n<h3>\u00bfPuedo usar la misma cuenta en la aplicaci\u00f3n m\u00f3vil y en la versi\u00f3n de escritorio?<\/h3>\n<p>De acuerdo con las normas de Spinsahara Casino, cada persona solo puede tener una cuenta en nuestra plataforma. Por eso debes utilizar la misma cuenta. Todos tus datos y tu progreso se sincronizar\u00e1n entre los dispositivos.<\/p>\n<h3>\u00bfLa aplicaci\u00f3n ofrece los mismos juegos y funciones que el sitio web?<\/h3>\n<p>La aplicaci\u00f3n Spinsahara ofrece la versi\u00f3n completa de la colecci\u00f3n de juegos, que incluye m\u00e1s de 6.000 t\u00edtulos. Podr\u00e1s disfrutar de m\u00e1quinas tragamonedas, juegos de mesa, opciones con crupier en vivo y t\u00edtulos con premios instant\u00e1neos desde tu dispositivo m\u00f3vil.<\/p>\n<\/div><\/div><\/p>\n","protected":false},"excerpt":{"rendered":"<p>Casino Spinsahara aplicaci\u00f3n m\u00f3vil Si no siempre puedes estar delante del ordenador para jugar a tus juegos favoritos, tienes que probar la Spinsahara App. Este pr\u00e1ctico software m\u00f3vil tiene un dise\u00f1o adaptable que funciona en todos los dispositivos Android e iOS modernos. Despu\u00e9s de iniciar sesi\u00f3n o registrarte, tendr\u00e1s acceso a una colecci\u00f3n completa de [&hellip;]<\/p>\n","protected":false},"author":1,"featured_media":0,"parent":0,"menu_order":0,"comment_status":"closed","ping_status":"closed","template":"template-builder.php","meta":{"_acf_changed":false,"inline_featured_image":false,"footnotes":""},"class_list":["post-1429","page","type-page","status-publish","hentry"],"acf":[],"yoast_head":"<!-- This site is optimized with the Yoast SEO plugin v27.3 - https:\/\/yoast.com\/product\/yoast-seo-wordpress\/ -->\n<title>Descargar Spinsahara Casino App | iOS y Android<\/title>\n<meta name=\"description\" content=\"Vayas donde vayas, tus juegos favoritos te acompa\u00f1an. Disfruta de tragamonedas y juegos de mesa en la app m\u00f3vil de Spin Sahara para iOS y Android.\" \/>\n<meta name=\"robots\" content=\"index, follow, max-snippet:-1, max-image-preview:large, max-video-preview:-1\" \/>\n<link rel=\"canonical\" href=\"https:\/\/spinsaharaonline.org\/es\/aplicacion\/\" \/>\n<meta property=\"og:locale\" content=\"es_ES\" \/>\n<meta property=\"og:type\" content=\"article\" \/>\n<meta property=\"og:title\" content=\"Descargar Spinsahara Casino App | iOS y Android\" \/>\n<meta property=\"og:description\" content=\"Vayas donde vayas, tus juegos favoritos te acompa\u00f1an. Disfruta de tragamonedas y juegos de mesa en la app m\u00f3vil de Spin Sahara para iOS y Android.\" \/>\n<meta property=\"og:url\" content=\"https:\/\/spinsaharaonline.org\/es\/aplicacion\/\" \/>\n<meta property=\"og:site_name\" content=\"spinsahara\" \/>\n<meta property=\"article:modified_time\" content=\"2025-11-25T11:49:15+00:00\" \/>\n<meta name=\"twitter:card\" content=\"summary_large_image\" \/>\n<meta name=\"twitter:label1\" content=\"Est. reading time\" \/>\n\t<meta name=\"twitter:data1\" content=\"2 minutes\" \/>\n<script type=\"application\/ld+json\" class=\"yoast-schema-graph\">{\"@context\":\"https:\\\/\\\/schema.org\",\"@graph\":[{\"@type\":\"WebPage\",\"@id\":\"https:\\\/\\\/spinsaharaonline.org\\\/es\\\/aplicacion\\\/\",\"url\":\"https:\\\/\\\/spinsaharaonline.org\\\/es\\\/aplicacion\\\/\",\"name\":\"Descargar Spinsahara Casino App | iOS y Android\",\"isPartOf\":{\"@id\":\"https:\\\/\\\/spinsaharaonline.org\\\/es\\\/#website\"},\"datePublished\":\"2025-11-25T06:03:05+00:00\",\"dateModified\":\"2025-11-25T11:49:15+00:00\",\"description\":\"Vayas donde vayas, tus juegos favoritos te acompa\u00f1an. Disfruta de tragamonedas y juegos de mesa en la app m\u00f3vil de Spin Sahara para iOS y Android.\",\"breadcrumb\":{\"@id\":\"https:\\\/\\\/spinsaharaonline.org\\\/es\\\/aplicacion\\\/#breadcrumb\"},\"inLanguage\":\"es-ES\",\"potentialAction\":[{\"@type\":\"ReadAction\",\"target\":[\"https:\\\/\\\/spinsaharaonline.org\\\/es\\\/aplicacion\\\/\"]}]},{\"@type\":\"BreadcrumbList\",\"@id\":\"https:\\\/\\\/spinsaharaonline.org\\\/es\\\/aplicacion\\\/#breadcrumb\",\"itemListElement\":[{\"@type\":\"ListItem\",\"position\":1,\"name\":\"Spinsahara\",\"item\":\"https:\\\/\\\/spinsaharaonline.org\\\/es\\\/\"},{\"@type\":\"ListItem\",\"position\":2,\"name\":\"Aplicaci\u00f3n\"}]},{\"@type\":\"WebSite\",\"@id\":\"https:\\\/\\\/spinsaharaonline.org\\\/es\\\/#website\",\"url\":\"https:\\\/\\\/spinsaharaonline.org\\\/es\\\/\",\"name\":\"Spinsahara\",\"description\":\"\",\"publisher\":{\"@id\":\"https:\\\/\\\/spinsaharaonline.org\\\/es\\\/#organization\"},\"potentialAction\":[{\"@type\":\"SearchAction\",\"target\":{\"@type\":\"EntryPoint\",\"urlTemplate\":\"https:\\\/\\\/spinsaharaonline.org\\\/es\\\/?s={search_term_string}\"},\"query-input\":{\"@type\":\"PropertyValueSpecification\",\"valueRequired\":true,\"valueName\":\"search_term_string\"}}],\"inLanguage\":\"es-ES\"},{\"@type\":\"Organization\",\"@id\":\"https:\\\/\\\/spinsaharaonline.org\\\/es\\\/#organization\",\"name\":\"Spinsahara\",\"url\":\"https:\\\/\\\/spinsaharaonline.org\\\/es\\\/\",\"logo\":{\"@type\":\"ImageObject\",\"inLanguage\":\"es-ES\",\"@id\":\"https:\\\/\\\/spinsaharaonline.org\\\/es\\\/#\\\/schema\\\/logo\\\/image\\\/\",\"url\":\"https:\\\/\\\/spinsaharaonline.org\\\/wp-content\\\/uploads\\\/2025\\\/11\\\/logo.svg\",\"contentUrl\":\"https:\\\/\\\/spinsaharaonline.org\\\/wp-content\\\/uploads\\\/2025\\\/11\\\/logo.svg\",\"width\":160,\"height\":31,\"caption\":\"Spinsahara\"},\"image\":{\"@id\":\"https:\\\/\\\/spinsaharaonline.org\\\/es\\\/#\\\/schema\\\/logo\\\/image\\\/\"}}]}<\/script>\n<!-- \/ Yoast SEO plugin. -->","yoast_head_json":{"title":"Descargar Spinsahara Casino App | iOS y Android","description":"Vayas donde vayas, tus juegos favoritos te acompa\u00f1an. Disfruta de tragamonedas y juegos de mesa en la app m\u00f3vil de Spin Sahara para iOS y Android.","robots":{"index":"index","follow":"follow","max-snippet":"max-snippet:-1","max-image-preview":"max-image-preview:large","max-video-preview":"max-video-preview:-1"},"canonical":"https:\/\/spinsaharaonline.org\/es\/aplicacion\/","og_locale":"es_ES","og_type":"article","og_title":"Descargar Spinsahara Casino App | iOS y Android","og_description":"Vayas donde vayas, tus juegos favoritos te acompa\u00f1an. Disfruta de tragamonedas y juegos de mesa en la app m\u00f3vil de Spin Sahara para iOS y Android.","og_url":"https:\/\/spinsaharaonline.org\/es\/aplicacion\/","og_site_name":"spinsahara","article_modified_time":"2025-11-25T11:49:15+00:00","twitter_card":"summary_large_image","twitter_misc":{"Est. reading time":"2 minutes"},"schema":{"@context":"https:\/\/schema.org","@graph":[{"@type":"WebPage","@id":"https:\/\/spinsaharaonline.org\/es\/aplicacion\/","url":"https:\/\/spinsaharaonline.org\/es\/aplicacion\/","name":"Descargar Spinsahara Casino App | iOS y Android","isPartOf":{"@id":"https:\/\/spinsaharaonline.org\/es\/#website"},"datePublished":"2025-11-25T06:03:05+00:00","dateModified":"2025-11-25T11:49:15+00:00","description":"Vayas donde vayas, tus juegos favoritos te acompa\u00f1an. Disfruta de tragamonedas y juegos de mesa en la app m\u00f3vil de Spin Sahara para iOS y Android.","breadcrumb":{"@id":"https:\/\/spinsaharaonline.org\/es\/aplicacion\/#breadcrumb"},"inLanguage":"es-ES","potentialAction":[{"@type":"ReadAction","target":["https:\/\/spinsaharaonline.org\/es\/aplicacion\/"]}]},{"@type":"BreadcrumbList","@id":"https:\/\/spinsaharaonline.org\/es\/aplicacion\/#breadcrumb","itemListElement":[{"@type":"ListItem","position":1,"name":"Spinsahara","item":"https:\/\/spinsaharaonline.org\/es\/"},{"@type":"ListItem","position":2,"name":"Aplicaci\u00f3n"}]},{"@type":"WebSite","@id":"https:\/\/spinsaharaonline.org\/es\/#website","url":"https:\/\/spinsaharaonline.org\/es\/","name":"Spinsahara","description":"","publisher":{"@id":"https:\/\/spinsaharaonline.org\/es\/#organization"},"potentialAction":[{"@type":"SearchAction","target":{"@type":"EntryPoint","urlTemplate":"https:\/\/spinsaharaonline.org\/es\/?s={search_term_string}"},"query-input":{"@type":"PropertyValueSpecification","valueRequired":true,"valueName":"search_term_string"}}],"inLanguage":"es-ES"},{"@type":"Organization","@id":"https:\/\/spinsaharaonline.org\/es\/#organization","name":"Spinsahara","url":"https:\/\/spinsaharaonline.org\/es\/","logo":{"@type":"ImageObject","inLanguage":"es-ES","@id":"https:\/\/spinsaharaonline.org\/es\/#\/schema\/logo\/image\/","url":"https:\/\/spinsaharaonline.org\/wp-content\/uploads\/2025\/11\/logo.svg","contentUrl":"https:\/\/spinsaharaonline.org\/wp-content\/uploads\/2025\/11\/logo.svg","width":160,"height":31,"caption":"Spinsahara"},"image":{"@id":"https:\/\/spinsaharaonline.org\/es\/#\/schema\/logo\/image\/"}}]}},"_links":{"self":[{"href":"https:\/\/spinsaharaonline.org\/es\/wp-json\/wp\/v2\/pages\/1429","targetHints":{"allow":["GET"]}}],"collection":[{"href":"https:\/\/spinsaharaonline.org\/es\/wp-json\/wp\/v2\/pages"}],"about":[{"href":"https:\/\/spinsaharaonline.org\/es\/wp-json\/wp\/v2\/types\/page"}],"author":[{"embeddable":true,"href":"https:\/\/spinsaharaonline.org\/es\/wp-json\/wp\/v2\/users\/1"}],"replies":[{"embeddable":true,"href":"https:\/\/spinsaharaonline.org\/es\/wp-json\/wp\/v2\/comments?post=1429"}],"version-history":[{"count":2,"href":"https:\/\/spinsaharaonline.org\/es\/wp-json\/wp\/v2\/pages\/1429\/revisions"}],"predecessor-version":[{"id":1824,"href":"https:\/\/spinsaharaonline.org\/es\/wp-json\/wp\/v2\/pages\/1429\/revisions\/1824"}],"wp:attachment":[{"href":"https:\/\/spinsaharaonline.org\/es\/wp-json\/wp\/v2\/media?parent=1429"}],"curies":[{"name":"wp","href":"https:\/\/api.w.org\/{rel}","templated":true}]}}