{"id":1474,"date":"2025-11-25T06:05:46","date_gmt":"2025-11-25T06:05:46","guid":{"rendered":"https:\/\/spinsaharaonline.org\/login-and-registration\/"},"modified":"2025-11-25T11:50:56","modified_gmt":"2025-11-25T11:50:56","slug":"inicio-de-sesion-y-registro","status":"publish","type":"page","link":"https:\/\/spinsaharaonline.org\/es\/inicio-de-sesion-y-registro\/","title":{"rendered":"Inicio de sesi\u00f3n y Registro"},"content":{"rendered":"<h1>Inicio de sesi\u00f3n en Spinsahara y registro de perfil<\/h1>\n<p>Para empezar a jugar con dinero real, aprovechar los bonos y utilizar nuestro servicio de asistencia multiling\u00fce disponible las 24 horas del d\u00eda, los 7 d\u00edas de la semana, debes completar el proceso de Spinsahara login. Los usuarios espa\u00f1oles solo necesitan una direcci\u00f3n de correo electr\u00f3nico y una contrase\u00f1a para crear una nueva cuenta. El proceso no dura m\u00e1s de 5 minutos. Debes tener al menos 18 a\u00f1os para ser miembro de Spinsahara Casino y disfrutar de todas las ventajas del proceso de juego.<\/p>\n<p><div class=\"banner-wrap\" aria-label=\"Banner\"><img src=\"https:\/\/spinsaharaonline.org\/wp-content\/uploads\/2025\/11\/Spinsahara-banner-carousel-932\u0445400-12.webp\" class=\"w-100 d-none d-lg-block img-pc main-banner-img\" alt=\"Spinsahara banner desktop\" fetchpriority=\"high\" decoding=\"async\"><img src=\"https:\/\/spinsaharaonline.org\/wp-content\/uploads\/2025\/12\/Frame-35.webp\" class=\"w-100 d-none d-md-block d-lg-none main-banner-img\" alt=\"Spinsahara banner mobile\" fetchpriority=\"high\" decoding=\"async\"><img src=\"https:\/\/spinsaharaonline.org\/wp-content\/uploads\/2025\/12\/Frame-35.webp\" class=\"w-100 d-md-none\" alt=\"Spinsahara banner mobile\" fetchpriority=\"high\" decoding=\"async\"><div class=\"banner-description\">\n<div class=\"banner-title\">Bonos de bienvenida<\/div>\n<p class=\"banner-header-title\">1500 \u20ac<\/p>\n<div class=\"banner-header-AdditionalText\">+ 250 Giros gratis<\/div>\n<button data-item=\"homepage_banner_link\" class=\"goto m-button m-gradient-border m-button--primary m-button--large banner-button btn-orange\">\n            <div class=\"m-button-content\">\n                <span>Reg\u00edstrese ahora<\/span>\n                <span><\/span>\n            <\/div>\n        <\/button>\n<\/div>\n<div class=\"WelcomePack\">\n<p><img loading=\"lazy\" decoding=\"async\" class=\"alignnone size-full wp-image-1340\" src=\"https:\/\/spinsaharaonline.org\/wp-content\/uploads\/2025\/11\/welcome-crown.svg\" alt=\"crown\" width=\"25\" height=\"26\" \/><\/p>\n<div class=\"WelcomePack-Info\">Reembolso semanal de hasta el 25 %<\/div>\n<p><img loading=\"lazy\" decoding=\"async\" class=\"alignnone size-full wp-image-1340\" src=\"https:\/\/spinsaharaonline.org\/wp-content\/uploads\/2025\/11\/welcome-crown.svg\" alt=\"crown\" width=\"25\" height=\"26\" \/><\/p>\n<\/div>\n<\/div><div class=\"scrollable-content-wrap my-5\"><div class=\"scrollable-content-inner\"><h2>Inicio de sesi\u00f3n en Spin Sahara y gesti\u00f3n del perfil<\/h2>\n<p>El primer paso en nuestro sitio web es completar el inicio de sesi\u00f3n en Spinsahara. Despu\u00e9s de eso, podr\u00e1s empezar con m\u00e1s de 6.000 t\u00edtulos. Tu cuenta te da acceso a muchas funciones necesarias. En primer lugar, puedes gestionar tu informaci\u00f3n personal y de pago en cualquier momento. En la configuraci\u00f3n de tu cuenta, encontrar\u00e1s las herramientas de juego responsable, que son muy \u00fatiles si sientes que Spin Sahara Casino tiene un impacto negativo en tu vida.<\/p>\n<p>No es necesario seguir muchos pasos para completar el inicio de sesi\u00f3n en Spinsahara. Para hacerlo de forma r\u00e1pida y sencilla, puede seguir nuestras instrucciones a continuaci\u00f3n:<\/p>\n<ol>\n<li>Haga clic en el bot\u00f3n \u00abIniciar sesi\u00f3n\u00bb en la p\u00e1gina de inicio de Spin Sahara.<\/li>\n<li>Introduzca su direcci\u00f3n de correo electr\u00f3nico v\u00e1lida y cree una contrase\u00f1a, que puede tener m\u00e1s de 6 caracteres.<\/li>\n<li>Los usuarios deben confirmar que son mayores de 18 a\u00f1os y aceptar las normas del sitio web.<\/li>\n<li>Para finalizar el proceso de inicio de sesi\u00f3n en Spinsahara, comprueba la informaci\u00f3n introducida y haz clic en \u00abIniciar sesi\u00f3n\u00bb.<\/li>\n<\/ol>\n<h3>Funciones de seguridad de tu cuenta<\/h3>\n<p>Spinsahara Casino no solo se preocupa por tu diversi\u00f3n, sino tambi\u00e9n por tu seguridad. Tomamos medidas espec\u00edficas para garantizar que todas tus acciones y todos los datos que introduzcas est\u00e9n protegidos y no puedan ser accedidos por terceros. La siguiente tabla muestra las principales caracter\u00edsticas de seguridad al completar un inicio de sesi\u00f3n en Spinsahara.<\/p>\n<table>\n<tbody>\n<tr>\n<td>Caracter\u00edstica<\/td>\n<td>Descripci\u00f3n<\/td>\n<td>Beneficio para el jugador<\/td>\n<\/tr>\n<tr>\n<td>Autenticaci\u00f3n de dos factores (2FA)<\/td>\n<td>A\u00f1ade un paso de verificaci\u00f3n adicional mediante SMS, correo electr\u00f3nico o aplicaciones de autenticaci\u00f3n al iniciar sesi\u00f3n.<\/td>\n<td>Proporciona una protecci\u00f3n s\u00f3lida contra el acceso no autorizado, incluso si alguien conoce tu contrase\u00f1a.<\/td>\n<\/tr>\n<tr>\n<td>Cifrado SSL (Capa de conexi\u00f3n segura)<\/td>\n<td>Cifra todos los datos transmitidos entre tu dispositivo y los servidores del casino.<\/td>\n<td>Tu informaci\u00f3n personal y financiera est\u00e1 a salvo de ser interceptada.<\/td>\n<\/tr>\n<tr>\n<td>Supervisi\u00f3n antifraude<\/td>\n<td>Los sistemas automatizados detectan patrones de inicio de sesi\u00f3n inusuales o actividades sospechosas en las cuentas.<\/td>\n<td>Este paso evita el acceso fraudulento y preserva la integridad de la cuenta.<\/td>\n<\/tr>\n<tr>\n<td>Requisitos de seguridad de la contrase\u00f1a<\/td>\n<td>Spin Sahara requiere contrase\u00f1as seguras (por ejemplo, un m\u00ednimo de 6 caracteres).<\/td>\n<td>Reduce el riesgo de ataques de fuerza bruta.<\/td>\n<\/tr>\n<tr>\n<td>Herramientas de recuperaci\u00f3n segura<\/td>\n<td>Los enlaces para restablecer la contrase\u00f1a y la verificaci\u00f3n de identidad garantizan que solo t\u00fa puedas recuperar la cuenta.<\/td>\n<td>Proporciona una forma segura de restaurar tu cuenta si pierdes el acceso.<\/td>\n<\/tr>\n<\/tbody>\n<\/table>\n<h2>Crea tu cuenta Spinsahara<\/h2>\n<p>Crear una nueva cuenta en Spinsahara Casino no lleva mucho tiempo. Para el registro principal, solo te pediremos una direcci\u00f3n de correo electr\u00f3nico y una contrase\u00f1a. Por favor, crea una contrase\u00f1a segura para que solo t\u00fa puedas acceder a ella. Despu\u00e9s de registrarse en nuestra plataforma y realizar el primer dep\u00f3sito, cada jugador recibe autom\u00e1ticamente un paquete de bienvenida de hasta 1.500 \u20ac + 250 tiradas gratis. Para registrarte en Spin Sahara en pocos minutos, solo tienes que seguir nuestras instrucciones a continuaci\u00f3n:<\/p>\n<ol>\n<li>En la p\u00e1gina principal, haz clic en el bot\u00f3n \u00abRegistrarse\u00bb.<\/li>\n<li>Rellene los campos del formulario de registro: correo electr\u00f3nico y contrase\u00f1a.<\/li>\n<li>Confirme que es mayor de 18 a\u00f1os y acepte los t\u00e9rminos y condiciones del sitio web.<\/li>\n<li>Haga clic en el bot\u00f3n \u00abRegistrarse\u00bb al final del formulario.<\/li>\n<li>Siga el enlace que ha recibido por correo electr\u00f3nico para confirmar sus datos.<\/li>\n<li>Rellene el formulario con sus datos personales, como su nombre completo, fecha de nacimiento y direcci\u00f3n. Puede omitir este paso y completarlo m\u00e1s tarde.<\/li>\n<li>Haga clic en el bot\u00f3n \u00abGuardar\u00bb para finalizar el registro.<\/li>\n<\/ol>\n<h3>Recuperar acceso a la cuenta<\/h3>\n<p>No pasa nada si olvidas parte de tu informaci\u00f3n personal o de inicio de sesi\u00f3n: tenemos una soluci\u00f3n para ti. No perder\u00e1s el acceso a tu cuenta personal, ya que ofrecemos una funci\u00f3n especial de restablecimiento. Si has olvidado tu contrase\u00f1a para iniciar sesi\u00f3n en Spinsahara, solo tienes que hacer clic en el enlace \u00ab\u00bfHas olvidado tu contrase\u00f1a?\u00bb del formulario de inicio de sesi\u00f3n. A continuaci\u00f3n, debes introducir la direcci\u00f3n de correo electr\u00f3nico que utilizaste anteriormente y te enviaremos un enlace para restablecerla.<\/p>\n<h2>Verifica tu perfil de Spinsahara<\/h2>\n<p>De acuerdo con las normas de nuestra plataforma, debemos asegurarnos de que cada persona tenga solo una cuenta en Spinsahara Casino. Adem\u00e1s, deber\u00e1 confirmar su edad, direcci\u00f3n postal y titularidad del m\u00e9todo de pago. El proceso de verificaci\u00f3n se lleva a cabo antes de la primera retirada de fondos y se aplica a todos nuestros usuarios, independientemente de su regi\u00f3n.<\/p>\n<p>Para verificar tu identidad, deber\u00e1s subir fotos o copias de tus documentos a tu cuenta personal. Los documentos incluyen tu documento de identidad, pasaporte o permiso de conducir. Adem\u00e1s, deber\u00e1s subir una factura de servicios p\u00fablicos y un extracto bancario.<\/p>\n<p>Nuestros gestores de Spinsahara revisar\u00e1n tus documentos en un plazo de 48 horas y te comunicar\u00e1n su decisi\u00f3n. Una vez verificada tu identidad, podr\u00e1s retirar tus ganancias sin ning\u00fan problema ni demora.<\/p>\n<h2>Preguntas frecuentes<\/h2>\n<h3>\u00bfQu\u00e9 informaci\u00f3n se necesita para completar el registro?<\/h3>\n<p>Para crear una nueva cuenta en Spinsahara Casino, debe proporcionar su direcci\u00f3n de correo electr\u00f3nico y crear una contrase\u00f1a. Tambi\u00e9n le solicitaremos su informaci\u00f3n personal para fines de verificaci\u00f3n futura.<\/p>\n<h3>\u00bfC\u00f3mo puedo iniciar sesi\u00f3n si olvido mi contrase\u00f1a?<\/h3>\n<p>Si no recuerda su contrase\u00f1a, debe hacer clic en el enlace \u00ab\u00bfOlvid\u00f3 su contrase\u00f1a?\u00bb del formulario de inicio de sesi\u00f3n para restablecerla y crear una nueva. Una vez completado el proceso, debe utilizar la nueva contrase\u00f1a para acceder a su cuenta de Spinsahara Casino.<\/p>\n<h3>\u00bfPor qu\u00e9 no puedo acceder a mi cuenta Spin Sahara?<\/h3>\n<p>Debe comprobar si ha introducido la informaci\u00f3n correcta, como el correo electr\u00f3nico y la contrase\u00f1a. Si sigue sin poder completar el proceso de inicio de sesi\u00f3n en Spinsahara, le recomendamos que se ponga en contacto con nuestro equipo de asistencia, disponible las 24 horas del d\u00eda, los 7 d\u00edas de la semana, a trav\u00e9s del chat en vivo o por correo electr\u00f3nico.<\/p>\n<\/div><\/div><\/p>\n","protected":false},"excerpt":{"rendered":"<p>Inicio de sesi\u00f3n en Spinsahara y registro de perfil Para empezar a jugar con dinero real, aprovechar los bonos y utilizar nuestro servicio de asistencia multiling\u00fce disponible las 24 horas del d\u00eda, los 7 d\u00edas de la semana, debes completar el proceso de Spinsahara login. Los usuarios espa\u00f1oles solo necesitan una direcci\u00f3n de correo electr\u00f3nico [&hellip;]<\/p>\n","protected":false},"author":1,"featured_media":0,"parent":0,"menu_order":0,"comment_status":"closed","ping_status":"closed","template":"template-builder.php","meta":{"_acf_changed":false,"inline_featured_image":false,"footnotes":""},"class_list":["post-1474","page","type-page","status-publish","hentry"],"acf":[],"yoast_head":"<!-- This site is optimized with the Yoast SEO plugin v27.3 - https:\/\/yoast.com\/product\/yoast-seo-wordpress\/ -->\n<title>Spinsahara Login | Registro y gesti\u00f3n de cuentas<\/title>\n<meta name=\"description\" content=\"Empieza con tu Spin Sahara login. Los nuevos usuarios pueden registrarse f\u00e1cilmente y los jugadores existentes pueden volver en cualquier momento para administrar su cuenta y contactar con el servicio de atenci\u00f3n al cliente 24\/7.\" \/>\n<meta name=\"robots\" content=\"index, follow, max-snippet:-1, max-image-preview:large, max-video-preview:-1\" \/>\n<link rel=\"canonical\" href=\"https:\/\/spinsaharaonline.org\/es\/inicio-de-sesion-y-registro\/\" \/>\n<meta property=\"og:locale\" content=\"es_ES\" \/>\n<meta property=\"og:type\" content=\"article\" \/>\n<meta property=\"og:title\" content=\"Spinsahara Login | Registro y gesti\u00f3n de cuentas\" \/>\n<meta property=\"og:description\" content=\"Empieza con tu Spin Sahara login. Los nuevos usuarios pueden registrarse f\u00e1cilmente y los jugadores existentes pueden volver en cualquier momento para administrar su cuenta y contactar con el servicio de atenci\u00f3n al cliente 24\/7.\" \/>\n<meta property=\"og:url\" content=\"https:\/\/spinsaharaonline.org\/es\/inicio-de-sesion-y-registro\/\" \/>\n<meta property=\"og:site_name\" content=\"spinsahara\" \/>\n<meta property=\"article:modified_time\" content=\"2025-11-25T11:50:56+00:00\" \/>\n<meta name=\"twitter:card\" content=\"summary_large_image\" \/>\n<meta name=\"twitter:label1\" content=\"Est. reading time\" \/>\n\t<meta name=\"twitter:data1\" content=\"1 minute\" \/>\n<script type=\"application\/ld+json\" class=\"yoast-schema-graph\">{\"@context\":\"https:\\\/\\\/schema.org\",\"@graph\":[{\"@type\":\"WebPage\",\"@id\":\"https:\\\/\\\/spinsaharaonline.org\\\/es\\\/inicio-de-sesion-y-registro\\\/\",\"url\":\"https:\\\/\\\/spinsaharaonline.org\\\/es\\\/inicio-de-sesion-y-registro\\\/\",\"name\":\"Spinsahara Login | Registro y gesti\u00f3n de cuentas\",\"isPartOf\":{\"@id\":\"https:\\\/\\\/spinsaharaonline.org\\\/es\\\/#website\"},\"datePublished\":\"2025-11-25T06:05:46+00:00\",\"dateModified\":\"2025-11-25T11:50:56+00:00\",\"description\":\"Empieza con tu Spin Sahara login. Los nuevos usuarios pueden registrarse f\u00e1cilmente y los jugadores existentes pueden volver en cualquier momento para administrar su cuenta y contactar con el servicio de atenci\u00f3n al cliente 24\\\/7.\",\"breadcrumb\":{\"@id\":\"https:\\\/\\\/spinsaharaonline.org\\\/es\\\/inicio-de-sesion-y-registro\\\/#breadcrumb\"},\"inLanguage\":\"es-ES\",\"potentialAction\":[{\"@type\":\"ReadAction\",\"target\":[\"https:\\\/\\\/spinsaharaonline.org\\\/es\\\/inicio-de-sesion-y-registro\\\/\"]}]},{\"@type\":\"BreadcrumbList\",\"@id\":\"https:\\\/\\\/spinsaharaonline.org\\\/es\\\/inicio-de-sesion-y-registro\\\/#breadcrumb\",\"itemListElement\":[{\"@type\":\"ListItem\",\"position\":1,\"name\":\"Spinsahara\",\"item\":\"https:\\\/\\\/spinsaharaonline.org\\\/es\\\/\"},{\"@type\":\"ListItem\",\"position\":2,\"name\":\"Inicio de sesi\u00f3n y Registro\"}]},{\"@type\":\"WebSite\",\"@id\":\"https:\\\/\\\/spinsaharaonline.org\\\/es\\\/#website\",\"url\":\"https:\\\/\\\/spinsaharaonline.org\\\/es\\\/\",\"name\":\"Spinsahara\",\"description\":\"\",\"publisher\":{\"@id\":\"https:\\\/\\\/spinsaharaonline.org\\\/es\\\/#organization\"},\"potentialAction\":[{\"@type\":\"SearchAction\",\"target\":{\"@type\":\"EntryPoint\",\"urlTemplate\":\"https:\\\/\\\/spinsaharaonline.org\\\/es\\\/?s={search_term_string}\"},\"query-input\":{\"@type\":\"PropertyValueSpecification\",\"valueRequired\":true,\"valueName\":\"search_term_string\"}}],\"inLanguage\":\"es-ES\"},{\"@type\":\"Organization\",\"@id\":\"https:\\\/\\\/spinsaharaonline.org\\\/es\\\/#organization\",\"name\":\"Spinsahara\",\"url\":\"https:\\\/\\\/spinsaharaonline.org\\\/es\\\/\",\"logo\":{\"@type\":\"ImageObject\",\"inLanguage\":\"es-ES\",\"@id\":\"https:\\\/\\\/spinsaharaonline.org\\\/es\\\/#\\\/schema\\\/logo\\\/image\\\/\",\"url\":\"https:\\\/\\\/spinsaharaonline.org\\\/wp-content\\\/uploads\\\/2025\\\/11\\\/logo.svg\",\"contentUrl\":\"https:\\\/\\\/spinsaharaonline.org\\\/wp-content\\\/uploads\\\/2025\\\/11\\\/logo.svg\",\"width\":160,\"height\":31,\"caption\":\"Spinsahara\"},\"image\":{\"@id\":\"https:\\\/\\\/spinsaharaonline.org\\\/es\\\/#\\\/schema\\\/logo\\\/image\\\/\"}}]}<\/script>\n<!-- \/ Yoast SEO plugin. -->","yoast_head_json":{"title":"Spinsahara Login | Registro y gesti\u00f3n de cuentas","description":"Empieza con tu Spin Sahara login. Los nuevos usuarios pueden registrarse f\u00e1cilmente y los jugadores existentes pueden volver en cualquier momento para administrar su cuenta y contactar con el servicio de atenci\u00f3n al cliente 24\/7.","robots":{"index":"index","follow":"follow","max-snippet":"max-snippet:-1","max-image-preview":"max-image-preview:large","max-video-preview":"max-video-preview:-1"},"canonical":"https:\/\/spinsaharaonline.org\/es\/inicio-de-sesion-y-registro\/","og_locale":"es_ES","og_type":"article","og_title":"Spinsahara Login | Registro y gesti\u00f3n de cuentas","og_description":"Empieza con tu Spin Sahara login. Los nuevos usuarios pueden registrarse f\u00e1cilmente y los jugadores existentes pueden volver en cualquier momento para administrar su cuenta y contactar con el servicio de atenci\u00f3n al cliente 24\/7.","og_url":"https:\/\/spinsaharaonline.org\/es\/inicio-de-sesion-y-registro\/","og_site_name":"spinsahara","article_modified_time":"2025-11-25T11:50:56+00:00","twitter_card":"summary_large_image","twitter_misc":{"Est. reading time":"1 minute"},"schema":{"@context":"https:\/\/schema.org","@graph":[{"@type":"WebPage","@id":"https:\/\/spinsaharaonline.org\/es\/inicio-de-sesion-y-registro\/","url":"https:\/\/spinsaharaonline.org\/es\/inicio-de-sesion-y-registro\/","name":"Spinsahara Login | Registro y gesti\u00f3n de cuentas","isPartOf":{"@id":"https:\/\/spinsaharaonline.org\/es\/#website"},"datePublished":"2025-11-25T06:05:46+00:00","dateModified":"2025-11-25T11:50:56+00:00","description":"Empieza con tu Spin Sahara login. Los nuevos usuarios pueden registrarse f\u00e1cilmente y los jugadores existentes pueden volver en cualquier momento para administrar su cuenta y contactar con el servicio de atenci\u00f3n al cliente 24\/7.","breadcrumb":{"@id":"https:\/\/spinsaharaonline.org\/es\/inicio-de-sesion-y-registro\/#breadcrumb"},"inLanguage":"es-ES","potentialAction":[{"@type":"ReadAction","target":["https:\/\/spinsaharaonline.org\/es\/inicio-de-sesion-y-registro\/"]}]},{"@type":"BreadcrumbList","@id":"https:\/\/spinsaharaonline.org\/es\/inicio-de-sesion-y-registro\/#breadcrumb","itemListElement":[{"@type":"ListItem","position":1,"name":"Spinsahara","item":"https:\/\/spinsaharaonline.org\/es\/"},{"@type":"ListItem","position":2,"name":"Inicio de sesi\u00f3n y Registro"}]},{"@type":"WebSite","@id":"https:\/\/spinsaharaonline.org\/es\/#website","url":"https:\/\/spinsaharaonline.org\/es\/","name":"Spinsahara","description":"","publisher":{"@id":"https:\/\/spinsaharaonline.org\/es\/#organization"},"potentialAction":[{"@type":"SearchAction","target":{"@type":"EntryPoint","urlTemplate":"https:\/\/spinsaharaonline.org\/es\/?s={search_term_string}"},"query-input":{"@type":"PropertyValueSpecification","valueRequired":true,"valueName":"search_term_string"}}],"inLanguage":"es-ES"},{"@type":"Organization","@id":"https:\/\/spinsaharaonline.org\/es\/#organization","name":"Spinsahara","url":"https:\/\/spinsaharaonline.org\/es\/","logo":{"@type":"ImageObject","inLanguage":"es-ES","@id":"https:\/\/spinsaharaonline.org\/es\/#\/schema\/logo\/image\/","url":"https:\/\/spinsaharaonline.org\/wp-content\/uploads\/2025\/11\/logo.svg","contentUrl":"https:\/\/spinsaharaonline.org\/wp-content\/uploads\/2025\/11\/logo.svg","width":160,"height":31,"caption":"Spinsahara"},"image":{"@id":"https:\/\/spinsaharaonline.org\/es\/#\/schema\/logo\/image\/"}}]}},"_links":{"self":[{"href":"https:\/\/spinsaharaonline.org\/es\/wp-json\/wp\/v2\/pages\/1474","targetHints":{"allow":["GET"]}}],"collection":[{"href":"https:\/\/spinsaharaonline.org\/es\/wp-json\/wp\/v2\/pages"}],"about":[{"href":"https:\/\/spinsaharaonline.org\/es\/wp-json\/wp\/v2\/types\/page"}],"author":[{"embeddable":true,"href":"https:\/\/spinsaharaonline.org\/es\/wp-json\/wp\/v2\/users\/1"}],"replies":[{"embeddable":true,"href":"https:\/\/spinsaharaonline.org\/es\/wp-json\/wp\/v2\/comments?post=1474"}],"version-history":[{"count":1,"href":"https:\/\/spinsaharaonline.org\/es\/wp-json\/wp\/v2\/pages\/1474\/revisions"}],"predecessor-version":[{"id":1825,"href":"https:\/\/spinsaharaonline.org\/es\/wp-json\/wp\/v2\/pages\/1474\/revisions\/1825"}],"wp:attachment":[{"href":"https:\/\/spinsaharaonline.org\/es\/wp-json\/wp\/v2\/media?parent=1474"}],"curies":[{"name":"wp","href":"https:\/\/api.w.org\/{rel}","templated":true}]}}