{"id":1420,"date":"2025-11-25T06:03:05","date_gmt":"2025-11-25T06:03:05","guid":{"rendered":"https:\/\/spinsaharaonline.org\/app\/"},"modified":"2025-12-24T11:02:20","modified_gmt":"2025-12-24T11:02:20","slug":"app","status":"publish","type":"page","link":"https:\/\/spinsaharaonline.org\/fr\/app\/","title":{"rendered":"App"},"content":{"rendered":"<h1>Casino Spinsahara application mobile<\/h1>\n<p>Si vous ne pouvez pas toujours \u00eatre devant votre ordinateur pour jouer \u00e0 vos jeux pr\u00e9f\u00e9r\u00e9s, vous devez essayer Spinsahara App. Ce logiciel mobile pratique dispose d&rsquo;un design adaptable qui fonctionne sur tous les appareils Android et iOS modernes. Apr\u00e8s vous \u00eatre connect\u00e9 ou inscrit, vous avez acc\u00e8s \u00e0 une collection compl\u00e8te de jeux, \u00e0 des promotions, \u00e0 des tournois et \u00e0 toutes les autres fonctionnalit\u00e9s. Plus de 80 % de nos utilisateurs pr\u00e9f\u00e8rent jouer sur l&rsquo;app Spinsahara depuis leur t\u00e9l\u00e9phone portable.<\/p>\n<div class=\"banner-wrap\" aria-label=\"Banner\"><img src=\"https:\/\/spinsaharaonline.org\/wp-content\/uploads\/2025\/11\/Spinsahara-banner-carousel-932\u0445400-12.webp\" class=\"w-100 d-none d-lg-block img-pc main-banner-img\" alt=\"Spinsahara banner desktop\" fetchpriority=\"high\" decoding=\"async\"><img src=\"https:\/\/spinsaharaonline.org\/wp-content\/uploads\/2025\/12\/Frame-35.webp\" class=\"w-100 d-none d-md-block d-lg-none main-banner-img\" alt=\"Spinsahara banner mobile\" fetchpriority=\"high\" decoding=\"async\"><img src=\"https:\/\/spinsaharaonline.org\/wp-content\/uploads\/2025\/12\/Frame-35.webp\" class=\"w-100 d-md-none\" alt=\"Spinsahara banner mobile\" fetchpriority=\"high\" decoding=\"async\"><div class=\"banner-description\">\n<div class=\"banner-title\">Bonus de bienvenue<\/div>\n<p class=\"banner-header-title\">1000 \u20ac<\/p>\n<div class=\"banner-header-AdditionalText\">+ 100 Tours Gratuits<\/div>\n<button data-item=\"homepage_banner_link\" class=\"goto m-button m-gradient-border m-button--primary m-button--large banner-button btn-orange\">\n            <div class=\"m-button-content\">\n                <span>Inscrivez-vous d\u00e8s maintenant<\/span>\n                <span><\/span>\n            <\/div>\n        <\/button>\n<\/div>\n<div class=\"WelcomePack\">\n<p><img loading=\"lazy\" decoding=\"async\" class=\"alignnone size-full wp-image-1338\" src=\"https:\/\/spinsaharaonline.org\/wp-content\/uploads\/2025\/11\/welcome-crown.svg\" alt=\"crown\" width=\"25\" height=\"26\" \/><\/p>\n<div class=\"WelcomePack-Info\">Cashback hebdomadaire jusqu&rsquo;\u00e0 25 %<\/div>\n<p><img loading=\"lazy\" decoding=\"async\" class=\"alignnone size-full wp-image-1338\" src=\"https:\/\/spinsaharaonline.org\/wp-content\/uploads\/2025\/11\/welcome-crown.svg\" alt=\"crown\" width=\"25\" height=\"26\" \/><\/p>\n<\/div>\n<\/div>\n<h2>Avantages de l&rsquo;acc\u00e8s mobile \u00e0 Spinsahara<\/h2>\n<p>Les utilisateurs choisissent des logiciels mobiles pour leurs loisirs et leurs divertissements afin de rester connect\u00e9s lors de leurs d\u00e9placements. Apr\u00e8s tout, personne ne veut \u00eatre limit\u00e9 par le fait d&rsquo;\u00eatre chez soi ou d&rsquo;avoir un ordinateur. C&rsquo;est pourquoi nous avons d\u00e9velopp\u00e9 l&rsquo;application Spinsahara pour Android et iOS. Elle est le reflet de la version de bureau, mais parfaitement adapt\u00e9e aux appareils \u00e0 \u00e9cran tactile.<\/p>\n<p>Si vous avez d\u00e9j\u00e0 un compte sur Spin Sahara Casino, il vous suffit de vous connecter pour que toutes vos informations personnelles et votre progression dans le jeu soient synchronis\u00e9es entre les appareils. Si vous venez de vous lancer dans l&rsquo;aventure du casino mobile, le formulaire d&rsquo;inscription est accessible \u00e0 tous sur n&rsquo;importe quel appareil.<\/p>\n<p>L&rsquo;app Spinsahara vous donne acc\u00e8s \u00e0 plus de 6 000 titres, dont des machines \u00e0 sous en ligne, des jeux de table, des options de casino en direct et bien plus encore. Nous vous garantissons que votre exp\u00e9rience de jeu sera encore meilleure lorsque vous utiliserez la version mobile.<\/p>\n<table>\n<tbody>\n<tr>\n<td>Fonctionnalit\u00e9<\/td>\n<td>D\u00e9tails<\/td>\n<td>Avantage pour le joueur<\/td>\n<\/tr>\n<tr>\n<td>Acc\u00e8s hors ligne<\/td>\n<td>Les utilisateurs peuvent jouer \u00e0 certains jeux et parcourir certaines sections m\u00eame sans connexion Internet.<\/td>\n<td>Vous ne vous ennuierez jamais, quelle que soit la situation.<\/td>\n<\/tr>\n<tr>\n<td>Notifications push<\/td>\n<td>Vous recevez des mises \u00e0 jour instantan\u00e9es sur les bonus ou les tournois.<\/td>\n<td>Les joueurs ne manquent jamais les promotions ou les offres \u00e0 dur\u00e9e limit\u00e9e.<\/td>\n<\/tr>\n<tr>\n<td>Ajouter \u00e0 l&rsquo;\u00e9cran d&rsquo;accueil<\/td>\n<td>Les utilisateurs doivent installer le logiciel Spin Sahara Casino directement via leur navigateur.<\/td>\n<td>Vous b\u00e9n\u00e9ficiez d&rsquo;un acc\u00e8s rapide sans avoir \u00e0 t\u00e9l\u00e9charger le logiciel depuis l&rsquo;App Store.<\/td>\n<\/tr>\n<tr>\n<td>Chargement rapide<\/td>\n<td>Il dispose d&rsquo;une mise en cache optimis\u00e9e et d&rsquo;une conception l\u00e9g\u00e8re.<\/td>\n<td>Le logiciel offre une exp\u00e9rience fluide, m\u00eame sur les r\u00e9seaux les plus lents.<\/td>\n<\/tr>\n<\/tbody>\n<\/table>\n<p><div style=\"clear: both\"><\/div><div class=\"d-flex justify-content-center\"><button data-item=\"decouvrez_link\" data-group=\"website_links\" class=\"goto fw-bold rounded-pill btn btn-orange\" aria-label=\"T\u00e9l\u00e9chargez l&#039;application Spinsahara\" >T\u00e9l\u00e9chargez l&#039;application Spinsahara<\/button><\/div><div class=\"scrollable-content-wrap my-5\"><div class=\"scrollable-content-inner\"><h2>Obtenir la version Android<\/h2>\n<p>Les utilisateurs Android de Spinsahara Casino peuvent d\u00e9sormais installer l&rsquo;application mobile directement depuis notre site web. En raison des restrictions impos\u00e9es par Google Play Store sur les applications de jeux d&rsquo;argent, vous ne pouvez pas la t\u00e9l\u00e9charger \u00e0 partir de cette plateforme. Mais nous vous proposons une application web progressive qui fait l&rsquo;objet de contr\u00f4les r\u00e9guliers et qui est totalement s\u00e9curis\u00e9e. Vous n&rsquo;avez pas besoin de t\u00e9l\u00e9charger les fichiers APK Spinsahara, car ils occuperaient la m\u00e9moire de votre t\u00e9l\u00e9phone et pourraient l&rsquo;endommager.<\/p>\n<p>Pour installer l&rsquo;application Spinsahara rapidement et sans probl\u00e8me, veuillez suivre les instructions ci-dessous :<\/p>\n<ol>\n<li>Sur notre site Web, rendez-vous en bas de page.<\/li>\n<li>Cliquez sur le bouton \u00ab Application Casino \u00bb. Apr\u00e8s cette \u00e9tape, l&rsquo;installation d\u00e9marrera automatiquement.<\/li>\n<li>Une fois l&rsquo;installation termin\u00e9e, l&rsquo;ic\u00f4ne de la marque appara\u00eetra sur votre \u00e9cran d&rsquo;accueil.<\/li>\n<\/ol>\n<p>Si vous rencontrez des questions ou des probl\u00e8mes li\u00e9s \u00e0 l&rsquo;installation ou au fonctionnement, vous pouvez toujours contacter notre \u00e9quipe d&rsquo;assistance disponible 24 h\/24 et 7 j\/7. Utilisez le chat en direct pour les questions urgentes et envoyez un e-mail pour obtenir des informations plus d\u00e9taill\u00e9es, y compris des captures d&rsquo;\u00e9cran si n\u00e9cessaire.<\/p>\n<p><img loading=\"lazy\" decoding=\"async\" src=\"https:\/\/spinsaharaonline.org\/wp-content\/uploads\/2025\/11\/Spinsahara-Android-Application.webp\" alt=\"Spinsahara Android Application\" width=\"1248\" height=\"536\" \/><\/p>\n<\/div><\/div><div style=\"clear: both\"><\/div><div class=\"d-flex justify-content-center\"><button data-item=\"decouvrez_link\" data-group=\"website_links\" class=\"goto fw-bold rounded-pill btn btn-orange\" aria-label=\"T\u00e9l\u00e9charger Spinsahara\" >T\u00e9l\u00e9charger Spinsahara<\/button><\/div><div class=\"scrollable-content-wrap my-5\"><div class=\"scrollable-content-inner\"><h2>Spin Sahara pour iPhone et iPad<\/h2>\n<p>Nous n&rsquo;avons pas oubli\u00e9 nos joueurs iOS. Pour vous, nous proposons plusieurs options pratiques : une version navigateur mobile, une ic\u00f4ne de raccourci pour un acc\u00e8s plus rapide ou l&rsquo;application pratique Spin Sahara. Ces trois options fonctionnent parfaitement sur tous les iPhone et iPad modernes. Vous avez acc\u00e8s \u00e0 l&rsquo;ensemble de la collection de jeux, aux paiements, aux bonus et au service client.<\/p>\n<p>Nous voulons rendre votre exp\u00e9rience mobile aussi s\u00fbre que possible. C&rsquo;est pourquoi vous avez la possibilit\u00e9 de configurer l&rsquo;authentification \u00e0 deux facteurs dans l&rsquo;application Spinsahara Casino. Afin de pr\u00e9venir toute fraude, tous nos clients doivent suivre une simple proc\u00e9dure de v\u00e9rification avant d&rsquo;effectuer leur premier retrait.<\/p>\n<p>La version mobile du site Web Spinsahara est disponible dans tous les navigateurs mobiles, y compris Google Chrome et Safari. Le logiciel mobile peut \u00eatre t\u00e9l\u00e9charg\u00e9 \u00e0 partir du site Web via le lien \u00ab Casino App \u00bb situ\u00e9 en bas de page. Pour installer l&rsquo;ic\u00f4ne de raccourci sur votre appareil iOS, vous pouvez suivre les instructions ci-dessous :<\/p>\n<ol>\n<li>Ouvrez Spinsahara Casino dans Safari avec votre smartphone ou votre tablette.<\/li>\n<li>Cliquez sur le bouton \u00ab Partager \u00bb. Il se trouve en bas de l&rsquo;\u00e9cran.<\/li>\n<li>S\u00e9lectionnez l&rsquo;option \u00ab Ajouter \u00e0 l&rsquo;\u00e9cran d&rsquo;accueil \u00bb. Une fois cette \u00e9tape effectu\u00e9e, l&rsquo;ic\u00f4ne du raccourci appara\u00eetra sur votre \u00e9cran.<\/li>\n<\/ol>\n<p><img loading=\"lazy\" decoding=\"async\" src=\"https:\/\/spinsaharaonline.org\/wp-content\/uploads\/2025\/11\/Spinsahara-iOS-Application.webp\" alt=\"Spinsahara iOS Application\" width=\"1248\" height=\"536\" \/><\/p>\n<\/div><\/div><div style=\"clear: both\"><\/div><div class=\"d-flex justify-content-center\"><button data-item=\"decouvrez_link\" data-group=\"website_links\" class=\"goto fw-bold rounded-pill btn btn-orange\" aria-label=\"T\u00e9l\u00e9chargez l&#039;application Spinsahara\" >T\u00e9l\u00e9chargez l&#039;application Spinsahara<\/button><\/div><div class=\"scrollable-content-wrap my-5\"><div class=\"scrollable-content-inner\"><h2>Spinsahara version bureau pour Windows et Mac<\/h2>\n<p>Bien que la version bureau de Spinsahara soit l&rsquo;option la plus classique, elle reste pratique. De nombreux utilisateurs pr\u00e9f\u00e8rent jouer sur un grand \u00e9cran pour s&rsquo;immerger davantage dans l&rsquo;exp\u00e9rience. Vous pouvez utiliser Spinsahara Casino dans n&rsquo;importe quel navigateur ou installer une ic\u00f4ne de raccourci.<\/p>\n<p>Les deux options sont pratiques pour tout PC moderne et offrent une large gamme de jeux. Pour installer une ic\u00f4ne de raccourci et acc\u00e9der \u00e0 Spin Sahara en quelques secondes, vous devez cliquer sur le bouton \u00ab Plus \u00bb dans la barre d&rsquo;adresse lorsque vous \u00eates sur notre site web. Dans la liste des options, vous devez cliquer sur \u00ab Ajouter \u00e0 l&rsquo;\u00e9cran d&rsquo;accueil \u00bb. Vous disposerez d\u00e9sormais d&rsquo;une ic\u00f4ne de raccourci sur votre \u00e9cran principal, ce qui vous permettra de profiter plus rapidement de toutes les fonctionnalit\u00e9s du casino en ligne.<\/p>\n<p><img loading=\"lazy\" decoding=\"async\" src=\"https:\/\/spinsaharaonline.org\/wp-content\/uploads\/2025\/11\/Spinsahara-Desktop.webp\" alt=\"Spinsahara Desktop\" width=\"1248\" height=\"536\" \/><\/p>\n<\/div><\/div><div style=\"clear: both\"><\/div><div class=\"d-flex justify-content-center\"><button data-item=\"decouvrez_link\" data-group=\"website_links\" class=\"goto fw-bold rounded-pill btn btn-orange\" aria-label=\"T\u00e9l\u00e9charger Spinsahara\" >T\u00e9l\u00e9charger Spinsahara<\/button><\/div><div class=\"scrollable-content-wrap my-5\"><div class=\"scrollable-content-inner\"><h2>FAQ<\/h2>\n<h3>L&rsquo;application Spin Sahara est-elle disponible \u00e0 la fois sur Android et iOS ?<\/h3>\n<p>Les utilisateurs peuvent acc\u00e9der \u00e0 l&rsquo;app Spinsahara depuis n&rsquo;importe quel appareil iOS ou Android r\u00e9cent. Vous pouvez l&rsquo;installer gratuitement sur notre site web.<\/p>\n<h3>Puis-je utiliser le m\u00eame compte sur l&rsquo;application mobile et la version bureau ?<\/h3>\n<p>Conform\u00e9ment aux r\u00e8gles du Spinsahara Casino, une personne ne peut disposer que d&rsquo;un seul compte sur notre plateforme. C&rsquo;est pourquoi vous devez utiliser le m\u00eame compte. Toutes vos donn\u00e9es et votre progression seront synchronis\u00e9es entre les appareils.<\/p>\n<h3>L&rsquo;application propose-t-elle les m\u00eames jeux et fonctionnalit\u00e9s que le site Web ?<\/h3>\n<p>L&rsquo;app Spinsahara propose la version compl\u00e8te de la collection de jeux, comprenant plus de 6 000 titres. Vous pouvez profiter des machines \u00e0 sous, des jeux de table, des options avec croupier en direct et des titres \u00e0 gains instantan\u00e9s o\u00f9 que vous soyez depuis votre appareil mobile.<\/p>\n<\/div><\/div><\/p>\n","protected":false},"excerpt":{"rendered":"<p>Casino Spinsahara application mobile Si vous ne pouvez pas toujours \u00eatre devant votre ordinateur pour jouer \u00e0 vos jeux pr\u00e9f\u00e9r\u00e9s, vous devez essayer Spinsahara App. Ce logiciel mobile pratique dispose d&rsquo;un design adaptable qui fonctionne sur tous les appareils Android et iOS modernes. Apr\u00e8s vous \u00eatre connect\u00e9 ou inscrit, vous avez acc\u00e8s \u00e0 une collection [&hellip;]<\/p>\n","protected":false},"author":1,"featured_media":0,"parent":0,"menu_order":0,"comment_status":"closed","ping_status":"closed","template":"template-builder.php","meta":{"_acf_changed":false,"inline_featured_image":false,"footnotes":""},"class_list":["post-1420","page","type-page","status-publish","hentry"],"acf":[],"yoast_head":"<!-- This site is optimized with the Yoast SEO plugin v27.3 - https:\/\/yoast.com\/product\/yoast-seo-wordpress\/ -->\n<title>T\u00e9l\u00e9chargez Spinsahara Casino App | iOS et Android<\/title>\n<meta name=\"description\" content=\"O\u00f9 que vous alliez, vos jeux pr\u00e9f\u00e9r\u00e9s vous accompagnent. Profitez des machines \u00e0 sous et des jeux de table sur l&#039;app mobile Spin Sahara pour iOS et Android.\" \/>\n<meta name=\"robots\" content=\"index, follow, max-snippet:-1, max-image-preview:large, max-video-preview:-1\" \/>\n<link rel=\"canonical\" href=\"https:\/\/spinsaharaonline.org\/fr\/app\/\" \/>\n<meta property=\"og:locale\" content=\"fr_FR\" \/>\n<meta property=\"og:type\" content=\"article\" \/>\n<meta property=\"og:title\" content=\"T\u00e9l\u00e9chargez Spinsahara Casino App | iOS et Android\" \/>\n<meta property=\"og:description\" content=\"O\u00f9 que vous alliez, vos jeux pr\u00e9f\u00e9r\u00e9s vous accompagnent. Profitez des machines \u00e0 sous et des jeux de table sur l&#039;app mobile Spin Sahara pour iOS et Android.\" \/>\n<meta property=\"og:url\" content=\"https:\/\/spinsaharaonline.org\/fr\/app\/\" \/>\n<meta property=\"og:site_name\" content=\"spinsahara\" \/>\n<meta property=\"article:modified_time\" content=\"2025-12-24T11:02:20+00:00\" \/>\n<meta name=\"twitter:card\" content=\"summary_large_image\" \/>\n<meta name=\"twitter:label1\" content=\"Dur\u00e9e de lecture estim\u00e9e\" \/>\n\t<meta name=\"twitter:data1\" content=\"2 minutes\" \/>\n<script type=\"application\/ld+json\" class=\"yoast-schema-graph\">{\"@context\":\"https:\\\/\\\/schema.org\",\"@graph\":[{\"@type\":\"WebPage\",\"@id\":\"https:\\\/\\\/spinsaharaonline.org\\\/fr\\\/app\\\/\",\"url\":\"https:\\\/\\\/spinsaharaonline.org\\\/fr\\\/app\\\/\",\"name\":\"T\u00e9l\u00e9chargez Spinsahara Casino App | iOS et Android\",\"isPartOf\":{\"@id\":\"https:\\\/\\\/spinsaharaonline.org\\\/fr\\\/#website\"},\"datePublished\":\"2025-11-25T06:03:05+00:00\",\"dateModified\":\"2025-12-24T11:02:20+00:00\",\"description\":\"O\u00f9 que vous alliez, vos jeux pr\u00e9f\u00e9r\u00e9s vous accompagnent. Profitez des machines \u00e0 sous et des jeux de table sur l'app mobile Spin Sahara pour iOS et Android.\",\"breadcrumb\":{\"@id\":\"https:\\\/\\\/spinsaharaonline.org\\\/fr\\\/app\\\/#breadcrumb\"},\"inLanguage\":\"fr-FR\",\"potentialAction\":[{\"@type\":\"ReadAction\",\"target\":[\"https:\\\/\\\/spinsaharaonline.org\\\/fr\\\/app\\\/\"]}]},{\"@type\":\"BreadcrumbList\",\"@id\":\"https:\\\/\\\/spinsaharaonline.org\\\/fr\\\/app\\\/#breadcrumb\",\"itemListElement\":[{\"@type\":\"ListItem\",\"position\":1,\"name\":\"Spinsahara\",\"item\":\"https:\\\/\\\/spinsaharaonline.org\\\/fr\\\/\"},{\"@type\":\"ListItem\",\"position\":2,\"name\":\"App\"}]},{\"@type\":\"WebSite\",\"@id\":\"https:\\\/\\\/spinsaharaonline.org\\\/fr\\\/#website\",\"url\":\"https:\\\/\\\/spinsaharaonline.org\\\/fr\\\/\",\"name\":\"Spinsahara\",\"description\":\"\",\"publisher\":{\"@id\":\"https:\\\/\\\/spinsaharaonline.org\\\/fr\\\/#organization\"},\"potentialAction\":[{\"@type\":\"SearchAction\",\"target\":{\"@type\":\"EntryPoint\",\"urlTemplate\":\"https:\\\/\\\/spinsaharaonline.org\\\/fr\\\/?s={search_term_string}\"},\"query-input\":{\"@type\":\"PropertyValueSpecification\",\"valueRequired\":true,\"valueName\":\"search_term_string\"}}],\"inLanguage\":\"fr-FR\"},{\"@type\":\"Organization\",\"@id\":\"https:\\\/\\\/spinsaharaonline.org\\\/fr\\\/#organization\",\"name\":\"Spinsahara\",\"url\":\"https:\\\/\\\/spinsaharaonline.org\\\/fr\\\/\",\"logo\":{\"@type\":\"ImageObject\",\"inLanguage\":\"fr-FR\",\"@id\":\"https:\\\/\\\/spinsaharaonline.org\\\/fr\\\/#\\\/schema\\\/logo\\\/image\\\/\",\"url\":\"https:\\\/\\\/spinsaharaonline.org\\\/wp-content\\\/uploads\\\/2025\\\/11\\\/logo.svg\",\"contentUrl\":\"https:\\\/\\\/spinsaharaonline.org\\\/wp-content\\\/uploads\\\/2025\\\/11\\\/logo.svg\",\"width\":160,\"height\":31,\"caption\":\"Spinsahara\"},\"image\":{\"@id\":\"https:\\\/\\\/spinsaharaonline.org\\\/fr\\\/#\\\/schema\\\/logo\\\/image\\\/\"}}]}<\/script>\n<!-- \/ Yoast SEO plugin. -->","yoast_head_json":{"title":"T\u00e9l\u00e9chargez Spinsahara Casino App | iOS et Android","description":"O\u00f9 que vous alliez, vos jeux pr\u00e9f\u00e9r\u00e9s vous accompagnent. Profitez des machines \u00e0 sous et des jeux de table sur l'app mobile Spin Sahara pour iOS et Android.","robots":{"index":"index","follow":"follow","max-snippet":"max-snippet:-1","max-image-preview":"max-image-preview:large","max-video-preview":"max-video-preview:-1"},"canonical":"https:\/\/spinsaharaonline.org\/fr\/app\/","og_locale":"fr_FR","og_type":"article","og_title":"T\u00e9l\u00e9chargez Spinsahara Casino App | iOS et Android","og_description":"O\u00f9 que vous alliez, vos jeux pr\u00e9f\u00e9r\u00e9s vous accompagnent. Profitez des machines \u00e0 sous et des jeux de table sur l'app mobile Spin Sahara pour iOS et Android.","og_url":"https:\/\/spinsaharaonline.org\/fr\/app\/","og_site_name":"spinsahara","article_modified_time":"2025-12-24T11:02:20+00:00","twitter_card":"summary_large_image","twitter_misc":{"Dur\u00e9e de lecture estim\u00e9e":"2 minutes"},"schema":{"@context":"https:\/\/schema.org","@graph":[{"@type":"WebPage","@id":"https:\/\/spinsaharaonline.org\/fr\/app\/","url":"https:\/\/spinsaharaonline.org\/fr\/app\/","name":"T\u00e9l\u00e9chargez Spinsahara Casino App | iOS et Android","isPartOf":{"@id":"https:\/\/spinsaharaonline.org\/fr\/#website"},"datePublished":"2025-11-25T06:03:05+00:00","dateModified":"2025-12-24T11:02:20+00:00","description":"O\u00f9 que vous alliez, vos jeux pr\u00e9f\u00e9r\u00e9s vous accompagnent. Profitez des machines \u00e0 sous et des jeux de table sur l'app mobile Spin Sahara pour iOS et Android.","breadcrumb":{"@id":"https:\/\/spinsaharaonline.org\/fr\/app\/#breadcrumb"},"inLanguage":"fr-FR","potentialAction":[{"@type":"ReadAction","target":["https:\/\/spinsaharaonline.org\/fr\/app\/"]}]},{"@type":"BreadcrumbList","@id":"https:\/\/spinsaharaonline.org\/fr\/app\/#breadcrumb","itemListElement":[{"@type":"ListItem","position":1,"name":"Spinsahara","item":"https:\/\/spinsaharaonline.org\/fr\/"},{"@type":"ListItem","position":2,"name":"App"}]},{"@type":"WebSite","@id":"https:\/\/spinsaharaonline.org\/fr\/#website","url":"https:\/\/spinsaharaonline.org\/fr\/","name":"Spinsahara","description":"","publisher":{"@id":"https:\/\/spinsaharaonline.org\/fr\/#organization"},"potentialAction":[{"@type":"SearchAction","target":{"@type":"EntryPoint","urlTemplate":"https:\/\/spinsaharaonline.org\/fr\/?s={search_term_string}"},"query-input":{"@type":"PropertyValueSpecification","valueRequired":true,"valueName":"search_term_string"}}],"inLanguage":"fr-FR"},{"@type":"Organization","@id":"https:\/\/spinsaharaonline.org\/fr\/#organization","name":"Spinsahara","url":"https:\/\/spinsaharaonline.org\/fr\/","logo":{"@type":"ImageObject","inLanguage":"fr-FR","@id":"https:\/\/spinsaharaonline.org\/fr\/#\/schema\/logo\/image\/","url":"https:\/\/spinsaharaonline.org\/wp-content\/uploads\/2025\/11\/logo.svg","contentUrl":"https:\/\/spinsaharaonline.org\/wp-content\/uploads\/2025\/11\/logo.svg","width":160,"height":31,"caption":"Spinsahara"},"image":{"@id":"https:\/\/spinsaharaonline.org\/fr\/#\/schema\/logo\/image\/"}}]}},"_links":{"self":[{"href":"https:\/\/spinsaharaonline.org\/fr\/wp-json\/wp\/v2\/pages\/1420","targetHints":{"allow":["GET"]}}],"collection":[{"href":"https:\/\/spinsaharaonline.org\/fr\/wp-json\/wp\/v2\/pages"}],"about":[{"href":"https:\/\/spinsaharaonline.org\/fr\/wp-json\/wp\/v2\/types\/page"}],"author":[{"embeddable":true,"href":"https:\/\/spinsaharaonline.org\/fr\/wp-json\/wp\/v2\/users\/1"}],"replies":[{"embeddable":true,"href":"https:\/\/spinsaharaonline.org\/fr\/wp-json\/wp\/v2\/comments?post=1420"}],"version-history":[{"count":3,"href":"https:\/\/spinsaharaonline.org\/fr\/wp-json\/wp\/v2\/pages\/1420\/revisions"}],"predecessor-version":[{"id":1897,"href":"https:\/\/spinsaharaonline.org\/fr\/wp-json\/wp\/v2\/pages\/1420\/revisions\/1897"}],"wp:attachment":[{"href":"https:\/\/spinsaharaonline.org\/fr\/wp-json\/wp\/v2\/media?parent=1420"}],"curies":[{"name":"wp","href":"https:\/\/api.w.org\/{rel}","templated":true}]}}