{"id":1469,"date":"2025-11-25T06:05:46","date_gmt":"2025-11-25T06:05:46","guid":{"rendered":"https:\/\/spinsaharaonline.org\/login-and-registration\/"},"modified":"2025-11-25T08:03:11","modified_gmt":"2025-11-25T08:03:11","slug":"connexion-et-inscription","status":"publish","type":"page","link":"https:\/\/spinsaharaonline.org\/fr\/connexion-et-inscription\/","title":{"rendered":"Connexion et inscription"},"content":{"rendered":"<h1>Connexion \u00e0 Spinsahara et inscription au profil<\/h1>\n<p>Pour commencer \u00e0 jouer avec de l&rsquo;argent r\u00e9el, profiter des bonus et utiliser notre assistance multilingue disponible 24h\/24 et 7j\/7, vous devez passer par le processus de Spinsahara login. Les utilisateurs n&rsquo;ont besoin que d&rsquo;une adresse e-mail et d&rsquo;un mot de passe pour cr\u00e9er un nouveau compte. Le processus ne prend pas plus de 5 minutes. Vous devez \u00eatre \u00e2g\u00e9 d&rsquo;au moins 18 ans pour devenir membre de Spinsahara Casino et profiter de tous les avantages du processus de jeu.<\/p>\n<p><div class=\"banner-wrap\" aria-label=\"Banner\"><img src=\"https:\/\/spinsaharaonline.org\/wp-content\/uploads\/2025\/11\/Spinsahara-banner-carousel-932\u0445400-12.webp\" class=\"w-100 d-none d-lg-block img-pc main-banner-img\" alt=\"Spinsahara banner desktop\" fetchpriority=\"high\" decoding=\"async\"><img src=\"https:\/\/spinsaharaonline.org\/wp-content\/uploads\/2025\/12\/Frame-35.webp\" class=\"w-100 d-none d-md-block d-lg-none main-banner-img\" alt=\"Spinsahara banner mobile\" fetchpriority=\"high\" decoding=\"async\"><img src=\"https:\/\/spinsaharaonline.org\/wp-content\/uploads\/2025\/12\/Frame-35.webp\" class=\"w-100 d-md-none\" alt=\"Spinsahara banner mobile\" fetchpriority=\"high\" decoding=\"async\"><div class=\"banner-description\">\n<div class=\"banner-title\">Bonus de bienvenue<\/div>\n<p class=\"banner-header-title\">1500 \u20ac<\/p>\n<div class=\"banner-header-AdditionalText\">+ 250 Tours Gratuits<\/div>\n<button data-item=\"homepage_banner_link\" class=\"goto m-button m-gradient-border m-button--primary m-button--large banner-button btn-orange\">\n            <div class=\"m-button-content\">\n                <span>Inscrivez-vous d\u00e8s maintenant<\/span>\n                <span><\/span>\n            <\/div>\n        <\/button>\n<\/div>\n<div class=\"WelcomePack\">\n<p><img loading=\"lazy\" decoding=\"async\" class=\"alignnone size-full wp-image-1338\" src=\"https:\/\/spinsaharaonline.org\/wp-content\/uploads\/2025\/11\/welcome-crown.svg\" alt=\"crown\" width=\"25\" height=\"26\" \/><\/p>\n<div class=\"WelcomePack-Info\">Cashback hebdomadaire jusqu&rsquo;\u00e0 25 %<\/div>\n<p><img loading=\"lazy\" decoding=\"async\" class=\"alignnone size-full wp-image-1338\" src=\"https:\/\/spinsaharaonline.org\/wp-content\/uploads\/2025\/11\/welcome-crown.svg\" alt=\"crown\" width=\"25\" height=\"26\" \/><\/p>\n<\/div>\n<\/div><div class=\"scrollable-content-wrap my-5\"><div class=\"scrollable-content-inner\"><h2>Connexion \u00e0 Spin Sahara et gestion du profil<\/h2>\n<p>La premi\u00e8re \u00e9tape sur notre site web consiste \u00e0 remplir le formulaire de connexion \u00e0 Spinsahara. Vous pourrez ensuite acc\u00e9der \u00e0 plus de 6 000 titres. Votre compte vous donne acc\u00e8s \u00e0 de nombreuses fonctionnalit\u00e9s utiles. Tout d&rsquo;abord, vous pouvez g\u00e9rer vos informations personnelles et vos informations de paiement \u00e0 tout moment. Dans les param\u00e8tres de votre compte, vous trouverez des outils de jeu responsable, qui sont tr\u00e8s utiles si vous estimez que Spin Sahara Casino a un impact n\u00e9gatif sur votre vie.<\/p>\n<p>Vous n&rsquo;avez pas besoin de suivre de longues \u00e9tapes pour vous connecter \u00e0 Spinsahara. Pour le faire rapidement et facilement, vous pouvez suivre nos instructions ci-dessous :<\/p>\n<ol>\n<li>Cliquez sur le bouton \u00ab Connexion \u00bb sur la page d&rsquo;accueil de Spin Sahara.<\/li>\n<li>Entrez votre adresse e-mail valide et cr\u00e9ez un mot de passe, qui peut comporter plus de 6 caract\u00e8res.<\/li>\n<li>Les utilisateurs doivent confirmer qu&rsquo;ils sont \u00e2g\u00e9s d&rsquo;au moins 18 ans et accepter les r\u00e8gles du site web.<\/li>\n<li>Pour terminer le processus de connexion \u00e0 Spinsahara, v\u00e9rifiez les informations saisies et cliquez sur \u00ab Connexion \u00bb.<\/li>\n<\/ol>\n<h3>Fonctions de s\u00e9curit\u00e9 de votre compte<\/h3>\n<p>Spinsahara Casino ne se pr\u00e9occupe pas seulement de votre plaisir, mais aussi de votre s\u00e9curit\u00e9. Nous prenons des mesures sp\u00e9cifiques pour garantir que chacune de vos actions et chacune des donn\u00e9es que vous saisissez sont prot\u00e9g\u00e9es et ne peuvent \u00eatre consult\u00e9es par des tiers. Le tableau ci-dessous pr\u00e9sente les principales fonctionnalit\u00e9s de s\u00e9curit\u00e9 lorsque vous effectuez une connexion \u00e0 Spinsahara.<\/p>\n<table>\n<tbody>\n<tr>\n<td>Fonctionnalit\u00e9<\/td>\n<td>Description<\/td>\n<td>Avantage pour le joueur<\/td>\n<\/tr>\n<tr>\n<td>Authentification \u00e0 deux facteurs (2FA)<\/td>\n<td>Ajoute une \u00e9tape de v\u00e9rification suppl\u00e9mentaire par SMS, e-mail ou application d&rsquo;authentification lors de la connexion.<\/td>\n<td>Il offre une protection robuste contre les acc\u00e8s non autoris\u00e9s, m\u00eame si quelqu&rsquo;un conna\u00eet votre mot de passe.<\/td>\n<\/tr>\n<tr>\n<td>Cryptage SSL (Secure Socket Layer)<\/td>\n<td>Il crypte toutes les donn\u00e9es transmises entre votre appareil et les serveurs du casino.<\/td>\n<td>Vos informations personnelles et financi\u00e8res sont prot\u00e9g\u00e9es contre toute interception.<\/td>\n<\/tr>\n<tr>\n<td>Surveillance anti-fraude<\/td>\n<td>Les syst\u00e8mes automatis\u00e9s d\u00e9tectent les sch\u00e9mas de connexion inhabituels ou les activit\u00e9s suspectes sur les comptes.<\/td>\n<td>Cette \u00e9tape emp\u00eache tout acc\u00e8s frauduleux et pr\u00e9serve l&rsquo;int\u00e9grit\u00e9 du compte.<\/td>\n<\/tr>\n<tr>\n<td>Exigences relatives \u00e0 la force des mots de passe<\/td>\n<td>Spin Sahara exige des mots de passe forts (par exemple, au moins 6 caract\u00e8res).<\/td>\n<td>R\u00e9duit le risque d&rsquo;attaques par force brute.<\/td>\n<\/tr>\n<tr>\n<td>Outils de r\u00e9cup\u00e9ration s\u00e9curis\u00e9e<\/td>\n<td>Les liens de r\u00e9initialisation du mot de passe et la v\u00e9rification d&rsquo;identit\u00e9 garantissent que vous seul pouvez r\u00e9cup\u00e9rer le compte.<\/td>\n<td>Offre un moyen s\u00e9curis\u00e9 de restaurer votre compte si vous en perdez l&rsquo;acc\u00e8s.<\/td>\n<\/tr>\n<\/tbody>\n<\/table>\n<h2>Cr\u00e9ez votre compte Spinsahara<\/h2>\n<p>La cr\u00e9ation d&rsquo;un nouveau compte sur Spinsahara Casino ne prend pas beaucoup de temps. Pour l&rsquo;inscription principale, nous vous demanderons uniquement une adresse e-mail et un mot de passe. Veuillez cr\u00e9er un mot de passe fort afin que vous seul puissiez y acc\u00e9der. Apr\u00e8s s&rsquo;\u00eatre inscrit sur notre plateforme et avoir effectu\u00e9 son premier d\u00e9p\u00f4t, chaque joueur re\u00e7oit automatiquement un pack de bienvenue pouvant aller jusqu&rsquo;\u00e0 1 500 \u20ac + 250 tours gratuits. Pour vous inscrire sur Spin Sahara en quelques minutes, il vous suffit de suivre nos instructions ci-dessous :<\/p>\n<ol>\n<li>Sur la page principale, cliquez sur le bouton \u00ab S&rsquo;inscrire \u00bb.<\/li>\n<li>Remplissez les champs du formulaire d&rsquo;inscription : adresse e-mail et mot de passe.<\/li>\n<li>Confirmez que vous avez 18 ans ou plus et acceptez les conditions g\u00e9n\u00e9rales du site web.<\/li>\n<li>Cliquez sur le bouton \u00ab S&rsquo;inscrire \u00bb \u00e0 la fin du formulaire.<\/li>\n<li>Suivez le lien que vous avez re\u00e7u par e-mail pour confirmer vos informations.<\/li>\n<li>Remplissez le formulaire avec vos informations personnelles, telles que votre nom complet, votre date de naissance et votre adresse postale. Vous pouvez ignorer cette \u00e9tape et la compl\u00e9ter plus tard.<\/li>\n<li>Cliquez sur le bouton \u00ab Enregistrer \u00bb pour terminer l&rsquo;inscription.<\/li>\n<\/ol>\n<h3>R\u00e9cup\u00e9rer l&rsquo;acc\u00e8s au compte<\/h3>\n<p>Si vous avez oubli\u00e9 certaines de vos informations personnelles ou de connexion, ne vous inqui\u00e9tez pas, nous avons la solution. Vous ne perdrez pas l&rsquo;acc\u00e8s \u00e0 votre compte personnel, car nous proposons une fonction de r\u00e9initialisation sp\u00e9ciale. Si vous avez oubli\u00e9 votre mot de passe pour vous connecter \u00e0 Spinsahara, il vous suffit de cliquer sur le lien \u00ab Mot de passe oubli\u00e9 ? \u00bb dans le formulaire de connexion. Vous devrez ensuite saisir l&rsquo;adresse e-mail que vous avez utilis\u00e9e pr\u00e9c\u00e9demment, et nous vous enverrons un lien de r\u00e9initialisation.<\/p>\n<h2>V\u00e9rifiez votre profil Spinsahara<\/h2>\n<p>Conform\u00e9ment aux r\u00e8gles de notre plateforme, nous devons nous assurer que chaque personne ne poss\u00e8de qu&rsquo;un seul compte sur Spinsahara Casino. De plus, vous devrez confirmer votre \u00e2ge, votre adresse postale et la propri\u00e9t\u00e9 du moyen de paiement. Le processus de v\u00e9rification a lieu avant le premier retrait et s&rsquo;applique \u00e0 tous nos utilisateurs, quelle que soit leur r\u00e9gion.<\/p>\n<p>Pour v\u00e9rifier votre identit\u00e9, vous devrez t\u00e9l\u00e9charger des photos ou des copies de vos documents sur votre compte personnel. Les documents comprennent votre carte d&rsquo;identit\u00e9, votre passeport ou votre permis de conduire. De plus, vous devrez t\u00e9l\u00e9charger une facture de services publics et un relev\u00e9 bancaire.<\/p>\n<p>Nos responsables Spinsahara examineront vos documents dans les 48 heures et vous informeront de leur d\u00e9cision. Une fois votre identit\u00e9 v\u00e9rifi\u00e9e, vous pourrez retirer vos gains sans aucun probl\u00e8me ni d\u00e9lai.<\/p>\n<h2>FAQ<\/h2>\n<h3>Quelles informations sont n\u00e9cessaires pour compl\u00e9ter l&rsquo;inscription ?<\/h3>\n<p>Pour cr\u00e9er un nouveau compte sur Spinsahara Casino, vous devez fournir votre adresse e-mail et cr\u00e9er un mot de passe. Nous vous demanderons \u00e9galement vos informations personnelles \u00e0 des fins de v\u00e9rification ult\u00e9rieure.<\/p>\n<h3>Comment puis-je me connecter si j&rsquo;oublie mon mot de passe ?<\/h3>\n<p>Si vous ne vous souvenez pas de votre mot de passe, vous devez cliquer sur le lien \u00ab Mot de passe oubli\u00e9 ? \u00bb dans le formulaire de connexion pour le r\u00e9initialiser et en cr\u00e9er un nouveau. Une fois le processus termin\u00e9, vous devez utiliser le nouveau mot de passe pour acc\u00e9der \u00e0 votre compte Spinsahara Casino.<\/p>\n<h3>Pourquoi je n&rsquo;arrive pas \u00e0 acc\u00e9der \u00e0 mon compte Spin Sahara ?<\/h3>\n<p>Vous devez v\u00e9rifier que vous avez saisi les informations correctes, telles que votre adresse e-mail et votre mot de passe. Si vous ne parvenez toujours pas \u00e0 vous connecter \u00e0 Spinsahara, nous vous recommandons de contacter notre \u00e9quipe d&rsquo;assistance disponible 24h\/24 et 7j\/7 via le chat en direct ou par e-mail.<\/p>\n<\/div><\/div><\/p>\n","protected":false},"excerpt":{"rendered":"<p>Connexion \u00e0 Spinsahara et inscription au profil Pour commencer \u00e0 jouer avec de l&rsquo;argent r\u00e9el, profiter des bonus et utiliser notre assistance multilingue disponible 24h\/24 et 7j\/7, vous devez passer par le processus de Spinsahara login. Les utilisateurs n&rsquo;ont besoin que d&rsquo;une adresse e-mail et d&rsquo;un mot de passe pour cr\u00e9er un nouveau compte. Le [&hellip;]<\/p>\n","protected":false},"author":1,"featured_media":0,"parent":0,"menu_order":0,"comment_status":"closed","ping_status":"closed","template":"template-builder.php","meta":{"_acf_changed":false,"inline_featured_image":false,"footnotes":""},"class_list":["post-1469","page","type-page","status-publish","hentry"],"acf":[],"yoast_head":"<!-- This site is optimized with the Yoast SEO plugin v27.3 - https:\/\/yoast.com\/product\/yoast-seo-wordpress\/ -->\n<title>Spinsahara Login | Inscription et gestion de compte<\/title>\n<meta name=\"description\" content=\"Commencez per vous Spin Sahara login. Les nouveaux utilisateurs peuvent s&#039;inscrire facilement, et les joueurs existants peuvent revenir \u00e0 tout moment pour g\u00e9rer leur compte et contacter l&#039;assistance 24\/7.\" \/>\n<meta name=\"robots\" content=\"index, follow, max-snippet:-1, max-image-preview:large, max-video-preview:-1\" \/>\n<link rel=\"canonical\" href=\"https:\/\/spinsaharaonline.org\/fr\/connexion-et-inscription\/\" \/>\n<meta property=\"og:locale\" content=\"fr_FR\" \/>\n<meta property=\"og:type\" content=\"article\" \/>\n<meta property=\"og:title\" content=\"Spinsahara Login | Inscription et gestion de compte\" \/>\n<meta property=\"og:description\" content=\"Commencez per vous Spin Sahara login. Les nouveaux utilisateurs peuvent s&#039;inscrire facilement, et les joueurs existants peuvent revenir \u00e0 tout moment pour g\u00e9rer leur compte et contacter l&#039;assistance 24\/7.\" \/>\n<meta property=\"og:url\" content=\"https:\/\/spinsaharaonline.org\/fr\/connexion-et-inscription\/\" \/>\n<meta property=\"og:site_name\" content=\"spinsahara\" \/>\n<meta property=\"article:modified_time\" content=\"2025-11-25T08:03:11+00:00\" \/>\n<meta name=\"twitter:card\" content=\"summary_large_image\" \/>\n<meta name=\"twitter:label1\" content=\"Dur\u00e9e de lecture estim\u00e9e\" \/>\n\t<meta name=\"twitter:data1\" content=\"1 minute\" \/>\n<script type=\"application\/ld+json\" class=\"yoast-schema-graph\">{\"@context\":\"https:\\\/\\\/schema.org\",\"@graph\":[{\"@type\":\"WebPage\",\"@id\":\"https:\\\/\\\/spinsaharaonline.org\\\/fr\\\/connexion-et-inscription\\\/\",\"url\":\"https:\\\/\\\/spinsaharaonline.org\\\/fr\\\/connexion-et-inscription\\\/\",\"name\":\"Spinsahara Login | Inscription et gestion de compte\",\"isPartOf\":{\"@id\":\"https:\\\/\\\/spinsaharaonline.org\\\/fr\\\/#website\"},\"datePublished\":\"2025-11-25T06:05:46+00:00\",\"dateModified\":\"2025-11-25T08:03:11+00:00\",\"description\":\"Commencez per vous Spin Sahara login. Les nouveaux utilisateurs peuvent s'inscrire facilement, et les joueurs existants peuvent revenir \u00e0 tout moment pour g\u00e9rer leur compte et contacter l'assistance 24\\\/7.\",\"breadcrumb\":{\"@id\":\"https:\\\/\\\/spinsaharaonline.org\\\/fr\\\/connexion-et-inscription\\\/#breadcrumb\"},\"inLanguage\":\"fr-FR\",\"potentialAction\":[{\"@type\":\"ReadAction\",\"target\":[\"https:\\\/\\\/spinsaharaonline.org\\\/fr\\\/connexion-et-inscription\\\/\"]}]},{\"@type\":\"BreadcrumbList\",\"@id\":\"https:\\\/\\\/spinsaharaonline.org\\\/fr\\\/connexion-et-inscription\\\/#breadcrumb\",\"itemListElement\":[{\"@type\":\"ListItem\",\"position\":1,\"name\":\"Spinsahara\",\"item\":\"https:\\\/\\\/spinsaharaonline.org\\\/fr\\\/\"},{\"@type\":\"ListItem\",\"position\":2,\"name\":\"Connexion et inscription\"}]},{\"@type\":\"WebSite\",\"@id\":\"https:\\\/\\\/spinsaharaonline.org\\\/fr\\\/#website\",\"url\":\"https:\\\/\\\/spinsaharaonline.org\\\/fr\\\/\",\"name\":\"Spinsahara\",\"description\":\"\",\"publisher\":{\"@id\":\"https:\\\/\\\/spinsaharaonline.org\\\/fr\\\/#organization\"},\"potentialAction\":[{\"@type\":\"SearchAction\",\"target\":{\"@type\":\"EntryPoint\",\"urlTemplate\":\"https:\\\/\\\/spinsaharaonline.org\\\/fr\\\/?s={search_term_string}\"},\"query-input\":{\"@type\":\"PropertyValueSpecification\",\"valueRequired\":true,\"valueName\":\"search_term_string\"}}],\"inLanguage\":\"fr-FR\"},{\"@type\":\"Organization\",\"@id\":\"https:\\\/\\\/spinsaharaonline.org\\\/fr\\\/#organization\",\"name\":\"Spinsahara\",\"url\":\"https:\\\/\\\/spinsaharaonline.org\\\/fr\\\/\",\"logo\":{\"@type\":\"ImageObject\",\"inLanguage\":\"fr-FR\",\"@id\":\"https:\\\/\\\/spinsaharaonline.org\\\/fr\\\/#\\\/schema\\\/logo\\\/image\\\/\",\"url\":\"https:\\\/\\\/spinsaharaonline.org\\\/wp-content\\\/uploads\\\/2025\\\/11\\\/logo.svg\",\"contentUrl\":\"https:\\\/\\\/spinsaharaonline.org\\\/wp-content\\\/uploads\\\/2025\\\/11\\\/logo.svg\",\"width\":160,\"height\":31,\"caption\":\"Spinsahara\"},\"image\":{\"@id\":\"https:\\\/\\\/spinsaharaonline.org\\\/fr\\\/#\\\/schema\\\/logo\\\/image\\\/\"}}]}<\/script>\n<!-- \/ Yoast SEO plugin. -->","yoast_head_json":{"title":"Spinsahara Login | Inscription et gestion de compte","description":"Commencez per vous Spin Sahara login. Les nouveaux utilisateurs peuvent s'inscrire facilement, et les joueurs existants peuvent revenir \u00e0 tout moment pour g\u00e9rer leur compte et contacter l'assistance 24\/7.","robots":{"index":"index","follow":"follow","max-snippet":"max-snippet:-1","max-image-preview":"max-image-preview:large","max-video-preview":"max-video-preview:-1"},"canonical":"https:\/\/spinsaharaonline.org\/fr\/connexion-et-inscription\/","og_locale":"fr_FR","og_type":"article","og_title":"Spinsahara Login | Inscription et gestion de compte","og_description":"Commencez per vous Spin Sahara login. Les nouveaux utilisateurs peuvent s'inscrire facilement, et les joueurs existants peuvent revenir \u00e0 tout moment pour g\u00e9rer leur compte et contacter l'assistance 24\/7.","og_url":"https:\/\/spinsaharaonline.org\/fr\/connexion-et-inscription\/","og_site_name":"spinsahara","article_modified_time":"2025-11-25T08:03:11+00:00","twitter_card":"summary_large_image","twitter_misc":{"Dur\u00e9e de lecture estim\u00e9e":"1 minute"},"schema":{"@context":"https:\/\/schema.org","@graph":[{"@type":"WebPage","@id":"https:\/\/spinsaharaonline.org\/fr\/connexion-et-inscription\/","url":"https:\/\/spinsaharaonline.org\/fr\/connexion-et-inscription\/","name":"Spinsahara Login | Inscription et gestion de compte","isPartOf":{"@id":"https:\/\/spinsaharaonline.org\/fr\/#website"},"datePublished":"2025-11-25T06:05:46+00:00","dateModified":"2025-11-25T08:03:11+00:00","description":"Commencez per vous Spin Sahara login. Les nouveaux utilisateurs peuvent s'inscrire facilement, et les joueurs existants peuvent revenir \u00e0 tout moment pour g\u00e9rer leur compte et contacter l'assistance 24\/7.","breadcrumb":{"@id":"https:\/\/spinsaharaonline.org\/fr\/connexion-et-inscription\/#breadcrumb"},"inLanguage":"fr-FR","potentialAction":[{"@type":"ReadAction","target":["https:\/\/spinsaharaonline.org\/fr\/connexion-et-inscription\/"]}]},{"@type":"BreadcrumbList","@id":"https:\/\/spinsaharaonline.org\/fr\/connexion-et-inscription\/#breadcrumb","itemListElement":[{"@type":"ListItem","position":1,"name":"Spinsahara","item":"https:\/\/spinsaharaonline.org\/fr\/"},{"@type":"ListItem","position":2,"name":"Connexion et inscription"}]},{"@type":"WebSite","@id":"https:\/\/spinsaharaonline.org\/fr\/#website","url":"https:\/\/spinsaharaonline.org\/fr\/","name":"Spinsahara","description":"","publisher":{"@id":"https:\/\/spinsaharaonline.org\/fr\/#organization"},"potentialAction":[{"@type":"SearchAction","target":{"@type":"EntryPoint","urlTemplate":"https:\/\/spinsaharaonline.org\/fr\/?s={search_term_string}"},"query-input":{"@type":"PropertyValueSpecification","valueRequired":true,"valueName":"search_term_string"}}],"inLanguage":"fr-FR"},{"@type":"Organization","@id":"https:\/\/spinsaharaonline.org\/fr\/#organization","name":"Spinsahara","url":"https:\/\/spinsaharaonline.org\/fr\/","logo":{"@type":"ImageObject","inLanguage":"fr-FR","@id":"https:\/\/spinsaharaonline.org\/fr\/#\/schema\/logo\/image\/","url":"https:\/\/spinsaharaonline.org\/wp-content\/uploads\/2025\/11\/logo.svg","contentUrl":"https:\/\/spinsaharaonline.org\/wp-content\/uploads\/2025\/11\/logo.svg","width":160,"height":31,"caption":"Spinsahara"},"image":{"@id":"https:\/\/spinsaharaonline.org\/fr\/#\/schema\/logo\/image\/"}}]}},"_links":{"self":[{"href":"https:\/\/spinsaharaonline.org\/fr\/wp-json\/wp\/v2\/pages\/1469","targetHints":{"allow":["GET"]}}],"collection":[{"href":"https:\/\/spinsaharaonline.org\/fr\/wp-json\/wp\/v2\/pages"}],"about":[{"href":"https:\/\/spinsaharaonline.org\/fr\/wp-json\/wp\/v2\/types\/page"}],"author":[{"embeddable":true,"href":"https:\/\/spinsaharaonline.org\/fr\/wp-json\/wp\/v2\/users\/1"}],"replies":[{"embeddable":true,"href":"https:\/\/spinsaharaonline.org\/fr\/wp-json\/wp\/v2\/comments?post=1469"}],"version-history":[{"count":2,"href":"https:\/\/spinsaharaonline.org\/fr\/wp-json\/wp\/v2\/pages\/1469\/revisions"}],"predecessor-version":[{"id":1570,"href":"https:\/\/spinsaharaonline.org\/fr\/wp-json\/wp\/v2\/pages\/1469\/revisions\/1570"}],"wp:attachment":[{"href":"https:\/\/spinsaharaonline.org\/fr\/wp-json\/wp\/v2\/media?parent=1469"}],"curies":[{"name":"wp","href":"https:\/\/api.w.org\/{rel}","templated":true}]}}