{"id":1425,"date":"2025-11-25T06:03:05","date_gmt":"2025-11-25T06:03:05","guid":{"rendered":"https:\/\/spinsaharaonline.org\/app\/"},"modified":"2025-11-25T10:10:44","modified_gmt":"2025-11-25T10:10:44","slug":"applicazione","status":"publish","type":"page","link":"https:\/\/spinsaharaonline.org\/it\/applicazione\/","title":{"rendered":"Applicazione"},"content":{"rendered":"<h1>Casin\u00f2 Spinsahara app mobile<\/h1>\n<p>Se non puoi stare sempre davanti al computer per giocare ai tuoi giochi preferiti, devi provare Spinsahara App. Questo comodo software mobile ha un design adattabile che funziona su tutti i moderni dispositivi Android e iOS. Dopo aver effettuato l&#8217;accesso o la registrazione, i giocatori italiani hanno accesso a una collezione completa di giochi, promozioni, tornei e tutte le altre funzionalit\u00e0. Oltre l&#8217;80% dei nostri utenti preferisce giocare nell&#8217;app Spinsahara sui propri telefoni cellulari.<\/p>\n<div class=\"banner-wrap\" aria-label=\"Banner\"><img src=\"https:\/\/spinsaharaonline.org\/wp-content\/uploads\/2025\/11\/Spinsahara-banner-carousel-932\u0445400-12.webp\" class=\"w-100 d-none d-lg-block img-pc main-banner-img\" alt=\"Spinsahara banner desktop\" fetchpriority=\"high\" decoding=\"async\"><img src=\"https:\/\/spinsaharaonline.org\/wp-content\/uploads\/2025\/12\/Frame-35.webp\" class=\"w-100 d-none d-md-block d-lg-none main-banner-img\" alt=\"Spinsahara banner mobile\" fetchpriority=\"high\" decoding=\"async\"><img src=\"https:\/\/spinsaharaonline.org\/wp-content\/uploads\/2025\/12\/Frame-35.webp\" class=\"w-100 d-md-none\" alt=\"Spinsahara banner mobile\" fetchpriority=\"high\" decoding=\"async\"><div class=\"banner-description\">\n<div class=\"banner-title\">Bonus di benvenuto<\/div>\n<p class=\"banner-header-title\">1500 \u20ac<\/p>\n<div class=\"banner-header-AdditionalText\">+ 250 Giri gratuiti<\/div>\n<button data-item=\"homepage_banner_link\" class=\"goto m-button m-gradient-border m-button--primary m-button--large banner-button btn-orange\">\n            <div class=\"m-button-content\">\n                <span>Iscriviti ora<\/span>\n                <span><\/span>\n            <\/div>\n        <\/button>\n<\/div>\n<div class=\"WelcomePack\">\n<p><img loading=\"lazy\" decoding=\"async\" class=\"alignnone size-full wp-image-1338\" src=\"https:\/\/spinsaharaonline.org\/wp-content\/uploads\/2025\/11\/welcome-crown.svg\" alt=\"crown\" width=\"25\" height=\"26\" \/><\/p>\n<div class=\"WelcomePack-Info\">Cashback settimanale fino al 25%<\/div>\n<p><img loading=\"lazy\" decoding=\"async\" class=\"alignnone size-full wp-image-1338\" src=\"https:\/\/spinsaharaonline.org\/wp-content\/uploads\/2025\/11\/welcome-crown.svg\" alt=\"crown\" width=\"25\" height=\"26\" \/><\/p>\n<\/div>\n<\/div>\n<h2>Vantaggi dell&#8217;accesso mobile a Spinsahara<\/h2>\n<p>Gli utenti scelgono software mobili per i loro hobby e intrattenimento per rimanere online mentre sono in movimento. Dopotutto, nessuno vuole essere limitato dal fatto di essere a casa o di avere un computer. Ecco perch\u00e9 abbiamo sviluppato l&#8217;app Spinsahara per Android e iOS. \u00c8 il riflesso della versione desktop, ma perfettamente adattata ai dispositivi touchscreen.<\/p>\n<p>Se hai gi\u00e0 un account su Spin Sahara Casino, devi solo effettuare il login e tutte le tue informazioni personali e i tuoi progressi di gioco saranno sincronizzati tra i dispositivi. Se hai appena iniziato la tua avventura nel casin\u00f2 mobile, il modulo di registrazione \u00e8 disponibile per tutti su qualsiasi dispositivo.<\/p>\n<p>L&#8217;app Spinsahara ti d\u00e0 accesso a oltre 6.000 titoli, tra cui slot online, giochi da tavolo, opzioni di casin\u00f2 dal vivo e molto altro ancora. Ti garantiamo che la tua esperienza di gioco sar\u00e0 ancora migliore utilizzando la versione mobile.<\/p>\n<table>\n<tbody>\n<tr>\n<td>Caratteristica<\/td>\n<td>Dettagli<\/td>\n<td>Vantaggi per il giocatore<\/td>\n<\/tr>\n<tr>\n<td>Accesso offline<\/td>\n<td>Gli utenti possono giocare a determinati giochi e navigare in alcune sezioni anche senza connessione a Internet.<\/td>\n<td>Ti divertirai in qualsiasi situazione.<\/td>\n<\/tr>\n<tr>\n<td>Notifiche push<\/td>\n<td>Ricevi aggiornamenti istantanei su bonus o tornei.<\/td>\n<td>I giocatori non perdono mai promozioni o offerte limitate nel tempo.<\/td>\n<\/tr>\n<tr>\n<td>Aggiungi alla schermata iniziale<\/td>\n<td>Gli utenti devono installare il software Spin Sahara Casino direttamente tramite il proprio browser.<\/td>\n<td>\u00c8 possibile accedere rapidamente senza scaricare il software dall&#8217;app store.<\/td>\n<\/tr>\n<tr>\n<td>Caricamento veloce<\/td>\n<td>Ha una cache ottimizzata e un design leggero.<\/td>\n<td>Il software offre un&#8217;esperienza fluida anche su reti pi\u00f9 lente.<\/td>\n<\/tr>\n<\/tbody>\n<\/table>\n<p><div style=\"clear: both\"><\/div><div class=\"d-flex justify-content-center\"><button data-item=\"decouvrez_link\" data-group=\"website_links\" class=\"goto fw-bold rounded-pill btn btn-orange\" aria-label=\"Scarica l&#039;app Spinsahara\" >Scarica l&#039;app Spinsahara<\/button><\/div><div class=\"scrollable-content-wrap my-5\"><div class=\"scrollable-content-inner\"><h2>Scarica la versione Android<\/h2>\n<p>Gli utenti Android di Spinsahara Casino possono ora installare l&#8217;app mobile direttamente dal nostro sito web. A causa delle restrizioni di Google Play Store sulle app di gioco d&#8217;azzardo, non \u00e8 possibile scaricarla da l\u00ec. Tuttavia, ti offriamo un&#8217;applicazione web progressiva che viene sottoposta a controlli regolari ed \u00e8 completamente sicura. Non \u00e8 necessario scaricare i file APK di Spinsahara, poich\u00e9 occuperebbero la memoria del telefono e potrebbero danneggiarlo.<\/p>\n<p>Per installare l&#8217;app Spinsahara in modo rapido e senza problemi, segui le nostre istruzioni riportate di seguito:<\/p>\n<ol>\n<li>Sul nostro sito web, vai al pi\u00e8 di pagina.<\/li>\n<li>Clicca sul pulsante \u201cApp Casin\u00f2\u201d. Dopo questo passaggio, l&#8217;installazione inizier\u00e0 automaticamente.<\/li>\n<li>Una volta completato il processo di installazione, vedrai l&#8217;icona del marchio sulla schermata iniziale.<\/li>\n<\/ol>\n<p>In caso di domande o problemi relativi all&#8217;installazione o al funzionamento, \u00e8 possibile contattare il nostro team di assistenza disponibile 24 ore su 24, 7 giorni su 7. Utilizzare la chat live per domande urgenti e inviare un&#8217;e-mail per informazioni pi\u00f9 dettagliate, includendo screenshot se necessario.<\/p>\n<p><img loading=\"lazy\" decoding=\"async\" src=\"https:\/\/spinsaharaonline.org\/wp-content\/uploads\/2025\/11\/Spinsahara-Android-Application.webp\" alt=\"Spinsahara Android Application\" width=\"1248\" height=\"536\" \/><\/p>\n<\/div><\/div><div style=\"clear: both\"><\/div><div class=\"d-flex justify-content-center\"><button data-item=\"decouvrez_link\" data-group=\"website_links\" class=\"goto fw-bold rounded-pill btn btn-orange\" aria-label=\"Scarica Spinsahara\" >Scarica Spinsahara<\/button><\/div><div class=\"scrollable-content-wrap my-5\"><div class=\"scrollable-content-inner\"><h2>Spin Sahara per iPhone e iPad<\/h2>\n<p>Non abbiamo dimenticato i nostri giocatori iOS. Per voi offriamo diverse opzioni convenienti: una versione per browser mobile, un&#8217;icona di collegamento per un accesso pi\u00f9 rapido o la comoda app Spin Sahara. Tutte e tre le opzioni funzionano perfettamente su tutti i moderni iPhone e iPad. Avrete accesso all&#8217;intera collezione di giochi, ai pagamenti, ai bonus e al servizio clienti.<\/p>\n<p>Vogliamo rendere la tua esperienza mobile il pi\u00f9 sicura possibile. Ecco perch\u00e9 hai la possibilit\u00e0 di impostare l&#8217;autenticazione a due fattori nell&#8217;app Spinsahara Casino. Per prevenire le frodi, tutti i nostri clienti devono completare una semplice procedura di verifica prima di effettuare il loro primo prelievo.<\/p>\n<p>La versione mobile del sito web Spinsahara \u00e8 disponibile su qualsiasi browser mobile, inclusi Google Chrome e Safari. Il software mobile pu\u00f2 essere scaricato dal sito web tramite il link \u201cCasino App\u201d presente nel footer. Per installare l&#8217;icona di collegamento sul tuo dispositivo iOS, puoi seguire le nostre linee guida riportate di seguito:<\/p>\n<ol>\n<li>Apri Spinsahara Casino in Safari con il tuo smartphone o tablet.<\/li>\n<li>Clicca sul pulsante \u201cCondividi\u201d. Si trova nella parte inferiore dello schermo.<\/li>\n<li>Seleziona l&#8217;opzione \u201cAggiungi alla schermata Home\u201d. Dopo questo passaggio, l&#8217;icona del collegamento apparir\u00e0 sullo schermo.<\/li>\n<\/ol>\n<p><img loading=\"lazy\" decoding=\"async\" src=\"https:\/\/spinsaharaonline.org\/wp-content\/uploads\/2025\/11\/Spinsahara-iOS-Application.webp\" alt=\"Spinsahara iOS Application\" width=\"1248\" height=\"536\" \/><\/p>\n<\/div><\/div><div style=\"clear: both\"><\/div><div class=\"d-flex justify-content-center\"><button data-item=\"decouvrez_link\" data-group=\"website_links\" class=\"goto fw-bold rounded-pill btn btn-orange\" aria-label=\"Scarica l&#039;app Spinsahara\" >Scarica l&#039;app Spinsahara<\/button><\/div><div class=\"scrollable-content-wrap my-5\"><div class=\"scrollable-content-inner\"><h2>Spinsahara versione desktop per Windows e Mac<\/h2>\n<p>Sebbene la versione desktop di Spinsahara sia l&#8217;opzione pi\u00f9 classica, rimane comunque comoda. Molti utenti preferiscono giocare su uno schermo grande per immergersi pi\u00f9 profondamente nell&#8217;esperienza. \u00c8 possibile utilizzare Spinsahara Casino in qualsiasi browser o installare un&#8217;icona di collegamento.<\/p>\n<p>Entrambe le opzioni sono comode per qualsiasi PC moderno e offrono una vasta gamma di giochi. Per installare un&#8217;icona di collegamento e accedere a Spin Sahara in pochi secondi, devi cliccare sul pulsante \u201cAltro\u201d nella barra degli indirizzi mentre sei sul nostro sito web. Nell&#8217;elenco delle opzioni, devi cliccare su \u201cAggiungi alla schermata Home\u201d. Ora avrai l&#8217;icona di collegamento sulla schermata principale, cos\u00ec potrai usufruire pi\u00f9 rapidamente di tutte le funzioni del casin\u00f2 online.<\/p>\n<p><img loading=\"lazy\" decoding=\"async\" src=\"https:\/\/spinsaharaonline.org\/wp-content\/uploads\/2025\/11\/Spinsahara-Desktop.webp\" alt=\"Spinsahara Desktop\" width=\"1248\" height=\"536\" \/><\/p>\n<\/div><\/div><div style=\"clear: both\"><\/div><div class=\"d-flex justify-content-center\"><button data-item=\"decouvrez_link\" data-group=\"website_links\" class=\"goto fw-bold rounded-pill btn btn-orange\" aria-label=\"Scarica Spinsahara\" >Scarica Spinsahara<\/button><\/div><div class=\"scrollable-content-wrap my-5\"><div class=\"scrollable-content-inner\"><h2>Domande frequenti<\/h2>\n<h3>L&#8217;app Spin Sahara \u00e8 disponibile sia per Android che per iOS?<\/h3>\n<p>Gli utenti possono accedere all&#8217;app Spinsahara da qualsiasi dispositivo iOS o Android moderno. \u00c8 possibile installarla gratuitamente dal nostro sito web.<\/p>\n<h3>Posso usare lo stesso account sull&#8217;app mobile e sulla versione desktop?<\/h3>\n<p>Secondo le regole del Casin\u00f2 Spinsahara, ogni persona pu\u00f2 avere un solo account sulla nostra piattaforma. Per questo motivo devi utilizzare lo stesso account. Tutti i tuoi dati e i tuoi progressi saranno sincronizzati tra i dispositivi.<\/p>\n<h3>L&#8217;app offre gli stessi giochi e le stesse funzionalit\u00e0 del sito web?<\/h3>\n<p>L&#8217;app Spinsahara offre la versione completa della collezione di giochi, con oltre 6.000 titoli. Puoi divertirti con slot machine, giochi da tavolo, opzioni con croupier dal vivo e titoli a vincita immediata ovunque ti trovi dal tuo dispositivo mobile.<\/p>\n<\/div><\/div><\/p>\n","protected":false},"excerpt":{"rendered":"<p>Casin\u00f2 Spinsahara app mobile Se non puoi stare sempre davanti al computer per giocare ai tuoi giochi preferiti, devi provare Spinsahara App. Questo comodo software mobile ha un design adattabile che funziona su tutti i moderni dispositivi Android e iOS. Dopo aver effettuato l&#8217;accesso o la registrazione, i giocatori italiani hanno accesso a una collezione [&hellip;]<\/p>\n","protected":false},"author":1,"featured_media":0,"parent":0,"menu_order":0,"comment_status":"closed","ping_status":"closed","template":"template-builder.php","meta":{"_acf_changed":false,"inline_featured_image":false,"footnotes":""},"class_list":["post-1425","page","type-page","status-publish","hentry"],"acf":[],"yoast_head":"<!-- This site is optimized with the Yoast SEO plugin v27.3 - https:\/\/yoast.com\/product\/yoast-seo-wordpress\/ -->\n<title>Scarica Spinsahara Casino App | iOS e Android<\/title>\n<meta name=\"description\" content=\"Ovunque tu vada, i tuoi giochi preferiti ti accompagnano. Divertiti con slot e giochi da tavolo sull&#039;app mobile Spin Sahara per iOS e Android.\" \/>\n<meta name=\"robots\" content=\"index, follow, max-snippet:-1, max-image-preview:large, max-video-preview:-1\" \/>\n<link rel=\"canonical\" href=\"https:\/\/spinsaharaonline.org\/it\/applicazione\/\" \/>\n<meta property=\"og:locale\" content=\"it_IT\" \/>\n<meta property=\"og:type\" content=\"article\" \/>\n<meta property=\"og:title\" content=\"Scarica Spinsahara Casino App | iOS e Android\" \/>\n<meta property=\"og:description\" content=\"Ovunque tu vada, i tuoi giochi preferiti ti accompagnano. Divertiti con slot e giochi da tavolo sull&#039;app mobile Spin Sahara per iOS e Android.\" \/>\n<meta property=\"og:url\" content=\"https:\/\/spinsaharaonline.org\/it\/applicazione\/\" \/>\n<meta property=\"og:site_name\" content=\"spinsahara\" \/>\n<meta property=\"article:modified_time\" content=\"2025-11-25T10:10:44+00:00\" \/>\n<meta name=\"twitter:card\" content=\"summary_large_image\" \/>\n<meta name=\"twitter:label1\" content=\"Est. reading time\" \/>\n\t<meta name=\"twitter:data1\" content=\"2 minutes\" \/>\n<script type=\"application\/ld+json\" class=\"yoast-schema-graph\">{\"@context\":\"https:\\\/\\\/schema.org\",\"@graph\":[{\"@type\":\"WebPage\",\"@id\":\"https:\\\/\\\/spinsaharaonline.org\\\/it\\\/applicazione\\\/\",\"url\":\"https:\\\/\\\/spinsaharaonline.org\\\/it\\\/applicazione\\\/\",\"name\":\"Scarica Spinsahara Casino App | iOS e Android\",\"isPartOf\":{\"@id\":\"https:\\\/\\\/spinsaharaonline.org\\\/it\\\/#website\"},\"datePublished\":\"2025-11-25T06:03:05+00:00\",\"dateModified\":\"2025-11-25T10:10:44+00:00\",\"description\":\"Ovunque tu vada, i tuoi giochi preferiti ti accompagnano. Divertiti con slot e giochi da tavolo sull'app mobile Spin Sahara per iOS e Android.\",\"breadcrumb\":{\"@id\":\"https:\\\/\\\/spinsaharaonline.org\\\/it\\\/applicazione\\\/#breadcrumb\"},\"inLanguage\":\"it-IT\",\"potentialAction\":[{\"@type\":\"ReadAction\",\"target\":[\"https:\\\/\\\/spinsaharaonline.org\\\/it\\\/applicazione\\\/\"]}]},{\"@type\":\"BreadcrumbList\",\"@id\":\"https:\\\/\\\/spinsaharaonline.org\\\/it\\\/applicazione\\\/#breadcrumb\",\"itemListElement\":[{\"@type\":\"ListItem\",\"position\":1,\"name\":\"Spinsahara\",\"item\":\"https:\\\/\\\/spinsaharaonline.org\\\/it\\\/\"},{\"@type\":\"ListItem\",\"position\":2,\"name\":\"Applicazione\"}]},{\"@type\":\"WebSite\",\"@id\":\"https:\\\/\\\/spinsaharaonline.org\\\/it\\\/#website\",\"url\":\"https:\\\/\\\/spinsaharaonline.org\\\/it\\\/\",\"name\":\"Spinsahara\",\"description\":\"\",\"publisher\":{\"@id\":\"https:\\\/\\\/spinsaharaonline.org\\\/it\\\/#organization\"},\"potentialAction\":[{\"@type\":\"SearchAction\",\"target\":{\"@type\":\"EntryPoint\",\"urlTemplate\":\"https:\\\/\\\/spinsaharaonline.org\\\/it\\\/?s={search_term_string}\"},\"query-input\":{\"@type\":\"PropertyValueSpecification\",\"valueRequired\":true,\"valueName\":\"search_term_string\"}}],\"inLanguage\":\"it-IT\"},{\"@type\":\"Organization\",\"@id\":\"https:\\\/\\\/spinsaharaonline.org\\\/it\\\/#organization\",\"name\":\"Spinsahara\",\"url\":\"https:\\\/\\\/spinsaharaonline.org\\\/it\\\/\",\"logo\":{\"@type\":\"ImageObject\",\"inLanguage\":\"it-IT\",\"@id\":\"https:\\\/\\\/spinsaharaonline.org\\\/it\\\/#\\\/schema\\\/logo\\\/image\\\/\",\"url\":\"https:\\\/\\\/spinsaharaonline.org\\\/wp-content\\\/uploads\\\/2025\\\/11\\\/logo.svg\",\"contentUrl\":\"https:\\\/\\\/spinsaharaonline.org\\\/wp-content\\\/uploads\\\/2025\\\/11\\\/logo.svg\",\"width\":160,\"height\":31,\"caption\":\"Spinsahara\"},\"image\":{\"@id\":\"https:\\\/\\\/spinsaharaonline.org\\\/it\\\/#\\\/schema\\\/logo\\\/image\\\/\"}}]}<\/script>\n<!-- \/ Yoast SEO plugin. -->","yoast_head_json":{"title":"Scarica Spinsahara Casino App | iOS e Android","description":"Ovunque tu vada, i tuoi giochi preferiti ti accompagnano. Divertiti con slot e giochi da tavolo sull'app mobile Spin Sahara per iOS e Android.","robots":{"index":"index","follow":"follow","max-snippet":"max-snippet:-1","max-image-preview":"max-image-preview:large","max-video-preview":"max-video-preview:-1"},"canonical":"https:\/\/spinsaharaonline.org\/it\/applicazione\/","og_locale":"it_IT","og_type":"article","og_title":"Scarica Spinsahara Casino App | iOS e Android","og_description":"Ovunque tu vada, i tuoi giochi preferiti ti accompagnano. Divertiti con slot e giochi da tavolo sull'app mobile Spin Sahara per iOS e Android.","og_url":"https:\/\/spinsaharaonline.org\/it\/applicazione\/","og_site_name":"spinsahara","article_modified_time":"2025-11-25T10:10:44+00:00","twitter_card":"summary_large_image","twitter_misc":{"Est. reading time":"2 minutes"},"schema":{"@context":"https:\/\/schema.org","@graph":[{"@type":"WebPage","@id":"https:\/\/spinsaharaonline.org\/it\/applicazione\/","url":"https:\/\/spinsaharaonline.org\/it\/applicazione\/","name":"Scarica Spinsahara Casino App | iOS e Android","isPartOf":{"@id":"https:\/\/spinsaharaonline.org\/it\/#website"},"datePublished":"2025-11-25T06:03:05+00:00","dateModified":"2025-11-25T10:10:44+00:00","description":"Ovunque tu vada, i tuoi giochi preferiti ti accompagnano. Divertiti con slot e giochi da tavolo sull'app mobile Spin Sahara per iOS e Android.","breadcrumb":{"@id":"https:\/\/spinsaharaonline.org\/it\/applicazione\/#breadcrumb"},"inLanguage":"it-IT","potentialAction":[{"@type":"ReadAction","target":["https:\/\/spinsaharaonline.org\/it\/applicazione\/"]}]},{"@type":"BreadcrumbList","@id":"https:\/\/spinsaharaonline.org\/it\/applicazione\/#breadcrumb","itemListElement":[{"@type":"ListItem","position":1,"name":"Spinsahara","item":"https:\/\/spinsaharaonline.org\/it\/"},{"@type":"ListItem","position":2,"name":"Applicazione"}]},{"@type":"WebSite","@id":"https:\/\/spinsaharaonline.org\/it\/#website","url":"https:\/\/spinsaharaonline.org\/it\/","name":"Spinsahara","description":"","publisher":{"@id":"https:\/\/spinsaharaonline.org\/it\/#organization"},"potentialAction":[{"@type":"SearchAction","target":{"@type":"EntryPoint","urlTemplate":"https:\/\/spinsaharaonline.org\/it\/?s={search_term_string}"},"query-input":{"@type":"PropertyValueSpecification","valueRequired":true,"valueName":"search_term_string"}}],"inLanguage":"it-IT"},{"@type":"Organization","@id":"https:\/\/spinsaharaonline.org\/it\/#organization","name":"Spinsahara","url":"https:\/\/spinsaharaonline.org\/it\/","logo":{"@type":"ImageObject","inLanguage":"it-IT","@id":"https:\/\/spinsaharaonline.org\/it\/#\/schema\/logo\/image\/","url":"https:\/\/spinsaharaonline.org\/wp-content\/uploads\/2025\/11\/logo.svg","contentUrl":"https:\/\/spinsaharaonline.org\/wp-content\/uploads\/2025\/11\/logo.svg","width":160,"height":31,"caption":"Spinsahara"},"image":{"@id":"https:\/\/spinsaharaonline.org\/it\/#\/schema\/logo\/image\/"}}]}},"_links":{"self":[{"href":"https:\/\/spinsaharaonline.org\/it\/wp-json\/wp\/v2\/pages\/1425","targetHints":{"allow":["GET"]}}],"collection":[{"href":"https:\/\/spinsaharaonline.org\/it\/wp-json\/wp\/v2\/pages"}],"about":[{"href":"https:\/\/spinsaharaonline.org\/it\/wp-json\/wp\/v2\/types\/page"}],"author":[{"embeddable":true,"href":"https:\/\/spinsaharaonline.org\/it\/wp-json\/wp\/v2\/users\/1"}],"replies":[{"embeddable":true,"href":"https:\/\/spinsaharaonline.org\/it\/wp-json\/wp\/v2\/comments?post=1425"}],"version-history":[{"count":2,"href":"https:\/\/spinsaharaonline.org\/it\/wp-json\/wp\/v2\/pages\/1425\/revisions"}],"predecessor-version":[{"id":1745,"href":"https:\/\/spinsaharaonline.org\/it\/wp-json\/wp\/v2\/pages\/1425\/revisions\/1745"}],"wp:attachment":[{"href":"https:\/\/spinsaharaonline.org\/it\/wp-json\/wp\/v2\/media?parent=1425"}],"curies":[{"name":"wp","href":"https:\/\/api.w.org\/{rel}","templated":true}]}}