{"id":1472,"date":"2025-11-25T06:05:46","date_gmt":"2025-11-25T06:05:46","guid":{"rendered":"https:\/\/spinsaharaonline.org\/login-and-registration\/"},"modified":"2025-11-25T10:12:21","modified_gmt":"2025-11-25T10:12:21","slug":"accesso-e-registrazione","status":"publish","type":"page","link":"https:\/\/spinsaharaonline.org\/it\/accesso-e-registrazione\/","title":{"rendered":"Accesso e registrazione"},"content":{"rendered":"<h1>Accesso a Spinsahara e registrazione del profilo<\/h1>\n<p>Per iniziare a giocare con soldi veri, approfittare dei bonus e utilizzare il nostro supporto multilingue disponibile 24 ore su 24, 7 giorni su 7, \u00e8 necessario completare la procedura di Spinsahara login. Gli utenti italiani hanno bisogno solo di un indirizzo e-mail e di una password per creare un nuovo account. La procedura richiede meno di 5 minuti. Devi avere almeno 18 anni per diventare membro di Spinsahara Casino e godere di tutti i vantaggi del gioco.<\/p>\n<p><div class=\"banner-wrap\" aria-label=\"Banner\"><img src=\"https:\/\/spinsaharaonline.org\/wp-content\/uploads\/2025\/11\/Spinsahara-banner-carousel-932\u0445400-12.webp\" class=\"w-100 d-none d-lg-block img-pc main-banner-img\" alt=\"Spinsahara banner desktop\" fetchpriority=\"high\" decoding=\"async\"><img src=\"https:\/\/spinsaharaonline.org\/wp-content\/uploads\/2025\/12\/Frame-35.webp\" class=\"w-100 d-none d-md-block d-lg-none main-banner-img\" alt=\"Spinsahara banner mobile\" fetchpriority=\"high\" decoding=\"async\"><img src=\"https:\/\/spinsaharaonline.org\/wp-content\/uploads\/2025\/12\/Frame-35.webp\" class=\"w-100 d-md-none\" alt=\"Spinsahara banner mobile\" fetchpriority=\"high\" decoding=\"async\"><div class=\"banner-description\">\n<div class=\"banner-title\">Bonus di benvenuto<\/div>\n<p class=\"banner-header-title\">1500 \u20ac<\/p>\n<div class=\"banner-header-AdditionalText\">+ 250 Giri gratuiti<\/div>\n<button data-item=\"homepage_banner_link\" class=\"goto m-button m-gradient-border m-button--primary m-button--large banner-button btn-orange\">\n            <div class=\"m-button-content\">\n                <span>Iscriviti ora<\/span>\n                <span><\/span>\n            <\/div>\n        <\/button>\n<\/div>\n<div class=\"WelcomePack\">\n<p><img loading=\"lazy\" decoding=\"async\" class=\"alignnone size-full wp-image-1338\" src=\"https:\/\/spinsaharaonline.org\/wp-content\/uploads\/2025\/11\/welcome-crown.svg\" alt=\"crown\" width=\"25\" height=\"26\" \/><\/p>\n<div class=\"WelcomePack-Info\">Cashback settimanale fino al 25%<\/div>\n<p><img loading=\"lazy\" decoding=\"async\" class=\"alignnone size-full wp-image-1338\" src=\"https:\/\/spinsaharaonline.org\/wp-content\/uploads\/2025\/11\/welcome-crown.svg\" alt=\"crown\" width=\"25\" height=\"26\" \/><\/p>\n<\/div>\n<\/div><div class=\"scrollable-content-wrap my-5\"><div class=\"scrollable-content-inner\"><h2>Accesso a Spin Sahara e gestione del profilo<\/h2>\n<p>Il primo passo sul nostro sito web \u00e8 completare il login Spinsahara. Dopodich\u00e9, potrai iniziare con oltre 6.000 titoli. Il tuo account ti d\u00e0 accesso a molte funzioni utili. Innanzitutto, puoi gestire le tue informazioni personali e di pagamento in qualsiasi momento. Nelle impostazioni del tuo account troverai gli strumenti per il gioco responsabile, molto utili se ritieni che Spin Sahara Casino abbia un impatto negativo sulla tua vita.<\/p>\n<p>Non \u00e8 necessario seguire molti passaggi per completare il login a Spinsahara. Per farlo in modo rapido e semplice, puoi seguire le nostre istruzioni riportate di seguito:<\/p>\n<ol>\n<li>Clicca sul pulsante \u201cAccedi\u201d nella home page di Spin Sahara.<\/li>\n<li>Inserisci il tuo indirizzo e-mail valido e crea una password, che pu\u00f2 essere pi\u00f9 lunga di 6 caratteri.<\/li>\n<li>Gli utenti devono confermare di avere almeno 18 anni e accettare le regole del sito web.<\/li>\n<li>Per completare la procedura di accesso a Spinsahara, controlla le informazioni inserite e clicca su \u201cAccedi\u201d.<\/li>\n<\/ol>\n<h3>Funzionalit\u00e0 di sicurezza del tuo account<\/h3>\n<p>Spinsahara Casino non \u00e8 solo divertimento, ma anche sicurezza. Adottiamo misure specifiche per garantire che ogni azione compiuta e ogni dato inserito siano protetti e non accessibili a terzi. La tabella sottostante mostra le principali caratteristiche di sicurezza quando si completa un login su Spinsahara.<\/p>\n<table>\n<tbody>\n<tr>\n<td>Caratteristica<\/td>\n<td>Descrizione<\/td>\n<td>Vantaggi per il giocatore<\/td>\n<\/tr>\n<tr>\n<td>Autenticazione a due fattori (2FA)<\/td>\n<td>Aggiunge un ulteriore passaggio di verifica tramite SMS, e-mail o app di autenticazione al momento dell&#8217;accesso.<\/td>\n<td>Fornisce una protezione efficace contro gli accessi non autorizzati, anche se qualcuno conosce la tua password.<\/td>\n<\/tr>\n<tr>\n<td>Crittografia SSL (Secure Socket Layer)<\/td>\n<td>Crittografa tutti i dati trasmessi tra il tuo dispositivo e i server del casin\u00f2.<\/td>\n<td>Le tue informazioni personali e finanziarie sono al sicuro da intercettazioni.<\/td>\n<\/tr>\n<tr>\n<td>Monitoraggio antifrode<\/td>\n<td>I sistemi automatizzati rilevano modelli di accesso insoliti o attivit\u00e0 sospette sugli account.<\/td>\n<td>Questo passaggio impedisce accessi fraudolenti e preserva l&#8217;integrit\u00e0 dell&#8217;account.<\/td>\n<\/tr>\n<tr>\n<td>Requisiti di sicurezza della password<\/td>\n<td>Spin Sahara richiede password complesse (ad esempio, almeno 6 caratteri).<\/td>\n<td>Riduce il rischio di attacchi di forza bruta.<\/td>\n<\/tr>\n<tr>\n<td>Strumenti di ripristino sicuro<\/td>\n<td>I link per reimpostare la password e la verifica dell&#8217;identit\u00e0 garantiscono che solo tu possa recuperare l&#8217;account.<\/td>\n<td>Fornisce un modo sicuro per ripristinare il tuo account se perdi l&#8217;accesso.<\/td>\n<\/tr>\n<\/tbody>\n<\/table>\n<h2>Crea il tuo account Spinsahara<\/h2>\n<p>Creare un nuovo account su Spinsahara Casino non richiede molto tempo. Per la registrazione principale, ti chiederemo solo un indirizzo e-mail e una password. Ti preghiamo di creare una password complessa, in modo che solo tu possa accedervi. Dopo essersi registrato sulla nostra piattaforma ed aver effettuato il primo deposito, ogni giocatore riceve automaticamente un pacchetto di benvenuto fino a \u20ac 1.500 + 250 giri gratuiti. Per registrarti su Spin Sahara in pochi minuti, segui le nostre istruzioni qui sotto:<\/p>\n<ol>\n<li>Nella pagina principale, clicca sul pulsante \u201cRegistrati\u201d.<\/li>\n<li>Compila i campi del modulo di registrazione: email e password.<\/li>\n<li>Conferma di avere almeno 18 anni e di accettare i termini e le condizioni del sito web.<\/li>\n<li>Clicca sul pulsante \u201cIscriviti\u201d alla fine del modulo.<\/li>\n<li>Segui il link che hai ricevuto via e-mail per confermare i tuoi dati.<\/li>\n<li>Compila il modulo con i tuoi dati personali, quali nome e cognome, data di nascita e indirizzo di residenza. Puoi saltare questo passaggio e completarlo in un secondo momento.<\/li>\n<li>Clicca sul pulsante \u201cSalva\u201d per completare la registrazione.<\/li>\n<\/ol>\n<h3>Recupera accesso all&#8217;account<\/h3>\n<p>Non preoccuparti se hai dimenticato alcune delle tue informazioni personali o di accesso: abbiamo una soluzione per te. Non perderai l&#8217;accesso al tuo account personale, perch\u00e9 offriamo una speciale funzione di reimpostazione. Se hai dimenticato la password per l&#8217;accesso a Spinsahara, basta cliccare sul link \u201cHai dimenticato la password?\u201d nel modulo di accesso. Dopodich\u00e9, dovrai inserire l&#8217;indirizzo e-mail che hai utilizzato in precedenza e ti invieremo un link per reimpostare la password.<\/p>\n<h2>Verifica il tuo profilo Spinsahara<\/h2>\n<p>In base alle regole della nostra piattaforma, dobbiamo garantire che ogni persona abbia un solo account su Spinsahara Casino. Inoltre, dovrai confermare la tua et\u00e0, il tuo indirizzo di residenza e la titolarit\u00e0 del metodo di pagamento. Il processo di verifica avviene prima del primo prelievo e si applica a tutti i nostri utenti, indipendentemente dalla regione.<\/p>\n<p>Per verificare la tua identit\u00e0, dovrai caricare foto o copie dei tuoi documenti sul tuo account personale. I documenti includono la carta d&#8217;identit\u00e0, il passaporto o la patente di guida. Inoltre, dovrai caricare una bolletta e un estratto conto bancario.<\/p>\n<p>I nostri responsabili Spinsahara esamineranno i tuoi documenti entro 48 ore e ti comunicheranno la loro decisione. Una volta verificata la tua identit\u00e0, potrai prelevare le tue vincite senza problemi o ritardi.<\/p>\n<h2>Domande frequenti<\/h2>\n<h3>Quali informazioni sono necessarie per completare la registrazione?<\/h3>\n<p>Per creare un nuovo account su Spinsahara Casino, \u00e8 necessario fornire il proprio indirizzo e-mail e creare una password. Richiederemo inoltre alcune informazioni personali a fini di verifica futura.<\/p>\n<h3>Come posso accedere se dimentico la mia password?<\/h3>\n<p>Se non ricordi la tua password, devi cliccare sul link \u201cHai dimenticato la password?\u201d nel modulo di accesso per reimpostarla e crearne una nuova. Dopo aver completato la procedura, dovrai utilizzare la nuova password per accedere al tuo account Spinsahara Casino.<\/p>\n<h3>Perch\u00e9 non riesco ad accedere al mio account Spin Sahara?<\/h3>\n<p>Controlla di aver inserito le informazioni corrette, come l&#8217;indirizzo e-mail e la password. Se non riesci ancora a completare la procedura di accesso a Spinsahara, ti consigliamo di contattare il nostro team di assistenza, disponibile 24 ore su 24, 7 giorni su 7, tramite live chat o e-mail.<\/p>\n<\/div><\/div><\/p>\n","protected":false},"excerpt":{"rendered":"<p>Accesso a Spinsahara e registrazione del profilo Per iniziare a giocare con soldi veri, approfittare dei bonus e utilizzare il nostro supporto multilingue disponibile 24 ore su 24, 7 giorni su 7, \u00e8 necessario completare la procedura di Spinsahara login. Gli utenti italiani hanno bisogno solo di un indirizzo e-mail e di una password per [&hellip;]<\/p>\n","protected":false},"author":1,"featured_media":0,"parent":0,"menu_order":0,"comment_status":"closed","ping_status":"closed","template":"template-builder.php","meta":{"_acf_changed":false,"inline_featured_image":false,"footnotes":""},"class_list":["post-1472","page","type-page","status-publish","hentry"],"acf":[],"yoast_head":"<!-- This site is optimized with the Yoast SEO plugin v27.3 - https:\/\/yoast.com\/product\/yoast-seo-wordpress\/ -->\n<title>Spinsahara Login | Registrazione e gestione dell&#039;account<\/title>\n<meta name=\"description\" content=\"Inizia con un login Spin Sahara. I nuovi utenti possono registrarsi facilmente e i giocatori esistenti possono tornare in qualsiasi momento per gestire il proprio account e contattare l&#039;assistenza 24\/7.\" \/>\n<meta name=\"robots\" content=\"index, follow, max-snippet:-1, max-image-preview:large, max-video-preview:-1\" \/>\n<link rel=\"canonical\" href=\"https:\/\/spinsaharaonline.org\/it\/accesso-e-registrazione\/\" \/>\n<meta property=\"og:locale\" content=\"it_IT\" \/>\n<meta property=\"og:type\" content=\"article\" \/>\n<meta property=\"og:title\" content=\"Spinsahara Login | Registrazione e gestione dell&#039;account\" \/>\n<meta property=\"og:description\" content=\"Inizia con un login Spin Sahara. I nuovi utenti possono registrarsi facilmente e i giocatori esistenti possono tornare in qualsiasi momento per gestire il proprio account e contattare l&#039;assistenza 24\/7.\" \/>\n<meta property=\"og:url\" content=\"https:\/\/spinsaharaonline.org\/it\/accesso-e-registrazione\/\" \/>\n<meta property=\"og:site_name\" content=\"spinsahara\" \/>\n<meta property=\"article:modified_time\" content=\"2025-11-25T10:12:21+00:00\" \/>\n<meta name=\"twitter:card\" content=\"summary_large_image\" \/>\n<meta name=\"twitter:label1\" content=\"Est. reading time\" \/>\n\t<meta name=\"twitter:data1\" content=\"1 minute\" \/>\n<script type=\"application\/ld+json\" class=\"yoast-schema-graph\">{\"@context\":\"https:\\\/\\\/schema.org\",\"@graph\":[{\"@type\":\"WebPage\",\"@id\":\"https:\\\/\\\/spinsaharaonline.org\\\/it\\\/accesso-e-registrazione\\\/\",\"url\":\"https:\\\/\\\/spinsaharaonline.org\\\/it\\\/accesso-e-registrazione\\\/\",\"name\":\"Spinsahara Login | Registrazione e gestione dell'account\",\"isPartOf\":{\"@id\":\"https:\\\/\\\/spinsaharaonline.org\\\/it\\\/#website\"},\"datePublished\":\"2025-11-25T06:05:46+00:00\",\"dateModified\":\"2025-11-25T10:12:21+00:00\",\"description\":\"Inizia con un login Spin Sahara. I nuovi utenti possono registrarsi facilmente e i giocatori esistenti possono tornare in qualsiasi momento per gestire il proprio account e contattare l'assistenza 24\\\/7.\",\"breadcrumb\":{\"@id\":\"https:\\\/\\\/spinsaharaonline.org\\\/it\\\/accesso-e-registrazione\\\/#breadcrumb\"},\"inLanguage\":\"it-IT\",\"potentialAction\":[{\"@type\":\"ReadAction\",\"target\":[\"https:\\\/\\\/spinsaharaonline.org\\\/it\\\/accesso-e-registrazione\\\/\"]}]},{\"@type\":\"BreadcrumbList\",\"@id\":\"https:\\\/\\\/spinsaharaonline.org\\\/it\\\/accesso-e-registrazione\\\/#breadcrumb\",\"itemListElement\":[{\"@type\":\"ListItem\",\"position\":1,\"name\":\"Spinsahara\",\"item\":\"https:\\\/\\\/spinsaharaonline.org\\\/it\\\/\"},{\"@type\":\"ListItem\",\"position\":2,\"name\":\"Accesso e registrazione\"}]},{\"@type\":\"WebSite\",\"@id\":\"https:\\\/\\\/spinsaharaonline.org\\\/it\\\/#website\",\"url\":\"https:\\\/\\\/spinsaharaonline.org\\\/it\\\/\",\"name\":\"Spinsahara\",\"description\":\"\",\"publisher\":{\"@id\":\"https:\\\/\\\/spinsaharaonline.org\\\/it\\\/#organization\"},\"potentialAction\":[{\"@type\":\"SearchAction\",\"target\":{\"@type\":\"EntryPoint\",\"urlTemplate\":\"https:\\\/\\\/spinsaharaonline.org\\\/it\\\/?s={search_term_string}\"},\"query-input\":{\"@type\":\"PropertyValueSpecification\",\"valueRequired\":true,\"valueName\":\"search_term_string\"}}],\"inLanguage\":\"it-IT\"},{\"@type\":\"Organization\",\"@id\":\"https:\\\/\\\/spinsaharaonline.org\\\/it\\\/#organization\",\"name\":\"Spinsahara\",\"url\":\"https:\\\/\\\/spinsaharaonline.org\\\/it\\\/\",\"logo\":{\"@type\":\"ImageObject\",\"inLanguage\":\"it-IT\",\"@id\":\"https:\\\/\\\/spinsaharaonline.org\\\/it\\\/#\\\/schema\\\/logo\\\/image\\\/\",\"url\":\"https:\\\/\\\/spinsaharaonline.org\\\/wp-content\\\/uploads\\\/2025\\\/11\\\/logo.svg\",\"contentUrl\":\"https:\\\/\\\/spinsaharaonline.org\\\/wp-content\\\/uploads\\\/2025\\\/11\\\/logo.svg\",\"width\":160,\"height\":31,\"caption\":\"Spinsahara\"},\"image\":{\"@id\":\"https:\\\/\\\/spinsaharaonline.org\\\/it\\\/#\\\/schema\\\/logo\\\/image\\\/\"}}]}<\/script>\n<!-- \/ Yoast SEO plugin. -->","yoast_head_json":{"title":"Spinsahara Login | Registrazione e gestione dell'account","description":"Inizia con un login Spin Sahara. I nuovi utenti possono registrarsi facilmente e i giocatori esistenti possono tornare in qualsiasi momento per gestire il proprio account e contattare l'assistenza 24\/7.","robots":{"index":"index","follow":"follow","max-snippet":"max-snippet:-1","max-image-preview":"max-image-preview:large","max-video-preview":"max-video-preview:-1"},"canonical":"https:\/\/spinsaharaonline.org\/it\/accesso-e-registrazione\/","og_locale":"it_IT","og_type":"article","og_title":"Spinsahara Login | Registrazione e gestione dell'account","og_description":"Inizia con un login Spin Sahara. I nuovi utenti possono registrarsi facilmente e i giocatori esistenti possono tornare in qualsiasi momento per gestire il proprio account e contattare l'assistenza 24\/7.","og_url":"https:\/\/spinsaharaonline.org\/it\/accesso-e-registrazione\/","og_site_name":"spinsahara","article_modified_time":"2025-11-25T10:12:21+00:00","twitter_card":"summary_large_image","twitter_misc":{"Est. reading time":"1 minute"},"schema":{"@context":"https:\/\/schema.org","@graph":[{"@type":"WebPage","@id":"https:\/\/spinsaharaonline.org\/it\/accesso-e-registrazione\/","url":"https:\/\/spinsaharaonline.org\/it\/accesso-e-registrazione\/","name":"Spinsahara Login | Registrazione e gestione dell'account","isPartOf":{"@id":"https:\/\/spinsaharaonline.org\/it\/#website"},"datePublished":"2025-11-25T06:05:46+00:00","dateModified":"2025-11-25T10:12:21+00:00","description":"Inizia con un login Spin Sahara. I nuovi utenti possono registrarsi facilmente e i giocatori esistenti possono tornare in qualsiasi momento per gestire il proprio account e contattare l'assistenza 24\/7.","breadcrumb":{"@id":"https:\/\/spinsaharaonline.org\/it\/accesso-e-registrazione\/#breadcrumb"},"inLanguage":"it-IT","potentialAction":[{"@type":"ReadAction","target":["https:\/\/spinsaharaonline.org\/it\/accesso-e-registrazione\/"]}]},{"@type":"BreadcrumbList","@id":"https:\/\/spinsaharaonline.org\/it\/accesso-e-registrazione\/#breadcrumb","itemListElement":[{"@type":"ListItem","position":1,"name":"Spinsahara","item":"https:\/\/spinsaharaonline.org\/it\/"},{"@type":"ListItem","position":2,"name":"Accesso e registrazione"}]},{"@type":"WebSite","@id":"https:\/\/spinsaharaonline.org\/it\/#website","url":"https:\/\/spinsaharaonline.org\/it\/","name":"Spinsahara","description":"","publisher":{"@id":"https:\/\/spinsaharaonline.org\/it\/#organization"},"potentialAction":[{"@type":"SearchAction","target":{"@type":"EntryPoint","urlTemplate":"https:\/\/spinsaharaonline.org\/it\/?s={search_term_string}"},"query-input":{"@type":"PropertyValueSpecification","valueRequired":true,"valueName":"search_term_string"}}],"inLanguage":"it-IT"},{"@type":"Organization","@id":"https:\/\/spinsaharaonline.org\/it\/#organization","name":"Spinsahara","url":"https:\/\/spinsaharaonline.org\/it\/","logo":{"@type":"ImageObject","inLanguage":"it-IT","@id":"https:\/\/spinsaharaonline.org\/it\/#\/schema\/logo\/image\/","url":"https:\/\/spinsaharaonline.org\/wp-content\/uploads\/2025\/11\/logo.svg","contentUrl":"https:\/\/spinsaharaonline.org\/wp-content\/uploads\/2025\/11\/logo.svg","width":160,"height":31,"caption":"Spinsahara"},"image":{"@id":"https:\/\/spinsaharaonline.org\/it\/#\/schema\/logo\/image\/"}}]}},"_links":{"self":[{"href":"https:\/\/spinsaharaonline.org\/it\/wp-json\/wp\/v2\/pages\/1472","targetHints":{"allow":["GET"]}}],"collection":[{"href":"https:\/\/spinsaharaonline.org\/it\/wp-json\/wp\/v2\/pages"}],"about":[{"href":"https:\/\/spinsaharaonline.org\/it\/wp-json\/wp\/v2\/types\/page"}],"author":[{"embeddable":true,"href":"https:\/\/spinsaharaonline.org\/it\/wp-json\/wp\/v2\/users\/1"}],"replies":[{"embeddable":true,"href":"https:\/\/spinsaharaonline.org\/it\/wp-json\/wp\/v2\/comments?post=1472"}],"version-history":[{"count":1,"href":"https:\/\/spinsaharaonline.org\/it\/wp-json\/wp\/v2\/pages\/1472\/revisions"}],"predecessor-version":[{"id":1746,"href":"https:\/\/spinsaharaonline.org\/it\/wp-json\/wp\/v2\/pages\/1472\/revisions\/1746"}],"wp:attachment":[{"href":"https:\/\/spinsaharaonline.org\/it\/wp-json\/wp\/v2\/media?parent=1472"}],"curies":[{"name":"wp","href":"https:\/\/api.w.org\/{rel}","templated":true}]}}