{"id":1418,"date":"2025-11-25T06:03:05","date_gmt":"2025-11-25T06:03:05","guid":{"rendered":"https:\/\/spinsaharaonline.org\/app\/"},"modified":"2025-11-25T07:31:22","modified_gmt":"2025-11-25T07:31:22","slug":"app","status":"publish","type":"page","link":"https:\/\/spinsaharaonline.org\/nl\/app\/","title":{"rendered":"App"},"content":{"rendered":"<h1>Spinsahara Casino mobiele app<\/h1>\n<p>Als je niet altijd achter je computer kunt zitten om je favoriete spellen te spelen, moet je de Spinsahara App eens proberen. Deze handige mobiele software heeft een flexibel ontwerp dat werkt op alle moderne Android- en iOS-apparaten. Nadat je je hebt aangemeld of geregistreerd, krijg je toegang tot een volledige spelcollectie, promoties, toernooien en alle andere functies. Meer dan 80% van onze Nederlandse gebruikers speelt het liefst in de Spinsahara-app op hun mobiele telefoon.<\/p>\n<div class=\"banner-wrap\" aria-label=\"Banner\"><img src=\"https:\/\/spinsaharaonline.org\/wp-content\/uploads\/2025\/11\/Spinsahara-banner-carousel-932\u0445400-12.webp\" class=\"w-100 d-none d-lg-block img-pc main-banner-img\" alt=\"Spinsahara banner desktop\" fetchpriority=\"high\" decoding=\"async\"><img src=\"https:\/\/spinsaharaonline.org\/wp-content\/uploads\/2025\/12\/Frame-35.webp\" class=\"w-100 d-none d-md-block d-lg-none main-banner-img\" alt=\"Spinsahara banner mobile\" fetchpriority=\"high\" decoding=\"async\"><img src=\"https:\/\/spinsaharaonline.org\/wp-content\/uploads\/2025\/12\/Frame-35.webp\" class=\"w-100 d-md-none\" alt=\"Spinsahara banner mobile\" fetchpriority=\"high\" decoding=\"async\"><div class=\"banner-description\">\n<div class=\"banner-title\">Welkomstbonussen<\/div>\n<p class=\"banner-header-title\">1500 \u20ac<\/p>\n<div class=\"banner-header-AdditionalText\">+ 250 Gratis Spins<\/div>\n<button data-item=\"homepage_banner_link\" class=\"goto m-button m-gradient-border m-button--primary m-button--large banner-button btn-orange\">\n            <div class=\"m-button-content\">\n                <span>Meld je nu aan<\/span>\n                <span><\/span>\n            <\/div>\n        <\/button>\n<\/div>\n<div class=\"WelcomePack\">\n<p><img loading=\"lazy\" decoding=\"async\" class=\"alignnone size-full wp-image-1338\" src=\"https:\/\/spinsaharaonline.org\/wp-content\/uploads\/2025\/11\/welcome-crown.svg\" alt=\"crown\" width=\"25\" height=\"26\" \/><\/p>\n<div class=\"WelcomePack-Info\">Wekelijkse cashback tot 25%<\/div>\n<p><img loading=\"lazy\" decoding=\"async\" class=\"alignnone size-full wp-image-1338\" src=\"https:\/\/spinsaharaonline.org\/wp-content\/uploads\/2025\/11\/welcome-crown.svg\" alt=\"crown\" width=\"25\" height=\"26\" \/><\/p>\n<\/div>\n<\/div>\n<h2>Voordelen van mobiele toegang tot Spinsahara<\/h2>\n<p>Gebruikers kiezen mobiele software voor hun hobby&#8217;s en entertainment om onderweg online te blijven. Niemand wil immers beperkt worden door thuis te moeten blijven of een computer te moeten gebruiken. Daarom hebben we de Spinsahara-app voor Android en iOS ontwikkeld. Deze app is een afspiegeling van de desktopversie, maar perfect aangepast aan touchscreen-apparaten.<\/p>\n<p>Als u al een account hebt bij Spin Sahara Casino, hoeft u alleen maar in te loggen en al uw persoonlijke gegevens en spelvoortgang worden tussen de apparaten gesynchroniseerd. Als u net begint met het mobiele casino, is het registratieformulier voor iedereen beschikbaar op elk apparaat.<\/p>\n<p>De Spinsahara-app biedt u toegang tot alle meer dan 6.000 titels, waaronder online slots, tafelspellen, live casino-opties en nog veel meer. Wij garanderen dat uw spelervaring nog beter zal zijn wanneer u de mobiele versie gebruikt.<\/p>\n<table>\n<tbody>\n<tr>\n<td>Functie<\/td>\n<td>Details<\/td>\n<td>Voordeel voor de speler<\/td>\n<\/tr>\n<tr>\n<td>Offline toegang<\/td>\n<td>Gebruikers kunnen bepaalde games spelen en door secties bladeren, zelfs zonder internetverbinding.<\/td>\n<td>Je zult je in elke situatie vermaken.<\/td>\n<\/tr>\n<tr>\n<td>Pushmeldingen<\/td>\n<td>Je ontvangt direct updates over bonussen of toernooien.<\/td>\n<td>Spelers missen nooit promoties of tijdelijke aanbiedingen.<\/td>\n<\/tr>\n<tr>\n<td>Toevoegen aan startscherm<\/td>\n<td>Gebruikers moeten de Spin Sahara Casino-software rechtstreeks via hun browser installeren.<\/td>\n<td>Je krijgt snel toegang zonder de software uit de app store te downloaden.<\/td>\n<\/tr>\n<tr>\n<td>Snel laden<\/td>\n<td>Het heeft geoptimaliseerde caching en een lichtgewicht ontwerp.<\/td>\n<td>De software biedt zelfs op tragere netwerken een soepele ervaring.<\/td>\n<\/tr>\n<\/tbody>\n<\/table>\n<p><div style=\"clear: both\"><\/div><div class=\"d-flex justify-content-center\"><button data-item=\"decouvrez_link\" data-group=\"website_links\" class=\"goto fw-bold rounded-pill btn btn-orange\" aria-label=\"Download de Spinsahara-app\" >Download de Spinsahara-app<\/button><\/div><div class=\"scrollable-content-wrap my-5\"><div class=\"scrollable-content-inner\"><h2>Download de Android versie<\/h2>\n<p>Android-gebruikers van Spinsahara Casino kunnen de mobiele app nu rechtstreeks vanaf onze website installeren. Vanwege beperkingen van Google Play Store op gokapps, kun je deze daar niet downloaden. Maar we bieden je een progressieve webapplicatie die regelmatig wordt gecontroleerd en volledig veilig is. U hoeft geen Spinsahara APK-bestanden te downloaden, omdat deze het geheugen van uw telefoon in beslag nemen en deze kunnen beschadigen.<\/p>\n<p>Om de Spinsahara-app snel en zonder problemen te installeren, volgt u onze instructies hieronder:<\/p>\n<ol>\n<li>Ga op onze website naar de voettekst van de pagina.<\/li>\n<li>Klik op de knop &#8216;Casino App&#8217;. Na deze stap wordt de installatie automatisch gestart.<\/li>\n<li>Nadat het installatieproces is voltooid, ziet u het merklogo op uw startscherm.<\/li>\n<\/ol>\n<p>Als u vragen of problemen heeft met de installatie of functionaliteit, kunt u altijd contact opnemen met ons 24\/7 supportteam. Gebruik de live chat voor dringende vragen en e-mail voor meer gedetailleerde informatie, inclusief screenshots indien nodig.<\/p>\n<p><img loading=\"lazy\" decoding=\"async\" src=\"https:\/\/spinsaharaonline.org\/wp-content\/uploads\/2025\/11\/Spinsahara-Android-Application.webp\" alt=\"Spinsahara Android Application\" width=\"1248\" height=\"536\" \/><\/p>\n<\/div><\/div><div style=\"clear: both\"><\/div><div class=\"d-flex justify-content-center\"><button data-item=\"decouvrez_link\" data-group=\"website_links\" class=\"goto fw-bold rounded-pill btn btn-orange\" aria-label=\"Download Spinsahara\" >Download Spinsahara<\/button><\/div><div class=\"scrollable-content-wrap my-5\"><div class=\"scrollable-content-inner\"><h2>Spin Sahara voor iPhone en iPad<\/h2>\n<p>We zijn onze iOS-spelers niet vergeten. Voor jullie bieden we verschillende handige opties: een mobiele browserversie, een snelkoppelingspictogram voor snellere toegang of de handige Spin Sahara-app. Alle drie de opties werken uitstekend op alle moderne iPhones en iPads. Je krijgt toegang tot de volledige spelcollectie, betalingen, bonussen en klantenservice.<\/p>\n<p>We willen uw mobiele ervaring zo veilig mogelijk maken. Daarom kunt u in de Spinsahara Casino-app tweefactorauthenticatie instellen. Om fraude te voorkomen, moeten al onze klanten een eenvoudig verificatieproces doorlopen voordat ze hun eerste opname kunnen doen.<\/p>\n<p>De mobiele versie van de Spinsahara-website is beschikbaar in elke mobiele browser, inclusief Google Chrome en Safari. De mobiele software kan worden gedownload vanaf de website via de link &#8216;Casino-app&#8217; in de voettekst. Om het snelkoppelingspictogram op uw iOS-apparaat te installeren, kunt u onze onderstaande richtlijnen gebruiken:<\/p>\n<ol>\n<li>Open Spinsahara Casino in Safari met uw smartphone of tablet.<\/li>\n<li>Klik op de knop &#8216;Delen&#8217;. Deze bevindt zich onderaan het scherm.<\/li>\n<li>Kies de optie &#8216;Toevoegen aan startscherm&#8217;. Na deze stap verschijnt het snelkoppelingspictogram op uw scherm.<\/li>\n<\/ol>\n<p><img loading=\"lazy\" decoding=\"async\" src=\"https:\/\/spinsaharaonline.org\/wp-content\/uploads\/2025\/11\/Spinsahara-iOS-Application.webp\" alt=\"Spinsahara iOS Application\" width=\"1248\" height=\"536\" \/><\/p>\n<\/div><\/div><div style=\"clear: both\"><\/div><div class=\"d-flex justify-content-center\"><button data-item=\"decouvrez_link\" data-group=\"website_links\" class=\"goto fw-bold rounded-pill btn btn-orange\" aria-label=\"Download de Spinsahara-app\" >Download de Spinsahara-app<\/button><\/div><div class=\"scrollable-content-wrap my-5\"><div class=\"scrollable-content-inner\"><h2>Spinsahara desktopversie voor Windows en Mac<\/h2>\n<p>Hoewel de desktopversie van Spinsahara de meest klassieke optie is, is deze nog steeds handig. Veel gebruikers geven er de voorkeur aan om op een groot scherm te spelen om zich nog meer in de ervaring te kunnen onderdompelen. U kunt Spinsahara Casino in elke browser gebruiken of een snelkoppelingspictogram installeren.<\/p>\n<p>Beide opties zijn handig voor elke moderne pc en bieden een breed scala aan spellen. Om een snelkoppelingspictogram te installeren en binnen enkele seconden toegang te krijgen tot Spin Sahara, moet u op de knop &#8216;Meer&#8217; in de adresbalk klikken terwijl u op onze website bent. In de lijst met opties moet u op &#8216;Toevoegen aan startscherm&#8217; klikken. Nu hebt u het snelkoppelingspictogram op uw hoofdscherm, zodat u sneller kunt genieten van alle functies van het online casino.<\/p>\n<p><img loading=\"lazy\" decoding=\"async\" src=\"https:\/\/spinsaharaonline.org\/wp-content\/uploads\/2025\/11\/Spinsahara-Desktop.webp\" alt=\"Spinsahara Desktop\" width=\"1248\" height=\"536\" \/><\/p>\n<\/div><\/div><div style=\"clear: both\"><\/div><div class=\"d-flex justify-content-center\"><button data-item=\"decouvrez_link\" data-group=\"website_links\" class=\"goto fw-bold rounded-pill btn btn-orange\" aria-label=\"Download Spinsahara\" >Download Spinsahara<\/button><\/div><div class=\"scrollable-content-wrap my-5\"><div class=\"scrollable-content-inner\"><h2>Veelgestelde vragen<\/h2>\n<h3>Is de Spin Sahara app beschikbaar voor zowel Android als iOS?<\/h3>\n<p>Gebruikers hebben toegang tot de Spinsahara-app vanaf elk modern iOS- of Android-apparaat. Je kunt deze gratis installeren op onze website.<\/p>\n<h3>Kan ik hetzelfde account gebruiken op de mobiele app en de desktopversie?<\/h3>\n<p>Volgens de regels van Spinsahara Casino mag \u00e9\u00e9n persoon slechts \u00e9\u00e9n account hebben op ons platform. Daarom moet u hetzelfde account gebruiken. Al uw gegevens en voortgang worden tussen de apparaten gesynchroniseerd.<\/p>\n<h3>Biedt de app dezelfde spellen en functies als de website?<\/h3>\n<p>De Spinsahara-app biedt de volledige versie van de spelcollectie, inclusief meer dan 6.000 titels. Je kunt onderweg vanaf je mobiele apparaat genieten van gokautomaten, tafelspellen, live dealer-opties en instant win-titels.<\/p>\n<\/div><\/div><\/p>\n","protected":false},"excerpt":{"rendered":"<p>Spinsahara Casino mobiele app Als je niet altijd achter je computer kunt zitten om je favoriete spellen te spelen, moet je de Spinsahara App eens proberen. Deze handige mobiele software heeft een flexibel ontwerp dat werkt op alle moderne Android- en iOS-apparaten. Nadat je je hebt aangemeld of geregistreerd, krijg je toegang tot een volledige [&hellip;]<\/p>\n","protected":false},"author":1,"featured_media":0,"parent":0,"menu_order":0,"comment_status":"closed","ping_status":"closed","template":"template-builder.php","meta":{"_acf_changed":false,"inline_featured_image":false,"footnotes":""},"class_list":["post-1418","page","type-page","status-publish","hentry"],"acf":[],"yoast_head":"<!-- This site is optimized with the Yoast SEO plugin v27.3 - https:\/\/yoast.com\/product\/yoast-seo-wordpress\/ -->\n<title>Download Spinsahara Casino App | iOS en Android<\/title>\n<meta name=\"description\" content=\"Waar je ook gaat, je favoriete spellen gaan met je mee. Geniet van slots en tafelspellen in de Spin Sahara mobiele app voor iOS en Android.\" \/>\n<meta name=\"robots\" content=\"index, follow, max-snippet:-1, max-image-preview:large, max-video-preview:-1\" \/>\n<link rel=\"canonical\" href=\"https:\/\/spinsaharaonline.org\/nl\/app\/\" \/>\n<meta property=\"og:locale\" content=\"nl_NL\" \/>\n<meta property=\"og:type\" content=\"article\" \/>\n<meta property=\"og:title\" content=\"Download Spinsahara Casino App | iOS en Android\" \/>\n<meta property=\"og:description\" content=\"Waar je ook gaat, je favoriete spellen gaan met je mee. Geniet van slots en tafelspellen in de Spin Sahara mobiele app voor iOS en Android.\" \/>\n<meta property=\"og:url\" content=\"https:\/\/spinsaharaonline.org\/nl\/app\/\" \/>\n<meta property=\"og:site_name\" content=\"spinsahara\" \/>\n<meta property=\"article:modified_time\" content=\"2025-11-25T07:31:22+00:00\" \/>\n<meta name=\"twitter:card\" content=\"summary_large_image\" \/>\n<meta name=\"twitter:label1\" content=\"Est. reading time\" \/>\n\t<meta name=\"twitter:data1\" content=\"2 minutes\" \/>\n<script type=\"application\/ld+json\" class=\"yoast-schema-graph\">{\"@context\":\"https:\\\/\\\/schema.org\",\"@graph\":[{\"@type\":\"WebPage\",\"@id\":\"https:\\\/\\\/spinsaharaonline.org\\\/nl\\\/app\\\/\",\"url\":\"https:\\\/\\\/spinsaharaonline.org\\\/nl\\\/app\\\/\",\"name\":\"Download Spinsahara Casino App | iOS en Android\",\"isPartOf\":{\"@id\":\"https:\\\/\\\/spinsaharaonline.org\\\/nl\\\/#website\"},\"datePublished\":\"2025-11-25T06:03:05+00:00\",\"dateModified\":\"2025-11-25T07:31:22+00:00\",\"description\":\"Waar je ook gaat, je favoriete spellen gaan met je mee. Geniet van slots en tafelspellen in de Spin Sahara mobiele app voor iOS en Android.\",\"breadcrumb\":{\"@id\":\"https:\\\/\\\/spinsaharaonline.org\\\/nl\\\/app\\\/#breadcrumb\"},\"inLanguage\":\"nl-NL\",\"potentialAction\":[{\"@type\":\"ReadAction\",\"target\":[\"https:\\\/\\\/spinsaharaonline.org\\\/nl\\\/app\\\/\"]}]},{\"@type\":\"BreadcrumbList\",\"@id\":\"https:\\\/\\\/spinsaharaonline.org\\\/nl\\\/app\\\/#breadcrumb\",\"itemListElement\":[{\"@type\":\"ListItem\",\"position\":1,\"name\":\"Spinsahara\",\"item\":\"https:\\\/\\\/spinsaharaonline.org\\\/nl\\\/\"},{\"@type\":\"ListItem\",\"position\":2,\"name\":\"App\"}]},{\"@type\":\"WebSite\",\"@id\":\"https:\\\/\\\/spinsaharaonline.org\\\/nl\\\/#website\",\"url\":\"https:\\\/\\\/spinsaharaonline.org\\\/nl\\\/\",\"name\":\"Spinsahara\",\"description\":\"\",\"publisher\":{\"@id\":\"https:\\\/\\\/spinsaharaonline.org\\\/nl\\\/#organization\"},\"potentialAction\":[{\"@type\":\"SearchAction\",\"target\":{\"@type\":\"EntryPoint\",\"urlTemplate\":\"https:\\\/\\\/spinsaharaonline.org\\\/nl\\\/?s={search_term_string}\"},\"query-input\":{\"@type\":\"PropertyValueSpecification\",\"valueRequired\":true,\"valueName\":\"search_term_string\"}}],\"inLanguage\":\"nl-NL\"},{\"@type\":\"Organization\",\"@id\":\"https:\\\/\\\/spinsaharaonline.org\\\/nl\\\/#organization\",\"name\":\"Spinsahara\",\"url\":\"https:\\\/\\\/spinsaharaonline.org\\\/nl\\\/\",\"logo\":{\"@type\":\"ImageObject\",\"inLanguage\":\"nl-NL\",\"@id\":\"https:\\\/\\\/spinsaharaonline.org\\\/nl\\\/#\\\/schema\\\/logo\\\/image\\\/\",\"url\":\"https:\\\/\\\/spinsaharaonline.org\\\/wp-content\\\/uploads\\\/2025\\\/11\\\/logo.svg\",\"contentUrl\":\"https:\\\/\\\/spinsaharaonline.org\\\/wp-content\\\/uploads\\\/2025\\\/11\\\/logo.svg\",\"width\":160,\"height\":31,\"caption\":\"Spinsahara\"},\"image\":{\"@id\":\"https:\\\/\\\/spinsaharaonline.org\\\/nl\\\/#\\\/schema\\\/logo\\\/image\\\/\"}}]}<\/script>\n<!-- \/ Yoast SEO plugin. -->","yoast_head_json":{"title":"Download Spinsahara Casino App | iOS en Android","description":"Waar je ook gaat, je favoriete spellen gaan met je mee. Geniet van slots en tafelspellen in de Spin Sahara mobiele app voor iOS en Android.","robots":{"index":"index","follow":"follow","max-snippet":"max-snippet:-1","max-image-preview":"max-image-preview:large","max-video-preview":"max-video-preview:-1"},"canonical":"https:\/\/spinsaharaonline.org\/nl\/app\/","og_locale":"nl_NL","og_type":"article","og_title":"Download Spinsahara Casino App | iOS en Android","og_description":"Waar je ook gaat, je favoriete spellen gaan met je mee. Geniet van slots en tafelspellen in de Spin Sahara mobiele app voor iOS en Android.","og_url":"https:\/\/spinsaharaonline.org\/nl\/app\/","og_site_name":"spinsahara","article_modified_time":"2025-11-25T07:31:22+00:00","twitter_card":"summary_large_image","twitter_misc":{"Est. reading time":"2 minutes"},"schema":{"@context":"https:\/\/schema.org","@graph":[{"@type":"WebPage","@id":"https:\/\/spinsaharaonline.org\/nl\/app\/","url":"https:\/\/spinsaharaonline.org\/nl\/app\/","name":"Download Spinsahara Casino App | iOS en Android","isPartOf":{"@id":"https:\/\/spinsaharaonline.org\/nl\/#website"},"datePublished":"2025-11-25T06:03:05+00:00","dateModified":"2025-11-25T07:31:22+00:00","description":"Waar je ook gaat, je favoriete spellen gaan met je mee. Geniet van slots en tafelspellen in de Spin Sahara mobiele app voor iOS en Android.","breadcrumb":{"@id":"https:\/\/spinsaharaonline.org\/nl\/app\/#breadcrumb"},"inLanguage":"nl-NL","potentialAction":[{"@type":"ReadAction","target":["https:\/\/spinsaharaonline.org\/nl\/app\/"]}]},{"@type":"BreadcrumbList","@id":"https:\/\/spinsaharaonline.org\/nl\/app\/#breadcrumb","itemListElement":[{"@type":"ListItem","position":1,"name":"Spinsahara","item":"https:\/\/spinsaharaonline.org\/nl\/"},{"@type":"ListItem","position":2,"name":"App"}]},{"@type":"WebSite","@id":"https:\/\/spinsaharaonline.org\/nl\/#website","url":"https:\/\/spinsaharaonline.org\/nl\/","name":"Spinsahara","description":"","publisher":{"@id":"https:\/\/spinsaharaonline.org\/nl\/#organization"},"potentialAction":[{"@type":"SearchAction","target":{"@type":"EntryPoint","urlTemplate":"https:\/\/spinsaharaonline.org\/nl\/?s={search_term_string}"},"query-input":{"@type":"PropertyValueSpecification","valueRequired":true,"valueName":"search_term_string"}}],"inLanguage":"nl-NL"},{"@type":"Organization","@id":"https:\/\/spinsaharaonline.org\/nl\/#organization","name":"Spinsahara","url":"https:\/\/spinsaharaonline.org\/nl\/","logo":{"@type":"ImageObject","inLanguage":"nl-NL","@id":"https:\/\/spinsaharaonline.org\/nl\/#\/schema\/logo\/image\/","url":"https:\/\/spinsaharaonline.org\/wp-content\/uploads\/2025\/11\/logo.svg","contentUrl":"https:\/\/spinsaharaonline.org\/wp-content\/uploads\/2025\/11\/logo.svg","width":160,"height":31,"caption":"Spinsahara"},"image":{"@id":"https:\/\/spinsaharaonline.org\/nl\/#\/schema\/logo\/image\/"}}]}},"_links":{"self":[{"href":"https:\/\/spinsaharaonline.org\/nl\/wp-json\/wp\/v2\/pages\/1418","targetHints":{"allow":["GET"]}}],"collection":[{"href":"https:\/\/spinsaharaonline.org\/nl\/wp-json\/wp\/v2\/pages"}],"about":[{"href":"https:\/\/spinsaharaonline.org\/nl\/wp-json\/wp\/v2\/types\/page"}],"author":[{"embeddable":true,"href":"https:\/\/spinsaharaonline.org\/nl\/wp-json\/wp\/v2\/users\/1"}],"replies":[{"embeddable":true,"href":"https:\/\/spinsaharaonline.org\/nl\/wp-json\/wp\/v2\/comments?post=1418"}],"version-history":[{"count":2,"href":"https:\/\/spinsaharaonline.org\/nl\/wp-json\/wp\/v2\/pages\/1418\/revisions"}],"predecessor-version":[{"id":1538,"href":"https:\/\/spinsaharaonline.org\/nl\/wp-json\/wp\/v2\/pages\/1418\/revisions\/1538"}],"wp:attachment":[{"href":"https:\/\/spinsaharaonline.org\/nl\/wp-json\/wp\/v2\/media?parent=1418"}],"curies":[{"name":"wp","href":"https:\/\/api.w.org\/{rel}","templated":true}]}}