{"id":1427,"date":"2025-11-25T06:03:05","date_gmt":"2025-11-25T06:03:05","guid":{"rendered":"https:\/\/spinsaharaonline.org\/app\/"},"modified":"2025-11-25T10:57:44","modified_gmt":"2025-11-25T10:57:44","slug":"aplikacja","status":"publish","type":"page","link":"https:\/\/spinsaharaonline.org\/pl\/aplikacja\/","title":{"rendered":"Aplikacja"},"content":{"rendered":"<h1>Aplikacja mobilna Spinsahara Casino<\/h1>\n<p>Je\u015bli nie zawsze mo\u017cesz by\u0107 przy komputerze, aby gra\u0107 w swoje ulubione gry, musisz wypr\u00f3bowa\u0107 aplikacj\u0119 Spinsahara App. To wygodne oprogramowanie mobilne ma elastyczn\u0105 konstrukcj\u0119, kt\u00f3ra dzia\u0142a na wszystkich nowoczesnych urz\u0105dzeniach z systemem Android i iOS. Po zalogowaniu si\u0119 lub zarejestrowaniu uzyskasz dost\u0119p do pe\u0142nej kolekcji gier, promocji, turniej\u00f3w i wszystkich innych funkcji. Ponad 80% naszych polskich u\u017cytkownik\u00f3w woli gra\u0107 w aplikacji Spinsahara na swoich telefonach kom\u00f3rkowych.<\/p>\n<div class=\"banner-wrap\" aria-label=\"Banner\"><img src=\"https:\/\/spinsaharaonline.org\/wp-content\/uploads\/2025\/11\/Spinsahara-banner-carousel-932\u0445400-12.webp\" class=\"w-100 d-none d-lg-block img-pc main-banner-img\" alt=\"Spinsahara banner desktop\" fetchpriority=\"high\" decoding=\"async\"><img src=\"https:\/\/spinsaharaonline.org\/wp-content\/uploads\/2025\/12\/Frame-35.webp\" class=\"w-100 d-none d-md-block d-lg-none main-banner-img\" alt=\"Spinsahara banner mobile\" fetchpriority=\"high\" decoding=\"async\"><img src=\"https:\/\/spinsaharaonline.org\/wp-content\/uploads\/2025\/12\/Frame-35.webp\" class=\"w-100 d-md-none\" alt=\"Spinsahara banner mobile\" fetchpriority=\"high\" decoding=\"async\"><div class=\"banner-description\">\n<div class=\"banner-title\">Bonusy powitalne<\/div>\n<p class=\"banner-header-title\">1500 \u20ac<\/p>\n<div class=\"banner-header-AdditionalText\">+ 250 Darmowe spiny<\/div>\n<button data-item=\"homepage_banner_link\" class=\"goto m-button m-gradient-border m-button--primary m-button--large banner-button btn-orange\">\n            <div class=\"m-button-content\">\n                <span>Zarejestruj si\u0119 teraz<\/span>\n                <span><\/span>\n            <\/div>\n        <\/button>\n<\/div>\n<div class=\"WelcomePack\">\n<p><img loading=\"lazy\" decoding=\"async\" class=\"alignnone size-full wp-image-1338\" src=\"https:\/\/spinsaharaonline.org\/wp-content\/uploads\/2025\/11\/welcome-crown.svg\" alt=\"crown\" width=\"25\" height=\"26\" \/><\/p>\n<div class=\"WelcomePack-Info\">Cotygodniowy zwrot got\u00f3wki do 25%<\/div>\n<p><img loading=\"lazy\" decoding=\"async\" class=\"alignnone size-full wp-image-1338\" src=\"https:\/\/spinsaharaonline.org\/wp-content\/uploads\/2025\/11\/welcome-crown.svg\" alt=\"crown\" width=\"25\" height=\"26\" \/><\/p>\n<\/div>\n<\/div>\n<h2>Korzy\u015bci p\u0142yn\u0105ce z mobilnego dost\u0119pu do Spinsahara<\/h2>\n<p>U\u017cytkownicy wybieraj\u0105 oprogramowanie mobilne do swoich hobby i rozrywki, aby pozosta\u0107 online w podr\u00f3\u017cy. W ko\u0144cu nikt nie chce by\u0107 ograniczony przez przebywanie w domu lub posiadanie komputera. Dlatego stworzyli\u015bmy aplikacj\u0119 Spinsahara na Androida i iOS. Jest ona odzwierciedleniem wersji desktopowej, ale idealnie dostosowan\u0105 do urz\u0105dze\u0144 z ekranem dotykowym.<\/p>\n<p>Je\u015bli masz ju\u017c konto w Spin Sahara Casino, wystarczy si\u0119 zalogowa\u0107, a wszystkie Twoje dane osobowe i post\u0119py w grze zostan\u0105 zsynchronizowane mi\u0119dzy urz\u0105dzeniami. Je\u015bli dopiero zaczynasz swoj\u0105 przygod\u0119 z kasyno mobilnym, formularz rejestracyjny jest dost\u0119pny dla wszystkich na ka\u017cdym urz\u0105dzeniu.<\/p>\n<p>Aplikacja Spinsahara zapewnia dost\u0119p do ponad 6.000 tytu\u0142\u00f3w, w tym automat\u00f3w online, gier sto\u0142owych, opcji kasyna na \u017cywo i wielu innych. Gwarantujemy, \u017ce korzystanie z wersji mobilnej sprawi, \u017ce Twoje do\u015bwiadczenia z gry b\u0119d\u0105 jeszcze lepsze.<\/p>\n<table>\n<tbody>\n<tr>\n<td>Funkcja<\/td>\n<td>Szczeg\u00f3\u0142y<\/td>\n<td>Korzy\u015b\u0107 dla gracza<\/td>\n<\/tr>\n<tr>\n<td>Dost\u0119p offline<\/td>\n<td>U\u017cytkownicy mog\u0105 gra\u0107 w niekt\u00f3re gry i przegl\u0105da\u0107 sekcje nawet bez po\u0142\u0105czenia z Internetem.<\/td>\n<td>W ka\u017cdej sytuacji b\u0119dziesz si\u0119 dobrze bawi\u0107.<\/td>\n<\/tr>\n<tr>\n<td>Powiadomienia push<\/td>\n<td>Otrzymujesz natychmiastowe powiadomienia o bonusach lub turniejach.<\/td>\n<td>Gracze nigdy nie przegapi\u0105 promocji ani ofert ograniczonych czasowo.<\/td>\n<\/tr>\n<tr>\n<td>Dodaj do ekranu g\u0142\u00f3wnego<\/td>\n<td>U\u017cytkownicy powinni zainstalowa\u0107 oprogramowanie Spin Sahara Casino bezpo\u015brednio przez przegl\u0105dark\u0119.<\/td>\n<td>Uzyskasz szybki dost\u0119p bez konieczno\u015bci pobierania oprogramowania ze sklepu z aplikacjami.<\/td>\n<\/tr>\n<tr>\n<td>Szybkie \u0142adowanie<\/td>\n<td>Posiada zoptymalizowane buforowanie i lekk\u0105 konstrukcj\u0119.<\/td>\n<td>Oprogramowanie zapewnia p\u0142ynne dzia\u0142anie nawet w przypadku wolniejszych sieci.<\/td>\n<\/tr>\n<\/tbody>\n<\/table>\n<p><div style=\"clear: both\"><\/div><div class=\"d-flex justify-content-center\"><button data-item=\"decouvrez_link\" data-group=\"website_links\" class=\"goto fw-bold rounded-pill btn btn-orange\" aria-label=\"Pobierz aplikacj\u0119 Spinsahara\" >Pobierz aplikacj\u0119 Spinsahara<\/button><\/div><div class=\"scrollable-content-wrap my-5\"><div class=\"scrollable-content-inner\"><h2>Pobierz wersj\u0119 dla systemu Android<\/h2>\n<p>U\u017cytkownicy Androida korzystaj\u0105cy z Spinsahara Casino mog\u0105 teraz zainstalowa\u0107 aplikacj\u0119 mobiln\u0105 bezpo\u015brednio z naszej strony internetowej. Ze wzgl\u0119du na ograniczenia sklepu Google Play dotycz\u0105ce aplikacji hazardowych nie mo\u017cna jej stamt\u0105d pobra\u0107. Oferujemy jednak progresywn\u0105 aplikacj\u0119 internetow\u0105, kt\u00f3ra jest regularnie sprawdzana i jest ca\u0142kowicie bezpieczna. Nie musisz pobiera\u0107 plik\u00f3w APK Spinsahara, poniewa\u017c zajmowa\u0142yby one pami\u0119\u0107 telefonu i mog\u0142yby go uszkodzi\u0107.<\/p>\n<p>Aby zainstalowa\u0107 aplikacj\u0119 Spinsahara szybko i bez problem\u00f3w, post\u0119puj zgodnie z poni\u017cszymi instrukcjami:<\/p>\n<ol>\n<li>Na naszej stronie internetowej przejd\u017a do stopki strony.<\/li>\n<li>Kliknij przycisk \u201eAplikacja kasyna\u201d. Po wykonaniu tej czynno\u015bci instalacja rozpocznie si\u0119 automatycznie.<\/li>\n<li>Po zako\u0144czeniu procesu instalacji na ekranie g\u0142\u00f3wnym pojawi si\u0119 ikona marki.<\/li>\n<\/ol>\n<p>Je\u015bli masz jakiekolwiek pytania lub problemy zwi\u0105zane z instalacj\u0105 lub funkcjonalno\u015bci\u0105, zawsze mo\u017cesz skontaktowa\u0107 si\u0119 z naszym zespo\u0142em pomocy technicznej dost\u0119pnym 24 godziny na dob\u0119, 7 dni w tygodniu. W pilnych sprawach skorzystaj z czatu na \u017cywo, a w przypadku bardziej szczeg\u00f3\u0142owych informacji, w tym zrzut\u00f3w ekranu, je\u015bli to konieczne, wy\u015blij wiadomo\u015b\u0107 e-mail.<\/p>\n<p><img loading=\"lazy\" decoding=\"async\" src=\"https:\/\/spinsaharaonline.org\/wp-content\/uploads\/2025\/11\/Spinsahara-Android-Application.webp\" alt=\"Spinsahara Android Application\" width=\"1248\" height=\"536\" \/><\/p>\n<\/div><\/div><div style=\"clear: both\"><\/div><div class=\"d-flex justify-content-center\"><button data-item=\"decouvrez_link\" data-group=\"website_links\" class=\"goto fw-bold rounded-pill btn btn-orange\" aria-label=\"Pobierz Spinsahara\" >Pobierz Spinsahara<\/button><\/div><div class=\"scrollable-content-wrap my-5\"><div class=\"scrollable-content-inner\"><h2>Spin Sahara dla iPhone&#8217;a i iPada<\/h2>\n<p>Nie zapomnieli\u015bmy o graczach korzystaj\u0105cych z systemu iOS. Dla Was przygotowali\u015bmy kilka wygodnych opcji: wersj\u0119 mobiln\u0105 przegl\u0105darki, ikon\u0119 skr\u00f3tu zapewniaj\u0105c\u0105 szybszy dost\u0119p lub wygodn\u0105 aplikacj\u0119 Spin Sahara. Wszystkie trzy opcje dzia\u0142aj\u0105 doskonale na wszystkich nowoczesnych urz\u0105dzeniach iPhone i iPad. Uzyskujecie dost\u0119p do ca\u0142ej kolekcji gier, p\u0142atno\u015bci, bonus\u00f3w i obs\u0142ugi klienta.<\/p>\n<p>Chcemy, aby korzystanie z urz\u0105dze\u0144 mobilnych by\u0142o jak najbezpieczniejsze. Dlatego w aplikacji Spinsahara Casino mo\u017cna skonfigurowa\u0107 uwierzytelnianie dwusk\u0142adnikowe. Aby zapobiec oszustwom, wszyscy nasi klienci musz\u0105 przej\u015b\u0107 prosty proces weryfikacji przed dokonaniem pierwszej wyp\u0142aty.<\/p>\n<p>Mobilna wersja strony internetowej Spinsahara jest dost\u0119pna w ka\u017cdej przegl\u0105darce mobilnej, w tym Google Chrome i Safari. Oprogramowanie mobilne mo\u017cna pobra\u0107 ze strony internetowej, klikaj\u0105c link \u201eAplikacja kasyna\u201d w stopce. Aby zainstalowa\u0107 ikon\u0119 skr\u00f3tu na urz\u0105dzeniu z systemem iOS, skorzystaj z poni\u017cszych wskaz\u00f3wek:<\/p>\n<ol>\n<li>Otw\u00f3rz Spinsahara Casino w przegl\u0105darce Safari na smartfonie lub tablecie.<\/li>\n<li>Kliknij przycisk \u201eUdost\u0119pnij\u201d. Znajduje si\u0119 on na dole ekranu.<\/li>\n<li>Wybierz opcj\u0119 \u201eDodaj do ekranu g\u0142\u00f3wnego\u201d. Po wykonaniu tej czynno\u015bci na ekranie pojawi si\u0119 ikona skr\u00f3tu.<\/li>\n<\/ol>\n<p><img loading=\"lazy\" decoding=\"async\" src=\"https:\/\/spinsaharaonline.org\/wp-content\/uploads\/2025\/11\/Spinsahara-iOS-Application.webp\" alt=\"Spinsahara iOS Application\" width=\"1248\" height=\"536\" \/><\/p>\n<\/div><\/div><div style=\"clear: both\"><\/div><div class=\"d-flex justify-content-center\"><button data-item=\"decouvrez_link\" data-group=\"website_links\" class=\"goto fw-bold rounded-pill btn btn-orange\" aria-label=\"Pobierz aplikacj\u0119 Spinsahara\" >Pobierz aplikacj\u0119 Spinsahara<\/button><\/div><div class=\"scrollable-content-wrap my-5\"><div class=\"scrollable-content-inner\"><h2>Spinsahara wersja desktopowa dla system\u00f3w Windows i Mac<\/h2>\n<p>Chocia\u017c wersja Spinsahara na komputery stacjonarne jest najbardziej klasyczn\u0105 opcj\u0105, nadal jest wygodna. Wielu u\u017cytkownik\u00f3w woli gra\u0107 na du\u017cym ekranie, aby g\u0142\u0119biej zanurzy\u0107 si\u0119 w do\u015bwiadczeniu. Mo\u017cesz korzysta\u0107 z Spinsahara Casino w dowolnej przegl\u0105darce lub zainstalowa\u0107 ikon\u0119 skr\u00f3tu.<\/p>\n<p>Obie opcje s\u0105 wygodne dla ka\u017cdego nowoczesnego komputera i oferuj\u0105 szeroki wyb\u00f3r gier. Aby zainstalowa\u0107 ikon\u0119 skr\u00f3tu i uzyska\u0107 dost\u0119p do Spin Sahara w ci\u0105gu kilku sekund, nale\u017cy klikn\u0105\u0107 przycisk \u201eWi\u0119cej\u201d w pasku adresu podczas przegl\u0105dania naszej strony internetowej. Na li\u015bcie opcji nale\u017cy klikn\u0105\u0107 \u201eDodaj do ekranu g\u0142\u00f3wnego\u201d. Teraz na ekranie g\u0142\u00f3wnym pojawi si\u0119 ikona skr\u00f3tu, dzi\u0119ki czemu b\u0119dziesz m\u00f3g\u0142 szybciej korzysta\u0107 ze wszystkich funkcji kasyna online.<\/p>\n<p><img loading=\"lazy\" decoding=\"async\" src=\"https:\/\/spinsaharaonline.org\/wp-content\/uploads\/2025\/11\/Spinsahara-Desktop.webp\" alt=\"Spinsahara Desktop\" width=\"1248\" height=\"536\" \/><\/p>\n<\/div><\/div><div style=\"clear: both\"><\/div><div class=\"d-flex justify-content-center\"><button data-item=\"decouvrez_link\" data-group=\"website_links\" class=\"goto fw-bold rounded-pill btn btn-orange\" aria-label=\"Pobierz Spinsahara\" >Pobierz Spinsahara<\/button><\/div><div class=\"scrollable-content-wrap my-5\"><div class=\"scrollable-content-inner\"><h2>Cz\u0119sto zadawane pytania<\/h2>\n<h3>Czy aplikacja Spin Sahara jest dost\u0119pna zar\u00f3wno dla systemu Android, jak i iOS?<\/h3>\n<p>U\u017cytkownicy mog\u0105 uzyska\u0107 dost\u0119p do aplikacji Spinsahara z dowolnego nowoczesnego urz\u0105dzenia z systemem iOS lub Android. Mo\u017cna j\u0105 zainstalowa\u0107 bezp\u0142atnie na naszej stronie internetowej.<\/p>\n<h3>Czy mog\u0119 korzysta\u0107 z tego samego konta w aplikacji mobilnej i wersji na komputery stacjonarne?<\/h3>\n<p>Zgodnie z zasadami Spinsahara Casino, jedna osoba mo\u017ce posiada\u0107 tylko jedno konto na naszej platformie. Dlatego musisz korzysta\u0107 z tego samego konta. Wszystkie Twoje dane i post\u0119py zostan\u0105 zsynchronizowane mi\u0119dzy urz\u0105dzeniami.<\/p>\n<h3>Czy aplikacja oferuje te same gry i funkcje, co strona internetowa?<\/h3>\n<p>Aplikacja Spinsahara oferuje pe\u0142n\u0105 wersj\u0119 kolekcji gier, obejmuj\u0105c\u0105 ponad 6.000 tytu\u0142\u00f3w. Mo\u017cesz cieszy\u0107 si\u0119 automatami do gier, grami sto\u0142owymi, opcjami z krupierem na \u017cywo i grami z natychmiastow\u0105 wygran\u0105 w podr\u00f3\u017cy, korzystaj\u0105c z urz\u0105dzenia mobilnego.<\/p>\n<\/div><\/div><\/p>\n","protected":false},"excerpt":{"rendered":"<p>Aplikacja mobilna Spinsahara Casino Je\u015bli nie zawsze mo\u017cesz by\u0107 przy komputerze, aby gra\u0107 w swoje ulubione gry, musisz wypr\u00f3bowa\u0107 aplikacj\u0119 Spinsahara App. To wygodne oprogramowanie mobilne ma elastyczn\u0105 konstrukcj\u0119, kt\u00f3ra dzia\u0142a na wszystkich nowoczesnych urz\u0105dzeniach z systemem Android i iOS. Po zalogowaniu si\u0119 lub zarejestrowaniu uzyskasz dost\u0119p do pe\u0142nej kolekcji gier, promocji, turniej\u00f3w i wszystkich [&hellip;]<\/p>\n","protected":false},"author":1,"featured_media":0,"parent":0,"menu_order":0,"comment_status":"closed","ping_status":"closed","template":"template-builder.php","meta":{"_acf_changed":false,"inline_featured_image":false,"footnotes":""},"class_list":["post-1427","page","type-page","status-publish","hentry"],"acf":[],"yoast_head":"<!-- This site is optimized with the Yoast SEO plugin v27.3 - https:\/\/yoast.com\/product\/yoast-seo-wordpress\/ -->\n<title>Pobierz Spinsahara Casino App | iOS i Android<\/title>\n<meta name=\"description\" content=\"Gdziekolwiek p\u00f3jdziesz, Twoje ulubione gry b\u0119d\u0105 z Tob\u0105. Ciesz si\u0119 slotami i grami sto\u0142owymi w mobilnej app Spin Sahara na iOS i Androida.\" \/>\n<meta name=\"robots\" content=\"index, follow, max-snippet:-1, max-image-preview:large, max-video-preview:-1\" \/>\n<link rel=\"canonical\" href=\"https:\/\/spinsaharaonline.org\/pl\/aplikacja\/\" \/>\n<meta property=\"og:locale\" content=\"pl_PL\" \/>\n<meta property=\"og:type\" content=\"article\" \/>\n<meta property=\"og:title\" content=\"Pobierz Spinsahara Casino App | iOS i Android\" \/>\n<meta property=\"og:description\" content=\"Gdziekolwiek p\u00f3jdziesz, Twoje ulubione gry b\u0119d\u0105 z Tob\u0105. Ciesz si\u0119 slotami i grami sto\u0142owymi w mobilnej app Spin Sahara na iOS i Androida.\" \/>\n<meta property=\"og:url\" content=\"https:\/\/spinsaharaonline.org\/pl\/aplikacja\/\" \/>\n<meta property=\"og:site_name\" content=\"spinsahara\" \/>\n<meta property=\"article:modified_time\" content=\"2025-11-25T10:57:44+00:00\" \/>\n<meta name=\"twitter:card\" content=\"summary_large_image\" \/>\n<meta name=\"twitter:label1\" content=\"Est. reading time\" \/>\n\t<meta name=\"twitter:data1\" content=\"2 minutes\" \/>\n<script type=\"application\/ld+json\" class=\"yoast-schema-graph\">{\"@context\":\"https:\\\/\\\/schema.org\",\"@graph\":[{\"@type\":\"WebPage\",\"@id\":\"https:\\\/\\\/spinsaharaonline.org\\\/pl\\\/aplikacja\\\/\",\"url\":\"https:\\\/\\\/spinsaharaonline.org\\\/pl\\\/aplikacja\\\/\",\"name\":\"Pobierz Spinsahara Casino App | iOS i Android\",\"isPartOf\":{\"@id\":\"https:\\\/\\\/spinsaharaonline.org\\\/pl\\\/#website\"},\"datePublished\":\"2025-11-25T06:03:05+00:00\",\"dateModified\":\"2025-11-25T10:57:44+00:00\",\"description\":\"Gdziekolwiek p\u00f3jdziesz, Twoje ulubione gry b\u0119d\u0105 z Tob\u0105. Ciesz si\u0119 slotami i grami sto\u0142owymi w mobilnej app Spin Sahara na iOS i Androida.\",\"breadcrumb\":{\"@id\":\"https:\\\/\\\/spinsaharaonline.org\\\/pl\\\/aplikacja\\\/#breadcrumb\"},\"inLanguage\":\"pl-PL\",\"potentialAction\":[{\"@type\":\"ReadAction\",\"target\":[\"https:\\\/\\\/spinsaharaonline.org\\\/pl\\\/aplikacja\\\/\"]}]},{\"@type\":\"BreadcrumbList\",\"@id\":\"https:\\\/\\\/spinsaharaonline.org\\\/pl\\\/aplikacja\\\/#breadcrumb\",\"itemListElement\":[{\"@type\":\"ListItem\",\"position\":1,\"name\":\"Spinsahara\",\"item\":\"https:\\\/\\\/spinsaharaonline.org\\\/pl\\\/\"},{\"@type\":\"ListItem\",\"position\":2,\"name\":\"Aplikacja\"}]},{\"@type\":\"WebSite\",\"@id\":\"https:\\\/\\\/spinsaharaonline.org\\\/pl\\\/#website\",\"url\":\"https:\\\/\\\/spinsaharaonline.org\\\/pl\\\/\",\"name\":\"Spinsahara\",\"description\":\"\",\"publisher\":{\"@id\":\"https:\\\/\\\/spinsaharaonline.org\\\/pl\\\/#organization\"},\"potentialAction\":[{\"@type\":\"SearchAction\",\"target\":{\"@type\":\"EntryPoint\",\"urlTemplate\":\"https:\\\/\\\/spinsaharaonline.org\\\/pl\\\/?s={search_term_string}\"},\"query-input\":{\"@type\":\"PropertyValueSpecification\",\"valueRequired\":true,\"valueName\":\"search_term_string\"}}],\"inLanguage\":\"pl-PL\"},{\"@type\":\"Organization\",\"@id\":\"https:\\\/\\\/spinsaharaonline.org\\\/pl\\\/#organization\",\"name\":\"Spinsahara\",\"url\":\"https:\\\/\\\/spinsaharaonline.org\\\/pl\\\/\",\"logo\":{\"@type\":\"ImageObject\",\"inLanguage\":\"pl-PL\",\"@id\":\"https:\\\/\\\/spinsaharaonline.org\\\/pl\\\/#\\\/schema\\\/logo\\\/image\\\/\",\"url\":\"https:\\\/\\\/spinsaharaonline.org\\\/wp-content\\\/uploads\\\/2025\\\/11\\\/logo.svg\",\"contentUrl\":\"https:\\\/\\\/spinsaharaonline.org\\\/wp-content\\\/uploads\\\/2025\\\/11\\\/logo.svg\",\"width\":160,\"height\":31,\"caption\":\"Spinsahara\"},\"image\":{\"@id\":\"https:\\\/\\\/spinsaharaonline.org\\\/pl\\\/#\\\/schema\\\/logo\\\/image\\\/\"}}]}<\/script>\n<!-- \/ Yoast SEO plugin. -->","yoast_head_json":{"title":"Pobierz Spinsahara Casino App | iOS i Android","description":"Gdziekolwiek p\u00f3jdziesz, Twoje ulubione gry b\u0119d\u0105 z Tob\u0105. Ciesz si\u0119 slotami i grami sto\u0142owymi w mobilnej app Spin Sahara na iOS i Androida.","robots":{"index":"index","follow":"follow","max-snippet":"max-snippet:-1","max-image-preview":"max-image-preview:large","max-video-preview":"max-video-preview:-1"},"canonical":"https:\/\/spinsaharaonline.org\/pl\/aplikacja\/","og_locale":"pl_PL","og_type":"article","og_title":"Pobierz Spinsahara Casino App | iOS i Android","og_description":"Gdziekolwiek p\u00f3jdziesz, Twoje ulubione gry b\u0119d\u0105 z Tob\u0105. Ciesz si\u0119 slotami i grami sto\u0142owymi w mobilnej app Spin Sahara na iOS i Androida.","og_url":"https:\/\/spinsaharaonline.org\/pl\/aplikacja\/","og_site_name":"spinsahara","article_modified_time":"2025-11-25T10:57:44+00:00","twitter_card":"summary_large_image","twitter_misc":{"Est. reading time":"2 minutes"},"schema":{"@context":"https:\/\/schema.org","@graph":[{"@type":"WebPage","@id":"https:\/\/spinsaharaonline.org\/pl\/aplikacja\/","url":"https:\/\/spinsaharaonline.org\/pl\/aplikacja\/","name":"Pobierz Spinsahara Casino App | iOS i Android","isPartOf":{"@id":"https:\/\/spinsaharaonline.org\/pl\/#website"},"datePublished":"2025-11-25T06:03:05+00:00","dateModified":"2025-11-25T10:57:44+00:00","description":"Gdziekolwiek p\u00f3jdziesz, Twoje ulubione gry b\u0119d\u0105 z Tob\u0105. Ciesz si\u0119 slotami i grami sto\u0142owymi w mobilnej app Spin Sahara na iOS i Androida.","breadcrumb":{"@id":"https:\/\/spinsaharaonline.org\/pl\/aplikacja\/#breadcrumb"},"inLanguage":"pl-PL","potentialAction":[{"@type":"ReadAction","target":["https:\/\/spinsaharaonline.org\/pl\/aplikacja\/"]}]},{"@type":"BreadcrumbList","@id":"https:\/\/spinsaharaonline.org\/pl\/aplikacja\/#breadcrumb","itemListElement":[{"@type":"ListItem","position":1,"name":"Spinsahara","item":"https:\/\/spinsaharaonline.org\/pl\/"},{"@type":"ListItem","position":2,"name":"Aplikacja"}]},{"@type":"WebSite","@id":"https:\/\/spinsaharaonline.org\/pl\/#website","url":"https:\/\/spinsaharaonline.org\/pl\/","name":"Spinsahara","description":"","publisher":{"@id":"https:\/\/spinsaharaonline.org\/pl\/#organization"},"potentialAction":[{"@type":"SearchAction","target":{"@type":"EntryPoint","urlTemplate":"https:\/\/spinsaharaonline.org\/pl\/?s={search_term_string}"},"query-input":{"@type":"PropertyValueSpecification","valueRequired":true,"valueName":"search_term_string"}}],"inLanguage":"pl-PL"},{"@type":"Organization","@id":"https:\/\/spinsaharaonline.org\/pl\/#organization","name":"Spinsahara","url":"https:\/\/spinsaharaonline.org\/pl\/","logo":{"@type":"ImageObject","inLanguage":"pl-PL","@id":"https:\/\/spinsaharaonline.org\/pl\/#\/schema\/logo\/image\/","url":"https:\/\/spinsaharaonline.org\/wp-content\/uploads\/2025\/11\/logo.svg","contentUrl":"https:\/\/spinsaharaonline.org\/wp-content\/uploads\/2025\/11\/logo.svg","width":160,"height":31,"caption":"Spinsahara"},"image":{"@id":"https:\/\/spinsaharaonline.org\/pl\/#\/schema\/logo\/image\/"}}]}},"_links":{"self":[{"href":"https:\/\/spinsaharaonline.org\/pl\/wp-json\/wp\/v2\/pages\/1427","targetHints":{"allow":["GET"]}}],"collection":[{"href":"https:\/\/spinsaharaonline.org\/pl\/wp-json\/wp\/v2\/pages"}],"about":[{"href":"https:\/\/spinsaharaonline.org\/pl\/wp-json\/wp\/v2\/types\/page"}],"author":[{"embeddable":true,"href":"https:\/\/spinsaharaonline.org\/pl\/wp-json\/wp\/v2\/users\/1"}],"replies":[{"embeddable":true,"href":"https:\/\/spinsaharaonline.org\/pl\/wp-json\/wp\/v2\/comments?post=1427"}],"version-history":[{"count":2,"href":"https:\/\/spinsaharaonline.org\/pl\/wp-json\/wp\/v2\/pages\/1427\/revisions"}],"predecessor-version":[{"id":1802,"href":"https:\/\/spinsaharaonline.org\/pl\/wp-json\/wp\/v2\/pages\/1427\/revisions\/1802"}],"wp:attachment":[{"href":"https:\/\/spinsaharaonline.org\/pl\/wp-json\/wp\/v2\/media?parent=1427"}],"curies":[{"name":"wp","href":"https:\/\/api.w.org\/{rel}","templated":true}]}}