{"id":1473,"date":"2025-11-25T06:05:46","date_gmt":"2025-11-25T06:05:46","guid":{"rendered":"https:\/\/spinsaharaonline.org\/login-and-registration\/"},"modified":"2025-11-25T10:59:19","modified_gmt":"2025-11-25T10:59:19","slug":"logowanie-i-rejestracja","status":"publish","type":"page","link":"https:\/\/spinsaharaonline.org\/pl\/logowanie-i-rejestracja\/","title":{"rendered":"Logowanie i rejestracja"},"content":{"rendered":"<h1>Logowanie do Spinsahara i rejestracja profilu<\/h1>\n<p>Aby rozpocz\u0105\u0107 gr\u0119 na prawdziwe pieni\u0105dze, korzysta\u0107 z bonus\u00f3w i naszej ca\u0142odobowej wieloj\u0119zycznej pomocy technicznej, musisz przej\u015b\u0107 przez proces do Spinsahara login. Polscy u\u017cytkownicy potrzebuj\u0105 jedynie adresu e-mail i has\u0142a, aby utworzy\u0107 nowe konto. Proces ten zajmuje nie wi\u0119cej ni\u017c 5 minut. Aby zosta\u0107 cz\u0142onkiem Spinsahara Casino i cieszy\u0107 si\u0119 wszystkimi zaletami gry, musisz mie\u0107 uko\u0144czone 18 lat.<\/p>\n<p><div class=\"banner-wrap\" aria-label=\"Banner\"><img src=\"https:\/\/spinsaharaonline.org\/wp-content\/uploads\/2025\/11\/Spinsahara-banner-carousel-932\u0445400-12.webp\" class=\"w-100 d-none d-lg-block img-pc main-banner-img\" alt=\"Spinsahara banner desktop\" fetchpriority=\"high\" decoding=\"async\"><img src=\"https:\/\/spinsaharaonline.org\/wp-content\/uploads\/2025\/12\/Frame-35.webp\" class=\"w-100 d-none d-md-block d-lg-none main-banner-img\" alt=\"Spinsahara banner mobile\" fetchpriority=\"high\" decoding=\"async\"><img src=\"https:\/\/spinsaharaonline.org\/wp-content\/uploads\/2025\/12\/Frame-35.webp\" class=\"w-100 d-md-none\" alt=\"Spinsahara banner mobile\" fetchpriority=\"high\" decoding=\"async\"><div class=\"banner-description\">\n<div class=\"banner-title\">Bonusy powitalne<\/div>\n<p class=\"banner-header-title\">1500 \u20ac<\/p>\n<div class=\"banner-header-AdditionalText\">+ 250 Darmowe spiny<\/div>\n<button data-item=\"homepage_banner_link\" class=\"goto m-button m-gradient-border m-button--primary m-button--large banner-button btn-orange\">\n            <div class=\"m-button-content\">\n                <span>Zarejestruj si\u0119 teraz<\/span>\n                <span><\/span>\n            <\/div>\n        <\/button>\n<\/div>\n<div class=\"WelcomePack\">\n<p><img loading=\"lazy\" decoding=\"async\" class=\"alignnone size-full wp-image-1338\" src=\"https:\/\/spinsaharaonline.org\/wp-content\/uploads\/2025\/11\/welcome-crown.svg\" alt=\"crown\" width=\"25\" height=\"26\" \/><\/p>\n<div class=\"WelcomePack-Info\">Cotygodniowy zwrot got\u00f3wki do 25%<\/div>\n<p><img loading=\"lazy\" decoding=\"async\" class=\"alignnone size-full wp-image-1338\" src=\"https:\/\/spinsaharaonline.org\/wp-content\/uploads\/2025\/11\/welcome-crown.svg\" alt=\"crown\" width=\"25\" height=\"26\" \/><\/p>\n<\/div>\n<\/div><div class=\"scrollable-content-wrap my-5\"><div class=\"scrollable-content-inner\"><h2>Logowanie do Spin Sahara i zarz\u0105dzanie profilem<\/h2>\n<p>Pierwszym krokiem na naszej stronie internetowej jest wype\u0142nienie loginu Spinsahara. Nast\u0119pnie mo\u017cesz zacz\u0105\u0107 korzysta\u0107 z ponad 6.000 tytu\u0142\u00f3w. Twoje konto zapewnia dost\u0119p do wielu niezb\u0119dnych funkcji. Przede wszystkim mo\u017cesz w dowolnym momencie zarz\u0105dza\u0107 swoimi danymi osobowymi i informacjami dotycz\u0105cymi p\u0142atno\u015bci. W ustawieniach konta znajdziesz narz\u0119dzia odpowiedzialnej gry, kt\u00f3re s\u0105 bardzo pomocne, je\u015bli uwa\u017casz, \u017ce Spin Sahara Casino ma negatywny wp\u0142yw na Twoje \u017cycie.<\/p>\n<p>Nie musisz wykonywa\u0107 wielu d\u0142ugich krok\u00f3w, aby zako\u0144czy\u0107 proces logowania do Spinsahara. Aby zrobi\u0107 to szybko i prosto, post\u0119puj zgodnie z poni\u017cszymi instrukcjami:<\/p>\n<ol>\n<li>Kliknij przycisk \u201eZaloguj si\u0119\u201d na stronie g\u0142\u00f3wnej Spin Sahara.<\/li>\n<li>Wprowad\u017a sw\u00f3j prawid\u0142owy adres e-mail i utw\u00f3rz has\u0142o, kt\u00f3re mo\u017ce mie\u0107 wi\u0119cej ni\u017c 6 znak\u00f3w.<\/li>\n<li>U\u017cytkownicy musz\u0105 potwierdzi\u0107, \u017ce maj\u0105 uko\u0144czone 18 lat i akceptuj\u0105 zasady korzystania z serwisu.<\/li>\n<li>Aby zako\u0144czy\u0107 proces logowania do serwisu Spinsahara, sprawd\u017a wprowadzone informacje i kliknij \u201eZaloguj si\u0119\u201d.<\/li>\n<\/ol>\n<h3>Funkcje bezpiecze\u0144stwa twojego konta<\/h3>\n<p>Kasyno Spinsahara to nie tylko zabawa, ale tak\u017ce Twoje bezpiecze\u0144stwo. Podejmujemy konkretne kroki, aby zapewni\u0107, \u017ce ka\u017cda Twoja czynno\u015b\u0107 i ka\u017cdy wprowadzony przez Ciebie element danych s\u0105 chronione i nie mog\u0105 by\u0107 dost\u0119pne dla os\u00f3b trzecich. Poni\u017csza tabela przedstawia g\u0142\u00f3wne funkcje bezpiecze\u0144stwa podczas logowania si\u0119 do Spinsahara.<\/p>\n<table>\n<tbody>\n<tr>\n<td>Funkcja<\/td>\n<td>Opis<\/td>\n<td>Korzy\u015bci dla gracza<\/td>\n<\/tr>\n<tr>\n<td>Uwierzytelnianie dwusk\u0142adnikowe (2FA)<\/td>\n<td>Dodaje dodatkowy etap weryfikacji za pomoc\u0105 wiadomo\u015bci SMS, e-maila lub aplikacji uwierzytelniaj\u0105cej podczas logowania.<\/td>\n<td>Zapewnia solidn\u0105 ochron\u0119 przed nieautoryzowanym dost\u0119pem, nawet je\u015bli kto\u015b zna Twoje has\u0142o.<\/td>\n<\/tr>\n<tr>\n<td>Szyfrowanie SSL (Secure Socket Layer)<\/td>\n<td>Szyfruje wszystkie dane przesy\u0142ane mi\u0119dzy Twoim urz\u0105dzeniem a serwerami kasyna.<\/td>\n<td>Twoje dane osobowe i finansowe s\u0105 zabezpieczone przed przechwyceniem.<\/td>\n<\/tr>\n<tr>\n<td>Monitorowanie przeciwdzia\u0142ania nadu\u017cyciom finansowym<\/td>\n<td>Zautomatyzowane systemy wykrywaj\u0105 nietypowe wzorce logowania lub podejrzan\u0105 aktywno\u015b\u0107 na koncie.<\/td>\n<td>Ten krok zapobiega nieuprawnionemu dost\u0119powi i chroni integralno\u015b\u0107 konta.<\/td>\n<\/tr>\n<tr>\n<td>Wymagania dotycz\u0105ce si\u0142y has\u0142a<\/td>\n<td>Spin Sahara wymaga silnych hase\u0142 (np. co najmniej 6 znak\u00f3w).<\/td>\n<td>Zmniejsza ryzyko atak\u00f3w brute force.<\/td>\n<\/tr>\n<tr>\n<td>Narz\u0119dzia do bezpiecznego odzyskiwania danych<\/td>\n<td>Linki do resetowania has\u0142a i weryfikacja to\u017csamo\u015bci gwarantuj\u0105, \u017ce tylko Ty mo\u017cesz odzyska\u0107 dost\u0119p do konta.<\/td>\n<td>Zapewnia bezpieczny spos\u00f3b przywr\u00f3cenia konta w przypadku utraty dost\u0119pu.<\/td>\n<\/tr>\n<\/tbody>\n<\/table>\n<h2>Utw\u00f3rz swoje konto Spinsahara<\/h2>\n<p>Za\u0142o\u017cenie nowego konta w Spinsahara Casino nie zajmuje du\u017co czasu. Do g\u0142\u00f3wnej rejestracji potrzebujemy tylko adresu e-mail i has\u0142a. Prosimy o utworzenie silnego has\u0142a, aby tylko Ty mia\u0142e\u015b do niego dost\u0119p. Po zarejestrowaniu si\u0119 na naszej platformie i dokonaniu pierwszej wp\u0142aty ka\u017cdy gracz automatycznie otrzymuje pakiet powitalny o warto\u015bci do 1.500 \u20ac + 250 darmowych spin\u00f3w. Aby zarejestrowa\u0107 si\u0119 w Spin Sahara w ci\u0105gu kilku minut, wystarczy post\u0119powa\u0107 zgodnie z poni\u017cszymi instrukcjami:<\/p>\n<ol>\n<li>Na stronie g\u0142\u00f3wnej kliknij przycisk \u201eZarejestruj si\u0119\u201d.<\/li>\n<li>Wype\u0142nij pola formularza rejestracyjnego: adres e-mail i has\u0142o.<\/li>\n<li>Potwierd\u017a, \u017ce masz uko\u0144czone 18 lat i akceptujesz warunki korzystania z serwisu.<\/li>\n<li>Kliknij przycisk \u201eZarejestruj si\u0119\u201d na ko\u0144cu formularza.<\/li>\n<li>Kliknij link, kt\u00f3ry otrzyma\u0142e\u015b w wiadomo\u015bci e-mail, aby potwierdzi\u0107 swoje dane.<\/li>\n<li>Wype\u0142nij formularz, podaj\u0105c swoje dane osobowe, takie jak imi\u0119 i nazwisko, data urodzenia oraz adres zamieszkania. Mo\u017cesz pomin\u0105\u0107 ten krok i wype\u0142ni\u0107 formularz p\u00f3\u017aniej.<\/li>\n<li>Kliknij przycisk \u201eZapisz\u201d, aby zako\u0144czy\u0107 rejestracj\u0119.<\/li>\n<\/ol>\n<h3>Odzyskaj dost\u0119p do konta<\/h3>\n<p>Nie ma problemu, je\u015bli zapomnia\u0142e\u015b niekt\u00f3rych danych osobowych lub loginu \u2013 mamy dla Ciebie rozwi\u0105zanie. Nie stracisz dost\u0119pu do swojego konta osobistego, poniewa\u017c oferujemy specjaln\u0105 funkcj\u0119 resetowania. Je\u015bli zapomnia\u0142e\u015b has\u0142a do logowania do Spinsahara, po prostu kliknij link \u201eNie pami\u0119tasz has\u0142a?\u201d w formularzu logowania. Nast\u0119pnie musisz poda\u0107 adres e-mail, kt\u00f3rego u\u017cywa\u0142e\u015b wcze\u015bniej, a my wy\u015blemy Ci link do resetowania has\u0142a.<\/p>\n<h2>Zweryfikuj sw\u00f3j profil Spinsahara<\/h2>\n<p>Zgodnie z zasadami naszej platformy musimy zapewni\u0107, \u017ce ka\u017cda osoba posiada tylko jedno konto w Spinsahara Casino. Ponadto nale\u017cy potwierdzi\u0107 sw\u00f3j wiek, adres zamieszkania i prawo w\u0142asno\u015bci do metody p\u0142atno\u015bci. Proces weryfikacji odbywa si\u0119 przed pierwsz\u0105 wyp\u0142at\u0105 i dotyczy wszystkich naszych u\u017cytkownik\u00f3w, niezale\u017cnie od regionu.<\/p>\n<p>Aby zweryfikowa\u0107 swoj\u0105 to\u017csamo\u015b\u0107, nale\u017cy przes\u0142a\u0107 zdj\u0119cia lub kopie dokument\u00f3w na swoje konto osobiste. Dokumenty te obejmuj\u0105 dow\u00f3d osobisty, paszport lub prawo jazdy. Ponadto nale\u017cy przes\u0142a\u0107 rachunek za media i wyci\u0105g z konta bankowego.<\/p>\n<p>Nasi mened\u017cerowie Spinsahara sprawdz\u0105 Twoje dokumenty w ci\u0105gu 48 godzin i poinformuj\u0105 Ci\u0119 o swojej decyzji. Po zweryfikowaniu Twojej to\u017csamo\u015bci b\u0119dziesz m\u00f3g\u0142 bez \u017cadnych problem\u00f3w i op\u00f3\u017anie\u0144 wyp\u0142aci\u0107 swoje wygrane.<\/p>\n<h2>Cz\u0119sto zadawane pytania<\/h2>\n<h3>Jakie informacje s\u0105 wymagane do zako\u0144czenia rejestracji?<\/h3>\n<p>Aby utworzy\u0107 nowe konto w Spinsahara Casino, nale\u017cy poda\u0107 sw\u00f3j adres e-mail i utworzy\u0107 has\u0142o. Poprosimy r\u00f3wnie\u017c o podanie danych osobowych do cel\u00f3w weryfikacji w przysz\u0142o\u015bci.<\/p>\n<h3>Jak mog\u0119 si\u0119 zalogowa\u0107, je\u015bli zapomnia\u0142em has\u0142a?<\/h3>\n<p>Je\u015bli nie pami\u0119tasz has\u0142a, musisz klikn\u0105\u0107 link \u201eNie pami\u0119tasz has\u0142a?\u201d w formularzu logowania, aby je zresetowa\u0107 i utworzy\u0107 nowe. Po zako\u0144czeniu procesu nale\u017cy u\u017cy\u0107 nowego has\u0142a, aby uzyska\u0107 dost\u0119p do konta Spinsahara Casino.<\/p>\n<h3>Dlaczego nie mog\u0119 uzyska\u0107 dost\u0119pu do mojego konta Spin Sahara?<\/h3>\n<p>Nale\u017cy sprawdzi\u0107, czy wprowadzono prawid\u0142owe dane, takie jak adres e-mail i has\u0142o. Je\u015bli nadal nie mo\u017cna zako\u0144czy\u0107 procesu logowania do serwisu Spinsahara, zalecamy skontaktowanie si\u0119 z naszym zespo\u0142em pomocy technicznej dost\u0119pnym przez ca\u0142\u0105 dob\u0119, 7 dni w tygodniu, za po\u015brednictwem czatu na \u017cywo lub poczty elektronicznej.<\/p>\n<\/div><\/div><\/p>\n","protected":false},"excerpt":{"rendered":"<p>Logowanie do Spinsahara i rejestracja profilu Aby rozpocz\u0105\u0107 gr\u0119 na prawdziwe pieni\u0105dze, korzysta\u0107 z bonus\u00f3w i naszej ca\u0142odobowej wieloj\u0119zycznej pomocy technicznej, musisz przej\u015b\u0107 przez proces do Spinsahara login. Polscy u\u017cytkownicy potrzebuj\u0105 jedynie adresu e-mail i has\u0142a, aby utworzy\u0107 nowe konto. Proces ten zajmuje nie wi\u0119cej ni\u017c 5 minut. Aby zosta\u0107 cz\u0142onkiem Spinsahara Casino i cieszy\u0107 [&hellip;]<\/p>\n","protected":false},"author":1,"featured_media":0,"parent":0,"menu_order":0,"comment_status":"closed","ping_status":"closed","template":"template-builder.php","meta":{"_acf_changed":false,"inline_featured_image":false,"footnotes":""},"class_list":["post-1473","page","type-page","status-publish","hentry"],"acf":[],"yoast_head":"<!-- This site is optimized with the Yoast SEO plugin v27.3 - https:\/\/yoast.com\/product\/yoast-seo-wordpress\/ -->\n<title>Spinsahara Login | Rejestracja i zarz\u0105dzanie kontem<\/title>\n<meta name=\"description\" content=\"Zacznij od Spin Sahara login. Nowi u\u017cytkownicy mog\u0105 \u0142atwo si\u0119 zarejestrowa\u0107, a obecni gracze mog\u0105 w ka\u017cdej chwili wr\u00f3ci\u0107, aby zarz\u0105dza\u0107 swoim kontem i skontaktowa\u0107 si\u0119 z obs\u0142ug\u0105 klienta 24\/7.\" \/>\n<meta name=\"robots\" content=\"index, follow, max-snippet:-1, max-image-preview:large, max-video-preview:-1\" \/>\n<link rel=\"canonical\" href=\"https:\/\/spinsaharaonline.org\/pl\/logowanie-i-rejestracja\/\" \/>\n<meta property=\"og:locale\" content=\"pl_PL\" \/>\n<meta property=\"og:type\" content=\"article\" \/>\n<meta property=\"og:title\" content=\"Spinsahara Login | Rejestracja i zarz\u0105dzanie kontem\" \/>\n<meta property=\"og:description\" content=\"Zacznij od Spin Sahara login. Nowi u\u017cytkownicy mog\u0105 \u0142atwo si\u0119 zarejestrowa\u0107, a obecni gracze mog\u0105 w ka\u017cdej chwili wr\u00f3ci\u0107, aby zarz\u0105dza\u0107 swoim kontem i skontaktowa\u0107 si\u0119 z obs\u0142ug\u0105 klienta 24\/7.\" \/>\n<meta property=\"og:url\" content=\"https:\/\/spinsaharaonline.org\/pl\/logowanie-i-rejestracja\/\" \/>\n<meta property=\"og:site_name\" content=\"spinsahara\" \/>\n<meta property=\"article:modified_time\" content=\"2025-11-25T10:59:19+00:00\" \/>\n<meta name=\"twitter:card\" content=\"summary_large_image\" \/>\n<meta name=\"twitter:label1\" content=\"Est. reading time\" \/>\n\t<meta name=\"twitter:data1\" content=\"1 minute\" \/>\n<script type=\"application\/ld+json\" class=\"yoast-schema-graph\">{\"@context\":\"https:\\\/\\\/schema.org\",\"@graph\":[{\"@type\":\"WebPage\",\"@id\":\"https:\\\/\\\/spinsaharaonline.org\\\/pl\\\/logowanie-i-rejestracja\\\/\",\"url\":\"https:\\\/\\\/spinsaharaonline.org\\\/pl\\\/logowanie-i-rejestracja\\\/\",\"name\":\"Spinsahara Login | Rejestracja i zarz\u0105dzanie kontem\",\"isPartOf\":{\"@id\":\"https:\\\/\\\/spinsaharaonline.org\\\/pl\\\/#website\"},\"datePublished\":\"2025-11-25T06:05:46+00:00\",\"dateModified\":\"2025-11-25T10:59:19+00:00\",\"description\":\"Zacznij od Spin Sahara login. Nowi u\u017cytkownicy mog\u0105 \u0142atwo si\u0119 zarejestrowa\u0107, a obecni gracze mog\u0105 w ka\u017cdej chwili wr\u00f3ci\u0107, aby zarz\u0105dza\u0107 swoim kontem i skontaktowa\u0107 si\u0119 z obs\u0142ug\u0105 klienta 24\\\/7.\",\"breadcrumb\":{\"@id\":\"https:\\\/\\\/spinsaharaonline.org\\\/pl\\\/logowanie-i-rejestracja\\\/#breadcrumb\"},\"inLanguage\":\"pl-PL\",\"potentialAction\":[{\"@type\":\"ReadAction\",\"target\":[\"https:\\\/\\\/spinsaharaonline.org\\\/pl\\\/logowanie-i-rejestracja\\\/\"]}]},{\"@type\":\"BreadcrumbList\",\"@id\":\"https:\\\/\\\/spinsaharaonline.org\\\/pl\\\/logowanie-i-rejestracja\\\/#breadcrumb\",\"itemListElement\":[{\"@type\":\"ListItem\",\"position\":1,\"name\":\"Spinsahara\",\"item\":\"https:\\\/\\\/spinsaharaonline.org\\\/pl\\\/\"},{\"@type\":\"ListItem\",\"position\":2,\"name\":\"Logowanie i rejestracja\"}]},{\"@type\":\"WebSite\",\"@id\":\"https:\\\/\\\/spinsaharaonline.org\\\/pl\\\/#website\",\"url\":\"https:\\\/\\\/spinsaharaonline.org\\\/pl\\\/\",\"name\":\"Spinsahara\",\"description\":\"\",\"publisher\":{\"@id\":\"https:\\\/\\\/spinsaharaonline.org\\\/pl\\\/#organization\"},\"potentialAction\":[{\"@type\":\"SearchAction\",\"target\":{\"@type\":\"EntryPoint\",\"urlTemplate\":\"https:\\\/\\\/spinsaharaonline.org\\\/pl\\\/?s={search_term_string}\"},\"query-input\":{\"@type\":\"PropertyValueSpecification\",\"valueRequired\":true,\"valueName\":\"search_term_string\"}}],\"inLanguage\":\"pl-PL\"},{\"@type\":\"Organization\",\"@id\":\"https:\\\/\\\/spinsaharaonline.org\\\/pl\\\/#organization\",\"name\":\"Spinsahara\",\"url\":\"https:\\\/\\\/spinsaharaonline.org\\\/pl\\\/\",\"logo\":{\"@type\":\"ImageObject\",\"inLanguage\":\"pl-PL\",\"@id\":\"https:\\\/\\\/spinsaharaonline.org\\\/pl\\\/#\\\/schema\\\/logo\\\/image\\\/\",\"url\":\"https:\\\/\\\/spinsaharaonline.org\\\/wp-content\\\/uploads\\\/2025\\\/11\\\/logo.svg\",\"contentUrl\":\"https:\\\/\\\/spinsaharaonline.org\\\/wp-content\\\/uploads\\\/2025\\\/11\\\/logo.svg\",\"width\":160,\"height\":31,\"caption\":\"Spinsahara\"},\"image\":{\"@id\":\"https:\\\/\\\/spinsaharaonline.org\\\/pl\\\/#\\\/schema\\\/logo\\\/image\\\/\"}}]}<\/script>\n<!-- \/ Yoast SEO plugin. -->","yoast_head_json":{"title":"Spinsahara Login | Rejestracja i zarz\u0105dzanie kontem","description":"Zacznij od Spin Sahara login. Nowi u\u017cytkownicy mog\u0105 \u0142atwo si\u0119 zarejestrowa\u0107, a obecni gracze mog\u0105 w ka\u017cdej chwili wr\u00f3ci\u0107, aby zarz\u0105dza\u0107 swoim kontem i skontaktowa\u0107 si\u0119 z obs\u0142ug\u0105 klienta 24\/7.","robots":{"index":"index","follow":"follow","max-snippet":"max-snippet:-1","max-image-preview":"max-image-preview:large","max-video-preview":"max-video-preview:-1"},"canonical":"https:\/\/spinsaharaonline.org\/pl\/logowanie-i-rejestracja\/","og_locale":"pl_PL","og_type":"article","og_title":"Spinsahara Login | Rejestracja i zarz\u0105dzanie kontem","og_description":"Zacznij od Spin Sahara login. Nowi u\u017cytkownicy mog\u0105 \u0142atwo si\u0119 zarejestrowa\u0107, a obecni gracze mog\u0105 w ka\u017cdej chwili wr\u00f3ci\u0107, aby zarz\u0105dza\u0107 swoim kontem i skontaktowa\u0107 si\u0119 z obs\u0142ug\u0105 klienta 24\/7.","og_url":"https:\/\/spinsaharaonline.org\/pl\/logowanie-i-rejestracja\/","og_site_name":"spinsahara","article_modified_time":"2025-11-25T10:59:19+00:00","twitter_card":"summary_large_image","twitter_misc":{"Est. reading time":"1 minute"},"schema":{"@context":"https:\/\/schema.org","@graph":[{"@type":"WebPage","@id":"https:\/\/spinsaharaonline.org\/pl\/logowanie-i-rejestracja\/","url":"https:\/\/spinsaharaonline.org\/pl\/logowanie-i-rejestracja\/","name":"Spinsahara Login | Rejestracja i zarz\u0105dzanie kontem","isPartOf":{"@id":"https:\/\/spinsaharaonline.org\/pl\/#website"},"datePublished":"2025-11-25T06:05:46+00:00","dateModified":"2025-11-25T10:59:19+00:00","description":"Zacznij od Spin Sahara login. Nowi u\u017cytkownicy mog\u0105 \u0142atwo si\u0119 zarejestrowa\u0107, a obecni gracze mog\u0105 w ka\u017cdej chwili wr\u00f3ci\u0107, aby zarz\u0105dza\u0107 swoim kontem i skontaktowa\u0107 si\u0119 z obs\u0142ug\u0105 klienta 24\/7.","breadcrumb":{"@id":"https:\/\/spinsaharaonline.org\/pl\/logowanie-i-rejestracja\/#breadcrumb"},"inLanguage":"pl-PL","potentialAction":[{"@type":"ReadAction","target":["https:\/\/spinsaharaonline.org\/pl\/logowanie-i-rejestracja\/"]}]},{"@type":"BreadcrumbList","@id":"https:\/\/spinsaharaonline.org\/pl\/logowanie-i-rejestracja\/#breadcrumb","itemListElement":[{"@type":"ListItem","position":1,"name":"Spinsahara","item":"https:\/\/spinsaharaonline.org\/pl\/"},{"@type":"ListItem","position":2,"name":"Logowanie i rejestracja"}]},{"@type":"WebSite","@id":"https:\/\/spinsaharaonline.org\/pl\/#website","url":"https:\/\/spinsaharaonline.org\/pl\/","name":"Spinsahara","description":"","publisher":{"@id":"https:\/\/spinsaharaonline.org\/pl\/#organization"},"potentialAction":[{"@type":"SearchAction","target":{"@type":"EntryPoint","urlTemplate":"https:\/\/spinsaharaonline.org\/pl\/?s={search_term_string}"},"query-input":{"@type":"PropertyValueSpecification","valueRequired":true,"valueName":"search_term_string"}}],"inLanguage":"pl-PL"},{"@type":"Organization","@id":"https:\/\/spinsaharaonline.org\/pl\/#organization","name":"Spinsahara","url":"https:\/\/spinsaharaonline.org\/pl\/","logo":{"@type":"ImageObject","inLanguage":"pl-PL","@id":"https:\/\/spinsaharaonline.org\/pl\/#\/schema\/logo\/image\/","url":"https:\/\/spinsaharaonline.org\/wp-content\/uploads\/2025\/11\/logo.svg","contentUrl":"https:\/\/spinsaharaonline.org\/wp-content\/uploads\/2025\/11\/logo.svg","width":160,"height":31,"caption":"Spinsahara"},"image":{"@id":"https:\/\/spinsaharaonline.org\/pl\/#\/schema\/logo\/image\/"}}]}},"_links":{"self":[{"href":"https:\/\/spinsaharaonline.org\/pl\/wp-json\/wp\/v2\/pages\/1473","targetHints":{"allow":["GET"]}}],"collection":[{"href":"https:\/\/spinsaharaonline.org\/pl\/wp-json\/wp\/v2\/pages"}],"about":[{"href":"https:\/\/spinsaharaonline.org\/pl\/wp-json\/wp\/v2\/types\/page"}],"author":[{"embeddable":true,"href":"https:\/\/spinsaharaonline.org\/pl\/wp-json\/wp\/v2\/users\/1"}],"replies":[{"embeddable":true,"href":"https:\/\/spinsaharaonline.org\/pl\/wp-json\/wp\/v2\/comments?post=1473"}],"version-history":[{"count":2,"href":"https:\/\/spinsaharaonline.org\/pl\/wp-json\/wp\/v2\/pages\/1473\/revisions"}],"predecessor-version":[{"id":1804,"href":"https:\/\/spinsaharaonline.org\/pl\/wp-json\/wp\/v2\/pages\/1473\/revisions\/1804"}],"wp:attachment":[{"href":"https:\/\/spinsaharaonline.org\/pl\/wp-json\/wp\/v2\/media?parent=1473"}],"curies":[{"name":"wp","href":"https:\/\/api.w.org\/{rel}","templated":true}]}}